{"id":718,"date":"2021-12-28T15:13:11","date_gmt":"2021-12-28T14:13:11","guid":{"rendered":"https:\/\/www.univ-mosta.dz\/fst\/?page_id=718"},"modified":"2022-06-19T16:25:13","modified_gmt":"2022-06-19T14:25:13","slug":"membres-du-comite-scientifique-gc","status":"publish","type":"page","link":"https:\/\/www.univ-mosta.dz\/fst\/membres-du-comite-scientifique-gc\/","title":{"rendered":"Membres du Comit\u00e9 Scientifique du d\u00e9partement G\u00e9nie Civil"},"content":{"rendered":"\n<p><strong>1. Pr\u00e9sident du CSD<br \/>&#8211; Mme\/LAREDJ Nadia <br \/>2. Chef de D\u00e9partement<br \/>&#8211; M\/ BOUHALOUFA Ahmed <br \/>3. Repr\u00e9sentants des Professeurs<br \/>&#8211; Mme\/LAREDJ Nadia <br \/>&#8211; M\/KADRI Tahar <br \/>&#8211; M\/MEBROUKI Abdelkader<br \/>4. Repr\u00e9sentants des maitres de conf\u00e9rences<br \/>&#8211; M\/MALIKI Mustapha (Remplace le grade de Professeur, vu l\u2019arr\u00eat\u00e9 du 05 Mai 2004)<br \/>&#8211; M\/SARDOU Miloud<br \/>&#8211; Mme\/ BELBACHIR Nesrine<br \/>5. Repr\u00e9sentants des Maitres Assistants<br \/>&#8211; M\/SAID BEKKOUCHE Mohamed<br \/>&#8211; M\/MOUSSAOUI Salah Eddine<br \/><\/strong><\/p>\n","protected":false},"excerpt":{"rendered":"<p>1. Pr\u00e9sident du CSD&#8211; Mme\/LAREDJ Nadia 2. Chef de D\u00e9partement&#8211; M\/ BOUHALOUFA Ahmed 3. Repr\u00e9sentants des Professeurs&#8211; Mme\/LAREDJ Nadia &#8211; M\/KADRI Tahar &#8211; M\/MEBROUKI Abdelkader4. Repr\u00e9sentants des maitres de conf\u00e9rences&#8211; &hellip;<\/p>\n","protected":false},"author":13,"featured_media":0,"parent":0,"menu_order":0,"comment_status":"closed","ping_status":"closed","template":"","meta":{"_coblocks_attr":"","_coblocks_dimensions":"","_coblocks_responsive_height":"","_coblocks_accordion_ie_support":"","footnotes":""},"class_list":["post-718","page","type-page","status-publish","hentry"],"_links":{"self":[{"href":"https:\/\/www.univ-mosta.dz\/fst\/wp-json\/wp\/v2\/pages\/718","targetHints":{"allow":["GET"]}}],"collection":[{"href":"https:\/\/www.univ-mosta.dz\/fst\/wp-json\/wp\/v2\/pages"}],"about":[{"href":"https:\/\/www.univ-mosta.dz\/fst\/wp-json\/wp\/v2\/types\/page"}],"author":[{"embeddable":true,"href":"https:\/\/www.univ-mosta.dz\/fst\/wp-json\/wp\/v2\/users\/13"}],"replies":[{"embeddable":true,"href":"https:\/\/www.univ-mosta.dz\/fst\/wp-json\/wp\/v2\/comments?post=718"}],"version-history":[{"count":4,"href":"https:\/\/www.univ-mosta.dz\/fst\/wp-json\/wp\/v2\/pages\/718\/revisions"}],"predecessor-version":[{"id":1351,"href":"https:\/\/www.univ-mosta.dz\/fst\/wp-json\/wp\/v2\/pages\/718\/revisions\/1351"}],"wp:attachment":[{"href":"https:\/\/www.univ-mosta.dz\/fst\/wp-json\/wp\/v2\/media?parent=718"}],"curies":[{"name":"wp","href":"https:\/\/api.w.org\/{rel}","templated":true}]}}