{"id":711,"date":"2021-12-28T15:07:55","date_gmt":"2021-12-28T14:07:55","guid":{"rendered":"https:\/\/www.univ-mosta.dz\/fst\/?page_id=711"},"modified":"2022-06-19T16:42:22","modified_gmt":"2022-06-19T14:42:22","slug":"membres-du-comite-scientifique-ge","status":"publish","type":"page","link":"https:\/\/www.univ-mosta.dz\/fst\/membres-du-comite-scientifique-ge\/","title":{"rendered":"Membres du Comit\u00e9 Scientifique du D\u00e9partement G\u00e9nie Electrique"},"content":{"rendered":"\n<ol>\n<li><strong>Pr\u00e9sident du CSD<\/strong><\/li>\n<\/ol>\n<p>&#8211; M\/<strong>BEKKOUCHE Benaissa<\/strong><\/p>\n<ol start=\"2\">\n<li><strong>Chef de D\u00e9partement<\/strong>\n<ul>\n<li>M\/ <strong>HENNI Sid Ahmed <\/strong><\/li>\n<\/ul>\n<\/li>\n<li><strong>Repr\u00e9sentants des Professeurs<\/strong>\n<ul>\n<li>Mme\/<strong>MIMI Malika <\/strong><\/li>\n<li>M\/<strong> MERAH Motefa <\/strong><\/li>\n<li>M\/<strong>BEKKOUCHE Benaissa<\/strong><\/li>\n<li>M\/<strong>BOUKORTT Abdelkader<\/strong><\/li>\n<\/ul>\n<\/li>\n<li><strong>Repr\u00e9sentants des maitres de conf\u00e9rences<\/strong>\n<ul>\n<li>M\/<strong>CHAOUCHE Abdellah<\/strong><\/li>\n<li>M\/<strong>MESKINE SAID <\/strong><\/li>\n<\/ul>\n<\/li>\n<li><strong>Repr\u00e9sentants des Maitres Assistants<\/strong>\n<ul>\n<li>M\/<strong>OMARI Hamza<\/strong><\/li>\n<\/ul>\n<\/li>\n<\/ol>\n","protected":false},"excerpt":{"rendered":"<p>Pr\u00e9sident du CSD &#8211; M\/BEKKOUCHE Benaissa Chef de D\u00e9partement M\/ HENNI Sid Ahmed Repr\u00e9sentants des Professeurs Mme\/MIMI Malika M\/ MERAH Motefa M\/BEKKOUCHE Benaissa M\/BOUKORTT Abdelkader Repr\u00e9sentants des maitres de conf\u00e9rences &hellip;<\/p>\n","protected":false},"author":13,"featured_media":0,"parent":0,"menu_order":0,"comment_status":"closed","ping_status":"closed","template":"","meta":{"_coblocks_attr":"","_coblocks_dimensions":"","_coblocks_responsive_height":"","_coblocks_accordion_ie_support":"","footnotes":""},"class_list":["post-711","page","type-page","status-publish","hentry"],"_links":{"self":[{"href":"https:\/\/www.univ-mosta.dz\/fst\/wp-json\/wp\/v2\/pages\/711","targetHints":{"allow":["GET"]}}],"collection":[{"href":"https:\/\/www.univ-mosta.dz\/fst\/wp-json\/wp\/v2\/pages"}],"about":[{"href":"https:\/\/www.univ-mosta.dz\/fst\/wp-json\/wp\/v2\/types\/page"}],"author":[{"embeddable":true,"href":"https:\/\/www.univ-mosta.dz\/fst\/wp-json\/wp\/v2\/users\/13"}],"replies":[{"embeddable":true,"href":"https:\/\/www.univ-mosta.dz\/fst\/wp-json\/wp\/v2\/comments?post=711"}],"version-history":[{"count":3,"href":"https:\/\/www.univ-mosta.dz\/fst\/wp-json\/wp\/v2\/pages\/711\/revisions"}],"predecessor-version":[{"id":1359,"href":"https:\/\/www.univ-mosta.dz\/fst\/wp-json\/wp\/v2\/pages\/711\/revisions\/1359"}],"wp:attachment":[{"href":"https:\/\/www.univ-mosta.dz\/fst\/wp-json\/wp\/v2\/media?parent=711"}],"curies":[{"name":"wp","href":"https:\/\/api.w.org\/{rel}","templated":true}]}}