{"id":697,"date":"2021-12-28T12:47:29","date_gmt":"2021-12-28T11:47:29","guid":{"rendered":"https:\/\/www.univ-mosta.dz\/fst\/?page_id=697"},"modified":"2022-06-19T16:49:13","modified_gmt":"2022-06-19T14:49:13","slug":"membres-du-comite-scientifique-gm","status":"publish","type":"page","link":"https:\/\/www.univ-mosta.dz\/fst\/membres-du-comite-scientifique-gm\/","title":{"rendered":"Membres du Comit\u00e9 Scientifique du D\u00e9partement G\u00e9nie M\u00e9canique"},"content":{"rendered":"\n<p>1. Pr\u00e9sident du CSD<br \/>&#8211; M\/ ZENASNI Ramdane<br \/>2. Chef de D\u00e9partement<br \/>&#8211; M\/ OULD SAID Belkacem<br \/>3. Repr\u00e9sentants des Professeurs<br \/>&#8211; M\/GUECHICHI Hocine<br \/>&#8211; M\/HOUAT Samir<br \/>&#8211; M\/ZENASNI Ramdane<br \/>&#8211; M\/ RETIEL Noureddine<br \/>4. Repr\u00e9sentants des maitres de conf\u00e9rences<br \/>&#8211; M\/FLITTI Abdemadjid<br \/>&#8211; M\/MEDJAHED Bendida<br \/>5. Repr\u00e9sentants des Maitres Assistants<br \/>&#8211; M\/BENAISSA Mohamed<br \/>&#8211; M\/SAIDANI Djamal Eddine<\/p>\n","protected":false},"excerpt":{"rendered":"<p>1. Pr\u00e9sident du CSD&#8211; M\/ ZENASNI Ramdane2. Chef de D\u00e9partement&#8211; M\/ OULD SAID Belkacem3. Repr\u00e9sentants des Professeurs&#8211; M\/GUECHICHI Hocine&#8211; M\/HOUAT Samir&#8211; M\/ZENASNI Ramdane&#8211; M\/ RETIEL Noureddine4. Repr\u00e9sentants des maitres de &hellip;<\/p>\n","protected":false},"author":13,"featured_media":0,"parent":0,"menu_order":0,"comment_status":"closed","ping_status":"closed","template":"","meta":{"_coblocks_attr":"","_coblocks_dimensions":"","_coblocks_responsive_height":"","_coblocks_accordion_ie_support":"","footnotes":""},"class_list":["post-697","page","type-page","status-publish","hentry"],"_links":{"self":[{"href":"https:\/\/www.univ-mosta.dz\/fst\/wp-json\/wp\/v2\/pages\/697","targetHints":{"allow":["GET"]}}],"collection":[{"href":"https:\/\/www.univ-mosta.dz\/fst\/wp-json\/wp\/v2\/pages"}],"about":[{"href":"https:\/\/www.univ-mosta.dz\/fst\/wp-json\/wp\/v2\/types\/page"}],"author":[{"embeddable":true,"href":"https:\/\/www.univ-mosta.dz\/fst\/wp-json\/wp\/v2\/users\/13"}],"replies":[{"embeddable":true,"href":"https:\/\/www.univ-mosta.dz\/fst\/wp-json\/wp\/v2\/comments?post=697"}],"version-history":[{"count":2,"href":"https:\/\/www.univ-mosta.dz\/fst\/wp-json\/wp\/v2\/pages\/697\/revisions"}],"predecessor-version":[{"id":1360,"href":"https:\/\/www.univ-mosta.dz\/fst\/wp-json\/wp\/v2\/pages\/697\/revisions\/1360"}],"wp:attachment":[{"href":"https:\/\/www.univ-mosta.dz\/fst\/wp-json\/wp\/v2\/media?parent=697"}],"curies":[{"name":"wp","href":"https:\/\/api.w.org\/{rel}","templated":true}]}}