{"id":426,"date":"2021-11-14T13:01:27","date_gmt":"2021-11-14T12:01:27","guid":{"rendered":"https:\/\/www.univ-mosta.dz\/fst\/?page_id=426"},"modified":"2022-10-17T10:38:00","modified_gmt":"2022-10-17T08:38:00","slug":"soutenance-de-these","status":"publish","type":"page","link":"https:\/\/www.univ-mosta.dz\/fst\/soutenance-de-these\/","title":{"rendered":"Soutenance de th\u00e8se"},"content":{"rendered":"\n<div class=\"wp-block-uagb-advanced-heading uagb-block-7de655ce\"><h2 class=\"uagb-heading-text\">Conditions et modalit\u00e9s de soutenance d&rsquo;un Doctorat et d&rsquo;Habilitation<\/h2><div class=\"uagb-separator\"><\/div><p class=\"uagb-desc-text\"><strong>Le dossier complet est d\u00e9pos\u00e9 au niveau du d\u00e9partement concern\u00e9 pour validation par le Comit\u00e9 Scientifique du D\u00e9partement (CSD), et le comit\u00e9 de formation Doctorale ( CFD ) il doit comporter\u00a0:<\/strong><br><strong><em>Deux\u00a0\u00a0exemplaires\u00a0:<\/em><\/strong><br><strong>Demande manuscrite sign\u00e9e par le demandeur<\/strong><br><strong>Publication internationale.<\/strong><br><strong>Rapport de Soutenance\u00a0\u00a0<em>sign\u00e9e<\/em>\u00a0\u00a0par l\u2019encadreur<\/strong><br><strong>Proposition de jury\u00a0\u00a0<em>sign\u00e9e<\/em>\u00a0\u00a0par l\u2019encadreur<\/strong><br><strong>R\u00e9sum\u00e9 en trois langues<\/strong><br><strong>CD du m\u00e9moire<\/strong><br><strong>Une copie du dipl\u00f4me du baccalaur\u00e9at.<\/strong><br><strong>Une copie du dipl\u00f4me de graduation (Ing\u00e9niorat \u2013 Licence &#8211; DES).<\/strong><br><strong>Une copie du dipl\u00f4me de la 1<sup>\u00e8re<\/sup>\u00a0post-graduation (Magister).<\/strong><br><strong>Un (01) extrait de naissance.<\/strong><br><strong><sup><a href=\"http:\/\/www.univ-mosta.dz\/fst\/wp-content\/uploads\/sites\/3\/2022\/09\/fiche_cerist.docx\">Fiche du CERIST<\/a>*<\/sup>\u00a0(Valid\u00e9e par le CSD).<\/strong><br><strong>Attestation de non salari\u00e9 ou autorisation de l\u2019employeur,\u00a0\u00a0Attestation\u00a0de travail pour les enseignants universitaires.<\/strong><br><strong><sup><a href=\"http:\/\/www.univ-mosta.dz\/fst\/wp-content\/uploads\/sites\/3\/2022\/09\/annexe1.docx\">L\u2019annexe 1<\/a>*<\/sup>\u00a0Rapport de Soutenance\u00a0\u00a0<em>sign\u00e9e<\/em>\u00a0\u00a0par l\u2019encadreur<\/strong><br><strong><a href=\"http:\/\/www.univ-mosta.dz\/fst\/wp-content\/uploads\/sites\/3\/2022\/09\/annexe2.docx\">L\u2019annexe\u00a02<\/a><sup>*<\/sup><\/strong><br><strong><sup><a href=\"http:\/\/www.univ-mosta.dz\/fst\/wp-content\/uploads\/sites\/3\/2022\/09\/annexe5.docx\">L\u2019annexe 5<\/a>*<\/sup>\u00a0Formulaire d\u2019expertise.<\/strong><br><strong><a href=\"http:\/\/www.univ-mosta.dz\/fst\/wp-content\/uploads\/sites\/3\/2022\/10\/declarationsur-honneur-933.docx\">D\u00e9claration sur l&rsquo;honneur<\/a>\u00a0(\u00a0\u0627\u0644\u0627\u0644\u062a\u0632\u0627\u0645 \u0628\u0642\u0648\u0627\u0639\u062f \u0627\u0644\u0646\u0632\u0627\u0647\u0629 \u0627\u0644\u0639\u0644\u0645\u064a\u0629 \u0644\u0625\u0646\u062c\u0627\u0632 \u0628\u062d\u062b)<\/strong><br><strong><a href=\"http:\/\/www.univ-mosta.dz\/fst\/wp-content\/uploads\/sites\/3\/2022\/09\/Attestation-de-conformite_these_article_doctorat.docx\">Attestation de conformit\u00e9<\/a><\/strong><br><strong><em>Un seul exemplaire\u00a0:<\/em><\/strong><br><strong>Le m\u00e9moire<\/strong><br><strong>Les attestations d\u2019inscriptions<\/strong><\/p><\/div>\n","protected":false},"excerpt":{"rendered":"<p>Conditions et modalit\u00e9s de soutenance d&rsquo;un Doctorat et d&rsquo;HabilitationLe dossier complet est d\u00e9pos\u00e9 au niveau du d\u00e9partement concern\u00e9 pour validation par le Comit\u00e9 Scientifique du D\u00e9partement (CSD), et le comit\u00e9 &hellip;<\/p>\n","protected":false},"author":1,"featured_media":0,"parent":0,"menu_order":0,"comment_status":"closed","ping_status":"closed","template":"","meta":{"_coblocks_attr":"","_coblocks_dimensions":"","_coblocks_responsive_height":"","_coblocks_accordion_ie_support":"","footnotes":""},"class_list":["post-426","page","type-page","status-publish","hentry"],"_links":{"self":[{"href":"https:\/\/www.univ-mosta.dz\/fst\/wp-json\/wp\/v2\/pages\/426","targetHints":{"allow":["GET"]}}],"collection":[{"href":"https:\/\/www.univ-mosta.dz\/fst\/wp-json\/wp\/v2\/pages"}],"about":[{"href":"https:\/\/www.univ-mosta.dz\/fst\/wp-json\/wp\/v2\/types\/page"}],"author":[{"embeddable":true,"href":"https:\/\/www.univ-mosta.dz\/fst\/wp-json\/wp\/v2\/users\/1"}],"replies":[{"embeddable":true,"href":"https:\/\/www.univ-mosta.dz\/fst\/wp-json\/wp\/v2\/comments?post=426"}],"version-history":[{"count":7,"href":"https:\/\/www.univ-mosta.dz\/fst\/wp-json\/wp\/v2\/pages\/426\/revisions"}],"predecessor-version":[{"id":1646,"href":"https:\/\/www.univ-mosta.dz\/fst\/wp-json\/wp\/v2\/pages\/426\/revisions\/1646"}],"wp:attachment":[{"href":"https:\/\/www.univ-mosta.dz\/fst\/wp-json\/wp\/v2\/media?parent=426"}],"curies":[{"name":"wp","href":"https:\/\/api.w.org\/{rel}","templated":true}]}}