{"id":420,"date":"2021-11-14T12:55:03","date_gmt":"2021-11-14T11:55:03","guid":{"rendered":"https:\/\/www.univ-mosta.dz\/fst\/?page_id=420"},"modified":"2021-12-28T21:25:31","modified_gmt":"2021-12-28T20:25:31","slug":"vice-doyen-pgrh","status":"publish","type":"page","link":"https:\/\/www.univ-mosta.dz\/fst\/vice-doyen-pgrh\/","title":{"rendered":"Vice doyen Pg"},"content":{"rendered":"\n<hr class=\"wp-block-separator has-text-color has-background has-white-background-color has-white-color\" \/>\n\n\n\n<div class=\"wp-block-coblocks-author\"><figure class=\"wp-block-coblocks-author__avatar\"><img decoding=\"async\" class=\"wp-block-coblocks-author__avatar-img\" src=\"http:\/\/www.univ-mosta.dz\/fst\/wp-content\/uploads\/sites\/3\/2021\/12\/sardoumiloud.jpg\" alt=\"Dr SARDOU Miloud\" \/><\/figure><div class=\"wp-block-coblocks-author__content\"><span class=\"wp-block-coblocks-author__name\">Dr SARDOU Miloud<\/span><p class=\"wp-block-coblocks-author__biography\">miloud.sardou@univ-mosta.dz<br \/>Vice Doyen charg\u00e9 de la\u00a0post-graduation, de la recherche scientifique et des relations ext\u00e9rieures <\/p>\n<div class=\"wp-block-button\"><a class=\"wp-block-button__link\" href=\"http:\/\/www.univ-mosta.dz\/fst\/wp-content\/uploads\/sites\/3\/2021\/12\/cv_sardou_miloud.pdf\" target=\"_blank\" rel=\"noreferrer noopener\">curriculum vitae<\/a><\/div>\n<\/div><\/div>\n\n\n\n<div class=\"wp-block-uagb-advanced-heading uagb-block-d80e9065\"><h2 class=\"uagb-heading-text\">R\u00f4les et Missions<\/h2><div class=\"uagb-separator-wrap\"><div class=\"uagb-separator\"><\/div><\/div><p class=\"uagb-desc-text\"><\/p><\/div>\n\n\n\n<p><strong>Le vice-doyen charg\u00e9 de la post-graduation, de la recherche scientifique et des relations ext\u00e9rieures a pour t\u00e2ches :<\/strong><\/p>\n\n\n\n<ul class=\"wp-block-list\"><li>de suivre le d\u00e9roulement des concours d\u2019acc\u00e8s \u00e0 la post-graduation ;<\/li><li>de prendre ou proposer les mesures n\u00e9cessaires pour assurer le fonctionnement des formations de&nbsp;post-graduation ;<\/li><li>de veiller au d\u00e9roulement des soutenances de m\u00e9moires et th\u00e8ses de post-graduation ;<\/li><li>de suivre le d\u00e9roulement des activit\u00e9s de recherche scientifique ;<\/li><li>d\u2019initier des actions de partenariat avec les secteurs socio-\u00e9conomiques ;<\/li><li>d\u2019initier des actions en vue de dynamiser et de renforcer la coop\u00e9ration interuniversitaire nationale et internationale;<\/li><li>de mettre en \u0153uvre les programmes de perfectionnement et de recyclage des enseignants ;<\/li><li>de suivre le fonctionnement du conseil scientifique de la facult\u00e9 et conserver ses archives.<\/li><\/ul>\n\n\n\n<p><em><strong>Le vice-doyen charg\u00e9 de la post-graduation, de la recherche scientifique et des relations ex<\/strong><strong>t\u00e9rieures est&nbsp;<\/strong><\/em><strong><em>assist\u00e9 par<\/em>&nbsp;<\/strong>:<\/p>\n\n\n\n<ul class=\"wp-block-list\"><li>le chef de service du suivi de la formation de post-graduation<\/li><li>le chef de service du suivi des activit\u00e9s de recherche ;<\/li><li>le chef de service de la coop\u00e9ration et des relations ext\u00e9rieures.<\/li><\/ul>\n\n\n\n<p><\/p>\n","protected":false},"excerpt":{"rendered":"<p>Dr SARDOU Miloudmiloud.sardou@univ-mosta.dzVice Doyen charg\u00e9 de la\u00a0post-graduation, de la recherche scientifique et des relations ext\u00e9rieures curriculum vitae R\u00f4les et Missions Le vice-doyen charg\u00e9 de la post-graduation, de la recherche scientifique &hellip;<\/p>\n","protected":false},"author":1,"featured_media":0,"parent":0,"menu_order":0,"comment_status":"closed","ping_status":"closed","template":"","meta":{"_coblocks_attr":"","_coblocks_dimensions":"","_coblocks_responsive_height":"","_coblocks_accordion_ie_support":"","footnotes":""},"class_list":["post-420","page","type-page","status-publish","hentry"],"_links":{"self":[{"href":"https:\/\/www.univ-mosta.dz\/fst\/wp-json\/wp\/v2\/pages\/420","targetHints":{"allow":["GET"]}}],"collection":[{"href":"https:\/\/www.univ-mosta.dz\/fst\/wp-json\/wp\/v2\/pages"}],"about":[{"href":"https:\/\/www.univ-mosta.dz\/fst\/wp-json\/wp\/v2\/types\/page"}],"author":[{"embeddable":true,"href":"https:\/\/www.univ-mosta.dz\/fst\/wp-json\/wp\/v2\/users\/1"}],"replies":[{"embeddable":true,"href":"https:\/\/www.univ-mosta.dz\/fst\/wp-json\/wp\/v2\/comments?post=420"}],"version-history":[{"count":8,"href":"https:\/\/www.univ-mosta.dz\/fst\/wp-json\/wp\/v2\/pages\/420\/revisions"}],"predecessor-version":[{"id":756,"href":"https:\/\/www.univ-mosta.dz\/fst\/wp-json\/wp\/v2\/pages\/420\/revisions\/756"}],"wp:attachment":[{"href":"https:\/\/www.univ-mosta.dz\/fst\/wp-json\/wp\/v2\/media?parent=420"}],"curies":[{"name":"wp","href":"https:\/\/api.w.org\/{rel}","templated":true}]}}