{"id":415,"date":"2021-11-14T12:49:28","date_gmt":"2021-11-14T11:49:28","guid":{"rendered":"https:\/\/www.univ-mosta.dz\/fst\/?page_id=415"},"modified":"2022-11-13T19:58:15","modified_gmt":"2022-11-13T18:58:15","slug":"vice-doyen-de-la-pedagogie","status":"publish","type":"page","link":"https:\/\/www.univ-mosta.dz\/fst\/vice-doyen-de-la-pedagogie\/","title":{"rendered":"Vice-Doyen de la p\u00e9dagogie"},"content":{"rendered":"\n<div class=\"wp-block-coblocks-author\"><figure class=\"wp-block-coblocks-author__avatar\">&lt;img alt=&quot;Dr ROUBAI CHORFI Nabil<br \/><\/figure><div class=\"wp-block-coblocks-author__content\"><span class=\"wp-block-coblocks-author__name\">Dr ROUBAI CHORFI Nabil<br>vdp.fst@univ-mosta.dz<\/span><p class=\"wp-block-coblocks-author__biography\">Vice Doyen\u00a0charg\u00e9 des \u00e9tudes et des questions li\u00e9es aux \u00e9tudiants<\/p>\n<div class=\"wp-block-button is-style-3d\"><a class=\"wp-block-button__link\" href=\"http:\/\/www.univ-mosta.dz\/fst\/wp-content\/uploads\/sites\/3\/2021\/11\/cv_robai_chorfinabil.pdf\">curriculum vit\u00e6<\/a><\/div>\n<\/div><\/div>\n\n\n\n<hr class=\"wp-block-separator has-text-color has-white-color has-css-opacity has-white-background-color has-background\" \/>\n\n\n\n<div class=\"wp-block-uagb-advanced-heading uagb-block-a62e281a\"><h2 class=\"uagb-heading-text\">R\u00f4les et Missions<\/h2><div class=\"uagb-separator\"><\/div><\/div>\n\n\n\n<p><strong>Le vice-doyen charg\u00e9 des \u00e9tudes et des questions li\u00e9es aux \u00e9tudiants a pour t\u00e2ches :<\/strong><\/p>\n\n\n\n<ul class=\"wp-block-list\"><li>D\u2019assurer la gestion et le suivi des inscriptions des \u00e9tudiants en graduation;<\/li><li>De suivre le d\u00e9roulement des activit\u00e9s d\u2019enseignement et de prendre ou proposer au doyen toute mesure en vue de leur am\u00e9lioration;<\/li><li>De tenir le fichier nominatif et statistique des \u00e9tudiants; de recueillir, traiter et diffuser l\u2019information p\u00e9dagogique au profit des \u00e9tudiants.<\/li><\/ul>\n\n\n\n<p><strong>Le vice-doyen charg\u00e9 des \u00e9tudes et des&nbsp;questions li\u00e9es&nbsp;aux \u00e9tudiants est assist\u00e9 par<\/strong>&nbsp;:<\/p>\n\n\n\n<ul class=\"wp-block-list\"><li>Le chef de service de la scolarit\u00e9,<\/li><li>Le chef de service des enseignements et de&nbsp;l\u2019\u00e9valuation&nbsp;<strong>&nbsp;<\/strong><\/li><li>Le chef de service des statistiques, de l\u2019information et&nbsp;de l\u2019orientation.<strong>&nbsp;<\/strong><\/li><\/ul>\n","protected":false},"excerpt":{"rendered":"<p>&lt;img alt=&quot;Dr ROUBAI CHORFI NabilDr ROUBAI CHORFI Nabilvdp.fst@univ-mosta.dzVice Doyen\u00a0charg\u00e9 des \u00e9tudes et des questions li\u00e9es aux \u00e9tudiants curriculum vit\u00e6 R\u00f4les et Missions Le vice-doyen charg\u00e9 des \u00e9tudes et des questions &hellip;<\/p>\n","protected":false},"author":1,"featured_media":0,"parent":0,"menu_order":0,"comment_status":"closed","ping_status":"closed","template":"","meta":{"_coblocks_attr":"","_coblocks_dimensions":"","_coblocks_responsive_height":"","_coblocks_accordion_ie_support":"","footnotes":""},"class_list":["post-415","page","type-page","status-publish","hentry"],"_links":{"self":[{"href":"https:\/\/www.univ-mosta.dz\/fst\/wp-json\/wp\/v2\/pages\/415","targetHints":{"allow":["GET"]}}],"collection":[{"href":"https:\/\/www.univ-mosta.dz\/fst\/wp-json\/wp\/v2\/pages"}],"about":[{"href":"https:\/\/www.univ-mosta.dz\/fst\/wp-json\/wp\/v2\/types\/page"}],"author":[{"embeddable":true,"href":"https:\/\/www.univ-mosta.dz\/fst\/wp-json\/wp\/v2\/users\/1"}],"replies":[{"embeddable":true,"href":"https:\/\/www.univ-mosta.dz\/fst\/wp-json\/wp\/v2\/comments?post=415"}],"version-history":[{"count":6,"href":"https:\/\/www.univ-mosta.dz\/fst\/wp-json\/wp\/v2\/pages\/415\/revisions"}],"predecessor-version":[{"id":1711,"href":"https:\/\/www.univ-mosta.dz\/fst\/wp-json\/wp\/v2\/pages\/415\/revisions\/1711"}],"wp:attachment":[{"href":"https:\/\/www.univ-mosta.dz\/fst\/wp-json\/wp\/v2\/media?parent=415"}],"curies":[{"name":"wp","href":"https:\/\/api.w.org\/{rel}","templated":true}]}}