{"id":390,"date":"2021-11-14T12:07:08","date_gmt":"2021-11-14T11:07:08","guid":{"rendered":"https:\/\/www.univ-mosta.dz\/fst\/?page_id=390"},"modified":"2022-06-19T16:40:33","modified_gmt":"2022-06-19T14:40:33","slug":"membres-du-comite-scientifique-dtst","status":"publish","type":"page","link":"https:\/\/www.univ-mosta.dz\/fst\/membres-du-comite-scientifique-dtst\/","title":{"rendered":"Membres du Comit\u00e9 Scientifique du D\u00e9partement G\u00e9nie des proc\u00e9d\u00e9s"},"content":{"rendered":"\n<ol>\n<li><strong>Pr\u00e9sident du CSD<\/strong><\/li>\n<\/ol>\n<p>&#8211; Mr\/<strong> CHOUAIH\u00a0 Abdelkader<\/strong><\/p>\n<ol start=\"4\">\n<li><strong>Chef de D\u00e9partement<\/strong>\n<ul>\n<li>M\/ <strong>HAMOUDI Habib<\/strong><\/li>\n<\/ul>\n<\/li>\n<li><strong>Repr\u00e9sentants des Professeurs<\/strong>\n<ul>\n<li>M\/<strong>ABSAR Belkacem<\/strong><\/li>\n<li>M\/<strong>CHOUAIH Abdelkader<\/strong><\/li>\n<li>M\/<strong>BENDERDOUCHE Noureddine<\/strong><\/li>\n<li>M\/ <strong>GHELAMALLAH Madani<\/strong><\/li>\n<\/ul>\n<\/li>\n<li><strong>Repr\u00e9sentants des maitres de conf\u00e9rences<\/strong>\n<ul>\n<li>Mme \/<strong>BENALIOUA Bahia <\/strong><\/li>\n<li>Mme\/<strong>MEKIBES Zohra<\/strong><\/li>\n<\/ul>\n<\/li>\n<li><strong>Repr\u00e9sentants des Maitres Assistants<\/strong>\n<ul>\n<li>Mme\/<strong>FARES Zineb <\/strong><\/li>\n<li>Mme\/<strong>KHELLADI Malika<\/strong><\/li>\n<\/ul>\n<\/li>\n<\/ol>\n","protected":false},"excerpt":{"rendered":"<p>Pr\u00e9sident du CSD &#8211; Mr\/ CHOUAIH\u00a0 Abdelkader Chef de D\u00e9partement M\/ HAMOUDI Habib Repr\u00e9sentants des Professeurs M\/ABSAR Belkacem M\/CHOUAIH Abdelkader M\/BENDERDOUCHE Noureddine M\/ GHELAMALLAH Madani Repr\u00e9sentants des maitres de conf\u00e9rences &hellip;<\/p>\n","protected":false},"author":1,"featured_media":0,"parent":0,"menu_order":0,"comment_status":"closed","ping_status":"closed","template":"","meta":{"_coblocks_attr":"","_coblocks_dimensions":"","_coblocks_responsive_height":"","_coblocks_accordion_ie_support":"","footnotes":""},"class_list":["post-390","page","type-page","status-publish","hentry"],"_links":{"self":[{"href":"https:\/\/www.univ-mosta.dz\/fst\/wp-json\/wp\/v2\/pages\/390","targetHints":{"allow":["GET"]}}],"collection":[{"href":"https:\/\/www.univ-mosta.dz\/fst\/wp-json\/wp\/v2\/pages"}],"about":[{"href":"https:\/\/www.univ-mosta.dz\/fst\/wp-json\/wp\/v2\/types\/page"}],"author":[{"embeddable":true,"href":"https:\/\/www.univ-mosta.dz\/fst\/wp-json\/wp\/v2\/users\/1"}],"replies":[{"embeddable":true,"href":"https:\/\/www.univ-mosta.dz\/fst\/wp-json\/wp\/v2\/comments?post=390"}],"version-history":[{"count":4,"href":"https:\/\/www.univ-mosta.dz\/fst\/wp-json\/wp\/v2\/pages\/390\/revisions"}],"predecessor-version":[{"id":1357,"href":"https:\/\/www.univ-mosta.dz\/fst\/wp-json\/wp\/v2\/pages\/390\/revisions\/1357"}],"wp:attachment":[{"href":"https:\/\/www.univ-mosta.dz\/fst\/wp-json\/wp\/v2\/media?parent=390"}],"curies":[{"name":"wp","href":"https:\/\/api.w.org\/{rel}","templated":true}]}}