{"id":384,"date":"2021-11-14T12:03:46","date_gmt":"2021-11-14T11:03:46","guid":{"rendered":"https:\/\/www.univ-mosta.dz\/fst\/?page_id=384"},"modified":"2022-05-18T04:54:58","modified_gmt":"2022-05-18T02:54:58","slug":"chef-de-departement-dtst","status":"publish","type":"page","link":"https:\/\/www.univ-mosta.dz\/fst\/chef-de-departement-dtst\/","title":{"rendered":"Chef de d\u00e9partement ST"},"content":{"rendered":"\n<div class=\"wp-block-coblocks-author\"><figure class=\"wp-block-coblocks-author__avatar\"><img decoding=\"async\" alt=\"M. KERAOUTI RABEH\" class=\"wp-block-coblocks-author__avatar-img\" src=\"http:\/\/www.univ-mosta.dz\/fst\/wp-content\/uploads\/sites\/3\/2021\/12\/logo_Organizingispaconf.jpg\" \/><\/figure><div class=\"wp-block-coblocks-author__content\"><span class=\"wp-block-coblocks-author__name\">M. KERAOUTI RABEH<\/span><p class=\"wp-block-coblocks-author__biography\">R\u00e9sponsable Tronc Commun Sciences et Technologie<br \/>Email :<\/p>\n<div class=\"wp-block-button\"><a class=\"wp-block-button__link\">curriculum vit\u00e6<\/a><\/div>\n<\/div><\/div>\n\n\n\n<hr class=\"wp-block-separator has-text-color has-background has-white-background-color has-white-color\" \/>\n\n\n\n<div class=\"wp-block-uagb-advanced-heading uagb-block-88729b5d\"><h2 class=\"uagb-heading-text\">Textes R\u00e9glementaires<\/h2><div class=\"uagb-separator-wrap\"><div class=\"uagb-separator\"><\/div><\/div><p class=\"uagb-desc-text\"><\/p><\/div>\n\n\n\n<p><strong>D\u00e9cret ex\u00e9cutif n\u00b0 03-279 du 24 Joumada Ethania 1424 correspondant au 23 ao\u00fbt 2003 fixant les missions et les r\u00e8gles particuli\u00e8res d\u2019organisation et de fonctionnement de l\u2019universit\u00e9.<\/strong><\/p>\n\n\n\n<p><strong>Article 56 :<\/strong><\/p>\n\n\n\n<p>Le chef de d\u00e9partement est responsable du fonctionnement p\u00e9dagogique et administratif du d\u00e9partement et il exerce l\u2019autorit\u00e9 hi\u00e9rarchique sur le personnel plac\u00e9 sous sa responsabilit\u00e9.<\/p>\n\n\n\n<p>Il est assist\u00e9 de chefs de d\u00e9partements adjoints, de chefs de services et, le cas \u00e9ch\u00e9ant, de chefs de laboratoires.<\/p>\n\n\n\n<p>Le chef de d\u00e9partements est nomm\u00e9, pour une p\u00e9riode de trois ans, parmi les enseignants permanents justifiant du grade le plus \u00e9lev\u00e9 , par arr\u00eat\u00e9 du ministre charg\u00e9 de l&rsquo;enseignement sup\u00e9rieur et de recherche scientifique sur proposition du doyen et apr\u00e8s avis du recteur.<\/p>\n","protected":false},"excerpt":{"rendered":"<p>M. KERAOUTI RABEHR\u00e9sponsable Tronc Commun Sciences et TechnologieEmail : curriculum vit\u00e6 Textes R\u00e9glementaires D\u00e9cret ex\u00e9cutif n\u00b0 03-279 du 24 Joumada Ethania 1424 correspondant au 23 ao\u00fbt 2003 fixant les missions &hellip;<\/p>\n","protected":false},"author":1,"featured_media":0,"parent":0,"menu_order":0,"comment_status":"closed","ping_status":"closed","template":"","meta":{"_coblocks_attr":"","_coblocks_dimensions":"","_coblocks_responsive_height":"","_coblocks_accordion_ie_support":"","footnotes":""},"class_list":["post-384","page","type-page","status-publish","hentry"],"_links":{"self":[{"href":"https:\/\/www.univ-mosta.dz\/fst\/wp-json\/wp\/v2\/pages\/384","targetHints":{"allow":["GET"]}}],"collection":[{"href":"https:\/\/www.univ-mosta.dz\/fst\/wp-json\/wp\/v2\/pages"}],"about":[{"href":"https:\/\/www.univ-mosta.dz\/fst\/wp-json\/wp\/v2\/types\/page"}],"author":[{"embeddable":true,"href":"https:\/\/www.univ-mosta.dz\/fst\/wp-json\/wp\/v2\/users\/1"}],"replies":[{"embeddable":true,"href":"https:\/\/www.univ-mosta.dz\/fst\/wp-json\/wp\/v2\/comments?post=384"}],"version-history":[{"count":18,"href":"https:\/\/www.univ-mosta.dz\/fst\/wp-json\/wp\/v2\/pages\/384\/revisions"}],"predecessor-version":[{"id":1251,"href":"https:\/\/www.univ-mosta.dz\/fst\/wp-json\/wp\/v2\/pages\/384\/revisions\/1251"}],"wp:attachment":[{"href":"https:\/\/www.univ-mosta.dz\/fst\/wp-json\/wp\/v2\/media?parent=384"}],"curies":[{"name":"wp","href":"https:\/\/api.w.org\/{rel}","templated":true}]}}