{"id":377,"date":"2021-11-14T11:34:29","date_gmt":"2021-11-14T10:34:29","guid":{"rendered":"https:\/\/www.univ-mosta.dz\/fst\/?page_id=377"},"modified":"2021-11-16T14:32:01","modified_gmt":"2021-11-16T13:32:01","slug":"annuaire-des-enseignants-dtst","status":"publish","type":"page","link":"https:\/\/www.univ-mosta.dz\/fst\/annuaire-des-enseignants-dtst\/","title":{"rendered":"Annuaire des enseignants"},"content":{"rendered":"\n<div class=\"wp-block-columns is-layout-flex wp-container-core-columns-is-layout-9d6595d7 wp-block-columns-is-layout-flex\">\n<div class=\"wp-block-column is-layout-flow wp-block-column-is-layout-flow\">\n<div class=\"wp-block-coblocks-author\"><figure class=\"wp-block-coblocks-author__avatar\"><img decoding=\"async\" class=\"wp-block-coblocks-author__avatar-img\" src=\"http:\/\/www.univ-mosta.dz\/fst\/wp-content\/uploads\/sites\/3\/2021\/11\/profil.png\" alt=\"Enseignant 1\"\/><\/figure><div class=\"wp-block-coblocks-author__content\"><span class=\"wp-block-coblocks-author__name\">Enseignant 1<\/span><p class=\"wp-block-coblocks-author__biography\">Email : <\/p>\n<div class=\"wp-block-button\"><a class=\"wp-block-button__link\">Curriculum vit\u00e6<\/a><\/div>\n<\/div><\/div>\n<\/div>\n\n\n\n<div class=\"wp-block-column is-layout-flow wp-block-column-is-layout-flow\">\n<div class=\"wp-block-coblocks-author\"><figure class=\"wp-block-coblocks-author__avatar\"><img decoding=\"async\" class=\"wp-block-coblocks-author__avatar-img\" src=\"http:\/\/www.univ-mosta.dz\/fst\/wp-content\/uploads\/sites\/3\/2021\/11\/profil.png\" alt=\"Enseignant 2\"\/><\/figure><div class=\"wp-block-coblocks-author__content\"><span class=\"wp-block-coblocks-author__name\">Enseignant 2<\/span><p class=\"wp-block-coblocks-author__biography\">Email : <\/p>\n<div class=\"wp-block-button\"><a class=\"wp-block-button__link\"><meta http-equiv=\"content-type\" content=\"text\/html; charset=utf-8\">Curriculum vit\u00e6<\/a><\/div>\n<\/div><\/div>\n<\/div>\n<\/div>\n\n\n\n<div class=\"wp-block-columns is-layout-flex wp-container-core-columns-is-layout-9d6595d7 wp-block-columns-is-layout-flex\">\n<div class=\"wp-block-column is-layout-flow wp-block-column-is-layout-flow\">\n<div class=\"wp-block-coblocks-author\"><figure class=\"wp-block-coblocks-author__avatar\"><img decoding=\"async\" class=\"wp-block-coblocks-author__avatar-img\" src=\"http:\/\/www.univ-mosta.dz\/fst\/wp-content\/uploads\/sites\/3\/2021\/11\/profil.png\" alt=\"Enseignant 3\"\/><\/figure><div class=\"wp-block-coblocks-author__content\"><span class=\"wp-block-coblocks-author__name\">Enseignant 3<\/span><p class=\"wp-block-coblocks-author__biography\">Email : <\/p>\n<div class=\"wp-block-button\"><a class=\"wp-block-button__link\">Curriculum vit\u00e6<\/a><\/div>\n<\/div><\/div>\n<\/div>\n\n\n\n<div class=\"wp-block-column is-layout-flow wp-block-column-is-layout-flow\">\n<div class=\"wp-block-coblocks-author\"><figure class=\"wp-block-coblocks-author__avatar\"><img decoding=\"async\" class=\"wp-block-coblocks-author__avatar-img\" src=\"http:\/\/www.univ-mosta.dz\/fst\/wp-content\/uploads\/sites\/3\/2021\/11\/profil.png\" alt=\"Enseignant 4\"\/><\/figure><div class=\"wp-block-coblocks-author__content\"><span class=\"wp-block-coblocks-author__name\">Enseignant 4<\/span><p class=\"wp-block-coblocks-author__biography\">Email : <\/p>\n<div class=\"wp-block-button\"><a class=\"wp-block-button__link\"><meta http-equiv=\"content-type\" content=\"text\/html; charset=utf-8\">Curriculum vit\u00e6<\/a><\/div>\n<\/div><\/div>\n<\/div>\n<\/div>\n\n\n\n<div class=\"wp-block-columns is-layout-flex wp-container-core-columns-is-layout-9d6595d7 wp-block-columns-is-layout-flex\">\n<div class=\"wp-block-column is-layout-flow wp-block-column-is-layout-flow\">\n<div class=\"wp-block-coblocks-author\"><figure class=\"wp-block-coblocks-author__avatar\"><img decoding=\"async\" class=\"wp-block-coblocks-author__avatar-img\" src=\"http:\/\/www.univ-mosta.dz\/fst\/wp-content\/uploads\/sites\/3\/2021\/11\/profil.png\" alt=\"Enseignant 5\"\/><\/figure><div class=\"wp-block-coblocks-author__content\"><span class=\"wp-block-coblocks-author__name\">Enseignant 5<\/span><p class=\"wp-block-coblocks-author__biography\">Email : <\/p>\n<div class=\"wp-block-button\"><a class=\"wp-block-button__link\">Curriculum vit\u00e6<\/a><\/div>\n<\/div><\/div>\n<\/div>\n\n\n\n<div class=\"wp-block-column is-layout-flow wp-block-column-is-layout-flow\">\n<div class=\"wp-block-coblocks-author\"><figure class=\"wp-block-coblocks-author__avatar\"><img decoding=\"async\" class=\"wp-block-coblocks-author__avatar-img\" src=\"http:\/\/www.univ-mosta.dz\/fst\/wp-content\/uploads\/sites\/3\/2021\/11\/profil.png\" alt=\"Enseignant 6\"\/><\/figure><div class=\"wp-block-coblocks-author__content\"><span class=\"wp-block-coblocks-author__name\">Enseignant 6<\/span><p class=\"wp-block-coblocks-author__biography\">Email : <\/p>\n<div class=\"wp-block-button\"><a class=\"wp-block-button__link\"><meta http-equiv=\"content-type\" content=\"text\/html; charset=utf-8\">Curriculum vit\u00e6<\/a><\/div>\n<\/div><\/div>\n<\/div>\n<\/div>\n\n\n\n<div class=\"wp-block-columns is-layout-flex wp-container-core-columns-is-layout-9d6595d7 wp-block-columns-is-layout-flex\">\n<div class=\"wp-block-column is-layout-flow wp-block-column-is-layout-flow\">\n<div class=\"wp-block-coblocks-author\"><figure class=\"wp-block-coblocks-author__avatar\"><img decoding=\"async\" class=\"wp-block-coblocks-author__avatar-img\" src=\"http:\/\/www.univ-mosta.dz\/fst\/wp-content\/uploads\/sites\/3\/2021\/11\/profil.png\" alt=\"Enseignant 7\"\/><\/figure><div class=\"wp-block-coblocks-author__content\"><span class=\"wp-block-coblocks-author__name\">Enseignant 7<\/span><p class=\"wp-block-coblocks-author__biography\">Email : <\/p>\n<div class=\"wp-block-button\"><a class=\"wp-block-button__link\">Curriculum vit\u00e6<\/a><\/div>\n<\/div><\/div>\n<\/div>\n\n\n\n<div class=\"wp-block-column is-layout-flow wp-block-column-is-layout-flow\">\n<div class=\"wp-block-coblocks-author\"><figure class=\"wp-block-coblocks-author__avatar\"><img decoding=\"async\" class=\"wp-block-coblocks-author__avatar-img\" src=\"http:\/\/www.univ-mosta.dz\/fst\/wp-content\/uploads\/sites\/3\/2021\/11\/profil.png\" alt=\"Enseignant 8\"\/><\/figure><div class=\"wp-block-coblocks-author__content\"><span class=\"wp-block-coblocks-author__name\">Enseignant 8<\/span><p class=\"wp-block-coblocks-author__biography\">Email : <\/p>\n<div class=\"wp-block-button\"><a class=\"wp-block-button__link\"><meta http-equiv=\"content-type\" content=\"text\/html; charset=utf-8\">Curriculum vit\u00e6<\/a><\/div>\n<\/div><\/div>\n<\/div>\n<\/div>\n\n\n\n<div class=\"wp-block-columns is-layout-flex wp-container-core-columns-is-layout-9d6595d7 wp-block-columns-is-layout-flex\">\n<div class=\"wp-block-column is-layout-flow wp-block-column-is-layout-flow\">\n<div class=\"wp-block-coblocks-author\"><figure class=\"wp-block-coblocks-author__avatar\"><img decoding=\"async\" class=\"wp-block-coblocks-author__avatar-img\" src=\"http:\/\/www.univ-mosta.dz\/fst\/wp-content\/uploads\/sites\/3\/2021\/11\/profil.png\" alt=\"Enseignant 9\"\/><\/figure><div class=\"wp-block-coblocks-author__content\"><span class=\"wp-block-coblocks-author__name\">Enseignant 9<\/span><p class=\"wp-block-coblocks-author__biography\">Email : <\/p>\n<div class=\"wp-block-button\"><a class=\"wp-block-button__link\">Curriculum vit\u00e6<\/a><\/div>\n<\/div><\/div>\n<\/div>\n\n\n\n<div class=\"wp-block-column is-layout-flow wp-block-column-is-layout-flow\">\n<div class=\"wp-block-coblocks-author\"><figure class=\"wp-block-coblocks-author__avatar\"><img decoding=\"async\" class=\"wp-block-coblocks-author__avatar-img\" src=\"http:\/\/www.univ-mosta.dz\/fst\/wp-content\/uploads\/sites\/3\/2021\/11\/profil.png\" alt=\"Enseignant 10\"\/><\/figure><div class=\"wp-block-coblocks-author__content\"><span class=\"wp-block-coblocks-author__name\">Enseignant 10<\/span><p class=\"wp-block-coblocks-author__biography\">Email : <\/p>\n<div class=\"wp-block-button\"><a class=\"wp-block-button__link\"><meta http-equiv=\"content-type\" content=\"text\/html; charset=utf-8\">Curriculum vit\u00e6<\/a><\/div>\n<\/div><\/div>\n<\/div>\n<\/div>\n\n\n\n<div class=\"wp-block-columns is-layout-flex wp-container-core-columns-is-layout-9d6595d7 wp-block-columns-is-layout-flex\"><\/div>\n\n\n\n<div class=\"wp-block-columns is-layout-flex wp-container-core-columns-is-layout-9d6595d7 wp-block-columns-is-layout-flex\">\n<div class=\"wp-block-column is-layout-flow wp-block-column-is-layout-flow\"><\/div>\n\n\n\n<div class=\"wp-block-column is-layout-flow wp-block-column-is-layout-flow\"><\/div>\n<\/div>\n","protected":false},"excerpt":{"rendered":"<p>Enseignant 1Email : Curriculum vit\u00e6 Enseignant 2Email : Curriculum vit\u00e6 Enseignant 3Email : Curriculum vit\u00e6 Enseignant 4Email : Curriculum vit\u00e6 Enseignant 5Email : Curriculum vit\u00e6 Enseignant 6Email : Curriculum vit\u00e6 &hellip;<\/p>\n","protected":false},"author":1,"featured_media":0,"parent":0,"menu_order":0,"comment_status":"closed","ping_status":"closed","template":"","meta":{"_coblocks_attr":"","_coblocks_dimensions":"","_coblocks_responsive_height":"","_coblocks_accordion_ie_support":"","footnotes":""},"class_list":["post-377","page","type-page","status-publish","hentry"],"_links":{"self":[{"href":"https:\/\/www.univ-mosta.dz\/fst\/wp-json\/wp\/v2\/pages\/377","targetHints":{"allow":["GET"]}}],"collection":[{"href":"https:\/\/www.univ-mosta.dz\/fst\/wp-json\/wp\/v2\/pages"}],"about":[{"href":"https:\/\/www.univ-mosta.dz\/fst\/wp-json\/wp\/v2\/types\/page"}],"author":[{"embeddable":true,"href":"https:\/\/www.univ-mosta.dz\/fst\/wp-json\/wp\/v2\/users\/1"}],"replies":[{"embeddable":true,"href":"https:\/\/www.univ-mosta.dz\/fst\/wp-json\/wp\/v2\/comments?post=377"}],"version-history":[{"count":5,"href":"https:\/\/www.univ-mosta.dz\/fst\/wp-json\/wp\/v2\/pages\/377\/revisions"}],"predecessor-version":[{"id":468,"href":"https:\/\/www.univ-mosta.dz\/fst\/wp-json\/wp\/v2\/pages\/377\/revisions\/468"}],"wp:attachment":[{"href":"https:\/\/www.univ-mosta.dz\/fst\/wp-json\/wp\/v2\/media?parent=377"}],"curies":[{"name":"wp","href":"https:\/\/api.w.org\/{rel}","templated":true}]}}