{"id":259,"date":"2021-10-26T16:24:29","date_gmt":"2021-10-26T14:24:29","guid":{"rendered":"https:\/\/www.univ-mosta.dz\/fst\/?page_id=259"},"modified":"2024-07-11T22:41:22","modified_gmt":"2024-07-11T20:41:22","slug":"offre-de-formation-2","status":"publish","type":"page","link":"https:\/\/www.univ-mosta.dz\/fst\/offre-de-formation-2\/","title":{"rendered":"Offres de formation"},"content":{"rendered":"\n<div class=\"wp-block-coblocks-accordion\">\n<div class=\"wp-block-coblocks-accordion-item\"><details><summary class=\"wp-block-coblocks-accordion-item__title has-background has-pale-pink-background-color\">D\u00e9partement G\u00e9nie des proc\u00e9d\u00e9s<\/summary><div class=\"wp-block-coblocks-accordion-item__content\" style=\"border-color:#f78da7\">\n<p><\/p>\n\n\n\n<div class=\"wp-block-coblocks-accordion\">\n<div class=\"wp-block-coblocks-accordion-item\"><details><summary class=\"wp-block-coblocks-accordion-item__title has-background has-cyan-bluish-gray-background-color\">Licence<\/summary><div class=\"wp-block-coblocks-accordion-item__content\" style=\"border-color:#abb8c3\">\n<p>G\u00e9nie des Proc\u00e9d\u00e9s<\/p>\n\n\n\n<p>Industries p\u00e9trochimiques<\/p>\n<\/div><\/details><\/div>\n\n\n\n<div class=\"wp-block-coblocks-accordion-item\"><details><summary class=\"wp-block-coblocks-accordion-item__title has-background has-cyan-bluish-gray-background-color\">Master<\/summary><div class=\"wp-block-coblocks-accordion-item__content\" style=\"border-color:#abb8c3\">\n<p>G\u00e9nie Chimique<\/p>\n\n\n\n<p>G\u00e9nie des Proc\u00e9d\u00e9s de l&rsquo;Environnement<\/p>\n\n\n\n<p>G\u00e9nie des Proc\u00e9d\u00e9s des Materiaux<\/p>\n\n\n\n<p>G\u00e9nie P\u00e9trochimique<\/p>\n<\/div><\/details><\/div>\n\n\n\n<div class=\"wp-block-coblocks-accordion-item\"><details><summary class=\"wp-block-coblocks-accordion-item__title has-background has-cyan-bluish-gray-background-color\">Ing\u00e9nieur<\/summary><div class=\"wp-block-coblocks-accordion-item__content\" style=\"border-color:#abb8c3\">\n<p>G\u00e9nie des proc\u00e9d\u00e9s<\/p>\n<\/div><\/details><\/div>\n<\/div>\n<\/div><\/details><\/div>\n\n\n\n<div class=\"wp-block-coblocks-accordion-item\"><details><summary class=\"wp-block-coblocks-accordion-item__title has-background has-vivid-cyan-blue-background-color\">D\u00e9partement G\u00e9nie Electrique<\/summary><div class=\"wp-block-coblocks-accordion-item__content\" style=\"border-color:#0693e3\">\n<p><\/p>\n\n\n\n<div class=\"wp-block-coblocks-accordion\">\n<div class=\"wp-block-coblocks-accordion-item\"><details><summary class=\"wp-block-coblocks-accordion-item__title has-background has-cyan-bluish-gray-background-color\">Licence<\/summary><div class=\"wp-block-coblocks-accordion-item__content\" style=\"border-color:#abb8c3\">\n<p>Electronique<\/p>\n\n\n\n<p>Electrotechnique<\/p>\n<\/div><\/details><\/div>\n\n\n\n<div class=\"wp-block-coblocks-accordion-item\"><details><summary class=\"wp-block-coblocks-accordion-item__title has-background has-cyan-bluish-gray-background-color\">Master<\/summary><div class=\"wp-block-coblocks-accordion-item__content\" style=\"border-color:#abb8c3\">\n<p>Electrotechnique Industrielle<\/p>\n\n\n\n<p>Energies Renouvelables en \u00c9lectrotechnique<\/p>\n\n\n\n<p>R\u00e9seaux \u00e9lectriques<\/p>\n\n\n\n<p>Syst\u00e8mes des t\u00e9l\u00e9communications<\/p>\n\n\n\n<p>Electronique des Syst\u00e8mes Embarqu\u00e9s<\/p>\n\n\n\n<p>Automatique et Informatique industrielle<\/p>\n<\/div><\/details><\/div>\n\n\n\n<div class=\"wp-block-coblocks-accordion-item\"><details><summary class=\"wp-block-coblocks-accordion-item__title has-background has-cyan-bluish-gray-background-color\">Ing\u00e9nieur<\/summary><div class=\"wp-block-coblocks-accordion-item__content\" style=\"border-color:#abb8c3\">\n<p>Electrotechnique<\/p>\n<\/div><\/details><\/div>\n<\/div>\n<\/div><\/details><\/div>\n\n\n\n<div class=\"wp-block-coblocks-accordion-item\"><details><summary class=\"wp-block-coblocks-accordion-item__title has-background has-vivid-green-cyan-background-color\">D\u00e9partement G\u00e9nie Civil<\/summary><div class=\"wp-block-coblocks-accordion-item__content\" style=\"border-color:#00d084\">\n<p><\/p>\n\n\n\n<div class=\"wp-block-coblocks-accordion\">\n<div class=\"wp-block-coblocks-accordion-item\"><details><summary class=\"wp-block-coblocks-accordion-item__title has-background has-cyan-bluish-gray-background-color\">Licence<\/summary><div class=\"wp-block-coblocks-accordion-item__content\" style=\"border-color:#abb8c3\">\n<p>G\u00e9nie Civil<\/p>\n\n\n\n<p>Travaux publics<\/p>\n<\/div><\/details><\/div>\n\n\n\n<div class=\"wp-block-coblocks-accordion-item\"><details><summary class=\"wp-block-coblocks-accordion-item__title has-background has-cyan-bluish-gray-background-color\">Master<\/summary><div class=\"wp-block-coblocks-accordion-item__content\" style=\"border-color:#abb8c3\">\n<p>Voies et Ouvrages d&rsquo;Arts<\/p>\n\n\n\n<p>Structures<\/p>\n\n\n\n<p>Mat\u00e9riaux en g\u00e9nie civil<\/p>\n<\/div><\/details><\/div>\n\n\n\n<div class=\"wp-block-coblocks-accordion-item\"><details><summary class=\"wp-block-coblocks-accordion-item__title has-background has-cyan-bluish-gray-background-color\">Ing\u00e9nieur<\/summary><div class=\"wp-block-coblocks-accordion-item__content\" style=\"border-color:#abb8c3\">\n<p>G\u00e9nie civil<\/p>\n<\/div><\/details><\/div>\n<\/div>\n<\/div><\/details><\/div>\n\n\n\n<div class=\"wp-block-coblocks-accordion-item\"><details><summary class=\"wp-block-coblocks-accordion-item__title has-background has-luminous-vivid-amber-background-color\">D\u00e9partement G\u00e9nie M\u00e9canique<\/summary><div class=\"wp-block-coblocks-accordion-item__content\" style=\"border-color:#fcb900\">\n<p><\/p>\n\n\n\n<div class=\"wp-block-coblocks-accordion\">\n<div class=\"wp-block-coblocks-accordion-item\"><details><summary class=\"wp-block-coblocks-accordion-item__title has-background has-cyan-bluish-gray-background-color\">Licence<\/summary><div class=\"wp-block-coblocks-accordion-item__content\" style=\"border-color:#abb8c3\">\n<p>Construction M\u00e9canique<\/p>\n\n\n\n<p>Energ\u00e9tique<\/p>\n<\/div><\/details><\/div>\n\n\n\n<div class=\"wp-block-coblocks-accordion-item\"><details><summary class=\"wp-block-coblocks-accordion-item__title has-background has-cyan-bluish-gray-background-color\">Master<\/summary><div class=\"wp-block-coblocks-accordion-item__content\" style=\"border-color:#abb8c3\">\n<p>Construction m\u00e9canique<\/p>\n\n\n\n<p>Energ\u00e9tique<\/p>\n<\/div><\/details><\/div>\n\n\n\n<div class=\"wp-block-coblocks-accordion-item\"><details><summary class=\"wp-block-coblocks-accordion-item__title has-background has-cyan-bluish-gray-background-color\">Ing\u00e9nieur<\/summary><div class=\"wp-block-coblocks-accordion-item__content\" style=\"border-color:#abb8c3\">\n<p>G\u00e9nie M\u00e9canique<\/p>\n<\/div><\/details><\/div>\n<\/div>\n<\/div><\/details><\/div>\n\n\n\n<div class=\"wp-block-coblocks-accordion-item\"><details><summary class=\"wp-block-coblocks-accordion-item__title has-background has-vivid-red-background-color\">D\u00e9partement Architecture<\/summary><div class=\"wp-block-coblocks-accordion-item__content\" style=\"border-color:#cf2e2e\">\n<p><\/p>\n\n\n\n<div class=\"wp-block-coblocks-accordion\">\n<div class=\"wp-block-coblocks-accordion-item\"><details><summary class=\"wp-block-coblocks-accordion-item__title has-background has-cyan-bluish-gray-background-color\">Licence<\/summary><div class=\"wp-block-coblocks-accordion-item__content\" style=\"border-color:#abb8c3\">\n<p>Architecture<\/p>\n<\/div><\/details><\/div>\n\n\n\n<div class=\"wp-block-coblocks-accordion-item\"><details><summary class=\"wp-block-coblocks-accordion-item__title has-background has-cyan-bluish-gray-background-color\">Master<\/summary><div class=\"wp-block-coblocks-accordion-item__content\" style=\"border-color:#abb8c3\">\n<p>Architecture<\/p>\n<\/div><\/details><\/div>\n\n\n\n<div class=\"wp-block-coblocks-accordion-item\"><details><summary class=\"wp-block-coblocks-accordion-item__title has-background has-cyan-bluish-gray-background-color\">Architecte<\/summary><div class=\"wp-block-coblocks-accordion-item__content\" style=\"border-color:#abb8c3\">\n<p>Architecture<\/p>\n<\/div><\/details><\/div>\n<\/div>\n<\/div><\/details><\/div>\n<\/div>\n","protected":false},"excerpt":{"rendered":"<p>D\u00e9partement G\u00e9nie des proc\u00e9d\u00e9s Licence G\u00e9nie des Proc\u00e9d\u00e9s Industries p\u00e9trochimiques Master G\u00e9nie Chimique G\u00e9nie des Proc\u00e9d\u00e9s de l&rsquo;Environnement G\u00e9nie des Proc\u00e9d\u00e9s des Materiaux G\u00e9nie P\u00e9trochimique Ing\u00e9nieur G\u00e9nie des proc\u00e9d\u00e9s D\u00e9partement &hellip;<\/p>\n","protected":false},"author":1,"featured_media":0,"parent":0,"menu_order":0,"comment_status":"closed","ping_status":"closed","template":"","meta":{"_coblocks_attr":"","_coblocks_dimensions":"","_coblocks_responsive_height":"","_coblocks_accordion_ie_support":"","footnotes":""},"class_list":["post-259","page","type-page","status-publish","hentry"],"_links":{"self":[{"href":"https:\/\/www.univ-mosta.dz\/fst\/wp-json\/wp\/v2\/pages\/259","targetHints":{"allow":["GET"]}}],"collection":[{"href":"https:\/\/www.univ-mosta.dz\/fst\/wp-json\/wp\/v2\/pages"}],"about":[{"href":"https:\/\/www.univ-mosta.dz\/fst\/wp-json\/wp\/v2\/types\/page"}],"author":[{"embeddable":true,"href":"https:\/\/www.univ-mosta.dz\/fst\/wp-json\/wp\/v2\/users\/1"}],"replies":[{"embeddable":true,"href":"https:\/\/www.univ-mosta.dz\/fst\/wp-json\/wp\/v2\/comments?post=259"}],"version-history":[{"count":16,"href":"https:\/\/www.univ-mosta.dz\/fst\/wp-json\/wp\/v2\/pages\/259\/revisions"}],"predecessor-version":[{"id":2877,"href":"https:\/\/www.univ-mosta.dz\/fst\/wp-json\/wp\/v2\/pages\/259\/revisions\/2877"}],"wp:attachment":[{"href":"https:\/\/www.univ-mosta.dz\/fst\/wp-json\/wp\/v2\/media?parent=259"}],"curies":[{"name":"wp","href":"https:\/\/api.w.org\/{rel}","templated":true}]}}