{"id":2575,"date":"2024-02-29T10:34:06","date_gmt":"2024-02-29T09:34:06","guid":{"rendered":"https:\/\/www.univ-mosta.dz\/fst\/?page_id=2575"},"modified":"2024-03-17T13:01:00","modified_gmt":"2024-03-17T12:01:00","slug":"elaboration-et-caracterisation-physico-mecanique-et-metallurgique-des-materiaux-ecp3m","status":"publish","type":"page","link":"https:\/\/www.univ-mosta.dz\/fst\/elaboration-et-caracterisation-physico-mecanique-et-metallurgique-des-materiaux-ecp3m\/","title":{"rendered":"Elaboration et Caract\u00e9risation Physico M\u00e9canique et M\u00e9tallurgique des Mat\u00e9riaux \u00ab\u00a0ECP3M\u00a0\u00bb"},"content":{"rendered":"","protected":false},"excerpt":{"rendered":"","protected":false},"author":13,"featured_media":0,"parent":0,"menu_order":0,"comment_status":"closed","ping_status":"closed","template":"","meta":{"_coblocks_attr":"","_coblocks_dimensions":"","_coblocks_responsive_height":"","_coblocks_accordion_ie_support":"","footnotes":""},"class_list":["post-2575","page","type-page","status-publish","hentry"],"_links":{"self":[{"href":"https:\/\/www.univ-mosta.dz\/fst\/wp-json\/wp\/v2\/pages\/2575","targetHints":{"allow":["GET"]}}],"collection":[{"href":"https:\/\/www.univ-mosta.dz\/fst\/wp-json\/wp\/v2\/pages"}],"about":[{"href":"https:\/\/www.univ-mosta.dz\/fst\/wp-json\/wp\/v2\/types\/page"}],"author":[{"embeddable":true,"href":"https:\/\/www.univ-mosta.dz\/fst\/wp-json\/wp\/v2\/users\/13"}],"replies":[{"embeddable":true,"href":"https:\/\/www.univ-mosta.dz\/fst\/wp-json\/wp\/v2\/comments?post=2575"}],"version-history":[{"count":1,"href":"https:\/\/www.univ-mosta.dz\/fst\/wp-json\/wp\/v2\/pages\/2575\/revisions"}],"predecessor-version":[{"id":2576,"href":"https:\/\/www.univ-mosta.dz\/fst\/wp-json\/wp\/v2\/pages\/2575\/revisions\/2576"}],"wp:attachment":[{"href":"https:\/\/www.univ-mosta.dz\/fst\/wp-json\/wp\/v2\/media?parent=2575"}],"curies":[{"name":"wp","href":"https:\/\/api.w.org\/{rel}","templated":true}]}}