{"id":214,"date":"2021-10-26T15:24:25","date_gmt":"2021-10-26T13:24:25","guid":{"rendered":"https:\/\/www.univ-mosta.dz\/fst\/?page_id=214"},"modified":"2021-10-26T15:24:27","modified_gmt":"2021-10-26T13:24:27","slug":"bibliotheque-de-la-faculte","status":"publish","type":"page","link":"https:\/\/www.univ-mosta.dz\/fst\/bibliotheque-de-la-faculte\/","title":{"rendered":"Biblioth\u00e8que de la Facult\u00e9"},"content":{"rendered":"\n<p><\/p>\n\n\n\n<div class=\"wp-block-uagb-advanced-heading uagb-block-7ecf7c2d\"><h2 class=\"uagb-heading-text\"><strong>Le Livre \u2026 un Ma\u00eetre silencieux\u00a0<\/strong><\/h2><div class=\"uagb-separator-wrap\"><div class=\"uagb-separator\"><\/div><\/div><p class=\"uagb-desc-text\"><\/p><\/div>\n\n\n\n<p>L\u2019importance de la Biblioth\u00e8que de la Facult\u00e9 est sans aucun doute incontestable, c\u2019est elle qui cr\u00e9e des lecteurs et qui \u00e9veille l\u2019envie et le besoin de lire, mais son espace constitue \u00e9galement un moyen de distraction \u00e0 la fois&nbsp; individuelle et d\u2019\u00e9quipe . Elle joue, ainsi un r\u00f4le primordial dans la formation et la transmission du savoir.<\/p>\n\n\n\n<p>La Biblioth\u00e8que de facult\u00e9 utilise un syst\u00e8me de gestion informatis\u00e9 qui g\u00e8re le traitement documentaire \u00ab SYNGEB\u00bb&nbsp; Syst\u00e8me Normalis\u00e9 de Gestion Electronique de Biblioth\u00e8que. Ce programme contient une base de donn\u00e9es avec 7298 notices bibliographiques, il a \u00e9t\u00e9 mis \u00e0 la port\u00e9e des utilisateurs de la biblioth\u00e8que.<\/p>\n\n\n\n<p>La classification utilis\u00e9e dans la biblioth\u00e8que est la classification d\u00e9cimale de DEWEY \u00ab CDD \u00bb. Le fonds documentaire est compos\u00e9 de 88 indices qui couvrent toutes les disciplines et les offres de&nbsp;formation de la Facult\u00e9.&nbsp;<\/p>\n\n\n\n<p><a href=\"https:\/\/fst.univ-mosta.dz\/images\/guide_cdd.pdf\">Guide de la Classification d\u00e9cimale de Dewey au fond Documentaire<\/a><\/p>\n\n\n\n<p>le pr\u00eat des ouvrages est effectu\u00e9 pour tous les niveaux (enseignants &#8211; \u00e9tudiants) en concordance avec le r\u00e8glement int\u00e9rieur de la biblioth\u00e8que, et ce, afin de r\u00e9pondre aux besoins des \u00e9tudiants en garantissant une orientation et un accompagnement, sp\u00e9cialement, en terme de recherche bibliographique pour les nouveaux \u00e9tudiants.<\/p>\n\n\n\n<p class=\"has-text-align-center\"><strong>Chaque&nbsp;<\/strong><strong>\u00e9tudiant peut emprunter deux documents pour une p\u00e9riode de 15 jours<\/strong><\/p>\n","protected":false},"excerpt":{"rendered":"<p>Le Livre \u2026 un Ma\u00eetre silencieux\u00a0 L\u2019importance de la Biblioth\u00e8que de la Facult\u00e9 est sans aucun doute incontestable, c\u2019est elle qui cr\u00e9e des lecteurs et qui \u00e9veille l\u2019envie et le &hellip;<\/p>\n","protected":false},"author":1,"featured_media":0,"parent":0,"menu_order":0,"comment_status":"closed","ping_status":"closed","template":"","meta":{"_coblocks_attr":"","_coblocks_dimensions":"","_coblocks_responsive_height":"","_coblocks_accordion_ie_support":"","footnotes":""},"class_list":["post-214","page","type-page","status-publish","hentry"],"_links":{"self":[{"href":"https:\/\/www.univ-mosta.dz\/fst\/wp-json\/wp\/v2\/pages\/214","targetHints":{"allow":["GET"]}}],"collection":[{"href":"https:\/\/www.univ-mosta.dz\/fst\/wp-json\/wp\/v2\/pages"}],"about":[{"href":"https:\/\/www.univ-mosta.dz\/fst\/wp-json\/wp\/v2\/types\/page"}],"author":[{"embeddable":true,"href":"https:\/\/www.univ-mosta.dz\/fst\/wp-json\/wp\/v2\/users\/1"}],"replies":[{"embeddable":true,"href":"https:\/\/www.univ-mosta.dz\/fst\/wp-json\/wp\/v2\/comments?post=214"}],"version-history":[{"count":1,"href":"https:\/\/www.univ-mosta.dz\/fst\/wp-json\/wp\/v2\/pages\/214\/revisions"}],"predecessor-version":[{"id":215,"href":"https:\/\/www.univ-mosta.dz\/fst\/wp-json\/wp\/v2\/pages\/214\/revisions\/215"}],"wp:attachment":[{"href":"https:\/\/www.univ-mosta.dz\/fst\/wp-json\/wp\/v2\/media?parent=214"}],"curies":[{"name":"wp","href":"https:\/\/api.w.org\/{rel}","templated":true}]}}