{"id":1489,"date":"2022-09-16T20:12:45","date_gmt":"2022-09-16T18:12:45","guid":{"rendered":"https:\/\/www.univ-mosta.dz\/fst\/?page_id=1489"},"modified":"2022-09-18T17:24:03","modified_gmt":"2022-09-18T15:24:03","slug":"inscription-reinscription-en-doctorat","status":"publish","type":"page","link":"https:\/\/www.univ-mosta.dz\/fst\/inscription-reinscription-en-doctorat\/","title":{"rendered":"Inscription\/R\u00e9inscription\u00a0 en Doctorat"},"content":{"rendered":"\n<p><b>Le dossier complet est d\u00e9pos\u00e9 au niveau du d\u00e9partement concern\u00e9 pour validation par le Comit\u00e9 Scientifique du D\u00e9partement (CSD), il doit comporter\u00a0:<\/b><\/p>\n\n\n\n<div class=\"wp-block-coblocks-accordion\">\n<div class=\"wp-block-coblocks-accordion-item\"><details><summary class=\"wp-block-coblocks-accordion-item__title has-background has-vivid-green-cyan-background-color\">\u0645\u0644\u0641 \u0625\u0639\u0627\u062f\u0629 \u0627\u0644\u062a\u0633\u062c\u064a\u0644 \u0644\u0644\u0637\u0644\u0628\u0629 \u063a\u064a\u0631 \u0627\u0644\u0645\u062a\u0623\u062e\u0631\u064a\u0646<span data-mce-type=\"bookmark\" id=\"mce_1_start\" data-mce-style=\"overflow:hidden;line-height:0px\" style=\"overflow:hidden;line-height:0px\"><\/span><\/summary><div class=\"wp-block-coblocks-accordion-item__content\" style=\"border-color:#00d084\">\n<ul class=\"wp-block-list\"><li>\u0646\u0633\u062e\u0629 \u0645\u0646 \u0634\u0647\u0627\u062f\u0629 \u0627\u0644\u062a\u0633\u062c\u064a\u0644 \u0644\u0644\u0633\u0646\u0629 \u0627\u0644\u0645\u0627\u0636\u064a\u0629<\/li><li>\u062a\u0642\u0631\u064a\u0631 \u062d\u0648\u0644 \u062a\u0642\u062f\u0645 \u0623\u0634\u063a\u0627\u0644 \u0627\u0644\u0623\u0637\u0631\u0648\u062d\u0629 <strong><a href=\"http:\/\/www.univ-mosta.dz\/fst\/wp-content\/uploads\/sites\/3\/2022\/09\/Rapport-sur-letat-davancement-de-la-these-de-doctorat-en-sciences.docx\">Sciences<\/a>&nbsp;\/&nbsp;<a href=\"http:\/\/www.univ-mosta.dz\/fst\/wp-content\/uploads\/sites\/3\/2022\/09\/Rapport-sur-letat-davancement-de-la-these-de-doctorat-3eme-cycle.docx\">3\u00e8me cycle<\/a><\/strong><\/li><li>\u0648\u0635\u0644 \u062f\u0641\u0639 \u062d\u0642\u0648\u0642 \u0627\u0644\u062a\u0633\u062c\u064a\u0644<\/li><\/ul>\n<\/div><\/details><\/div>\n\n\n\n<div class=\"wp-block-coblocks-accordion-item\"><details><summary class=\"wp-block-coblocks-accordion-item__title has-background has-vivid-green-cyan-background-color\"><strong>\u0645\u0644\u0641 \u0625\u0639\u0627\u062f\u0629 \u0627\u0644\u062a\u0633\u062c\u064a\u0644 \u0644\u0644\u0637\u0644\u0628\u0629 \u0627\u0644\u0645\u062a\u0623\u062e\u0631\u064a\u0646<\/strong>\u00a0<\/summary><div class=\"wp-block-coblocks-accordion-item__content\" style=\"border-color:#00d084\">\n<ul>\n<li><strong>\u0628\u0627\u0644\u0646\u0633\u0628\u0629 \u0644\u0637\u0644\u0628\u0629 \u062f\u0643\u062a\u0648\u0631\u0627\u0647 \u0627\u0644\u0637\u0648\u0631 \u0627\u0644\u062b\u0627\u0644\u062b\u00a0 (\u0627\u0644\u0633\u0646\u0629 \u0627\u0644\u0631\u0627\u0628\u0639\u0629 \u0648 \u0627\u0644\u0633\u0646\u0629 \u0627\u0644\u062e\u0627\u0645\u0633\u0629)<\/strong><\/li>\n<li>\u0646\u0633\u062e\u0629 \u0645\u0646 \u0634\u0647\u0627\u062f\u0629 \u0627\u0644\u062a\u0633\u062c\u064a\u0644 \u0644\u0644\u0633\u0646\u0629 \u0627\u0644\u0645\u0627\u0636\u064a\u0629<\/li>\n<li style=\"text-align: left\">\u062a\u0642\u0631\u064a\u0631 \u062d\u0648\u0644 \u062a\u0642\u062f\u0645 \u0623\u0634\u063a\u0627\u0644 \u0627\u0644\u0623\u0637\u0631\u0648\u062d\u0629\u00a0<b> \/ <span style=\"color: #ffffff\">a<\/span> <a href=\"http:\/\/www.univ-mosta.dz\/fst\/wp-content\/uploads\/sites\/3\/2022\/09\/Rapport-sur-letat-davancement-de-la-these-de-doctorat-3eme-cycle.docx\">3\u00e8me cycle<\/a><\/b><\/li>\n<li>\u062a\u0642\u0631\u064a\u0640\u0640\u0631 \u062d\u0648\u0644 \u0623\u0633\u0628\u0627\u0628 \u062a\u0623\u062e\u0631 \u0625\u0646\u062c\u0627\u0632 \u0627\u0644\u0623\u0637\u0631\u0648\u062d\u0629\u00a0 \/ <a href=\"http:\/\/www.univ-mosta.dz\/fst\/wp-content\/uploads\/sites\/3\/2022\/09\/Rapport-sur-le-retard-dans-lachevement-de-la-these-de-doctorat.docx\"><strong>T\u00e9l\u00e9charger<\/strong><\/a><\/li>\n<li style=\"text-align: left\">\u0648\u0635\u0644 \u062f\u0641\u0639 \u062d\u0642\u0648\u0642 \u0627\u0644\u062a\u0633\u062c\u064a\u0644<\/li>\n<\/ul>\n\n\n\n<ul>\n<li><strong>\u0628\u0627\u0644\u0646\u0633\u0628\u0629 \u0644\u0637\u0644\u0628\u0629 \u062f\u0643\u062a\u0648\u0631\u0627\u0647 \u0639\u0644\u0648\u0645 (\u0627\u0644\u0633\u0646\u0629 \u0627\u0644\u0633\u0627\u062f\u0633\u0629)<\/strong><\/li>\n<li>\u0646\u0633\u062e\u0629 \u0645\u0646 \u0634\u0647\u0627\u062f\u0629 \u0627\u0644\u062a\u0633\u062c\u064a\u0644 \u0644\u0644\u0633\u0646\u0629 \u0627\u0644\u0645\u0627\u0636\u064a\u0629<\/li>\n<li>\u062a\u0642\u0631\u064a\u0631 \u062d\u0648\u0644 \u062a\u0642\u062f\u0645 \u0623\u0634\u063a\u0627\u0644 \u0627\u0644\u0623\u0637\u0631\u0648\u062d\u0629\u00a0 <a href=\"http:\/\/www.univ-mosta.dz\/fst\/wp-content\/uploads\/sites\/3\/2022\/09\/Rapport-sur-letat-davancement-de-la-these-de-doctorat-en-sciences.docx\"><strong>Sciences<\/strong><\/a><\/li>\n<li>\u062a\u0642\u0631\u064a\u0640\u0640\u0631 \u062d\u0648\u0644 \u0623\u0633\u0628\u0627\u0628 \u062a\u0623\u062e\u0631 \u0625\u0646\u062c\u0627\u0632 \u0627\u0644\u0623\u0637\u0631\u0648\u062d\u0629 \/ <a href=\"http:\/\/www.univ-mosta.dz\/fst\/wp-content\/uploads\/sites\/3\/2022\/09\/Rapport-sur-le-retard-dans-lachevement-de-la-these-de-doctorat.docx\"><strong>T\u00e9l\u00e9charger<\/strong><\/a><\/li>\n<li>\u0648\u0635\u0644 \u062f\u0641\u0639 \u062d\u0642\u0648\u0642 \u0627\u0644\u062a\u0633\u062c\u064a\u0644<\/li>\n<\/ul>\n<\/div><\/details><\/div>\n\n\n\n<div class=\"wp-block-coblocks-accordion-item\"><details><summary class=\"wp-block-coblocks-accordion-item__title has-background has-vivid-green-cyan-background-color\">1\u00e8re Inscription<span data-mce-type=\"bookmark\" id=\"mce_1_start\" data-mce-style=\"overflow:hidden;line-height:0px\" style=\"overflow:hidden;line-height:0px\"><\/span><\/summary><div class=\"wp-block-coblocks-accordion-item__content\" style=\"border-color:#00d084\">\n<ol class=\"wp-block-list\"><li><strong>Demande manuscrite sign\u00e9e par le demandeur<\/strong><\/li><li><strong>Une copie l\u00e9galis\u00e9e du dipl\u00f4me de baccalaur\u00e9at.<\/strong><\/li><li><strong>Une copie l\u00e9galis\u00e9e du dipl\u00f4me de graduation (Ing\u00e9niorat \u2013 Licence \u2013 DES).<\/strong><\/li><li><strong>Une copie l\u00e9galis\u00e9e du dipl\u00f4me de la 1<sup>\u00e8re<\/sup>&nbsp;post-graduation (Magister).<\/strong><\/li><li><strong>Un (01) extrait de naissance.<\/strong><\/li><li><strong>Deux (02) photos d\u2019identit\u00e9.<\/strong><\/li><li><strong>Deux (02) enveloppes timbr\u00e9es, libell\u00e9es \u00e0 l\u2019adresse du demandeur.<\/strong><\/li><li><strong>Fiche (<a href=\"http:\/\/www.univ-mosta.dz\/fst\/wp-content\/uploads\/sites\/3\/2022\/09\/Fiche-de-renseignements-1ere-annee-doctorat.docx\">Formulaire N\u00b01<\/a><sup>*<\/sup>) de Renseignements.<\/strong><\/li><li><strong><a href=\"http:\/\/www.univ-mosta.dz\/fst\/wp-content\/uploads\/sites\/3\/2022\/09\/Fiche-CERIST.docx\">Fiche du CERIST<\/a><sup>*<\/sup>&nbsp;(Vis\u00e9e par le Chef du D\u00e9partement).<\/strong><\/li><li><strong>Fiche&nbsp;(Formulaire N\u00b04<sup>*<\/sup>&nbsp;<a href=\"http:\/\/www.univ-mosta.dz\/fst\/wp-content\/uploads\/sites\/3\/2022\/09\/Fiche-dinscription-en-doctorat-en-sciences.doc\">Sciences<\/a>&nbsp;\/&nbsp;<a href=\"http:\/\/www.univ-mosta.dz\/fst\/wp-content\/uploads\/sites\/3\/2022\/09\/Fiche-dinscription-en-doctorat-3eme-Cycle.doc\">LMD<\/a>)&nbsp; d\u2019inscription en doctorat<em>&nbsp; sign\u00e9e<\/em>&nbsp;par l\u2019encadreur et le doctorant et&nbsp;<em>vis\u00e9<\/em>&nbsp;par le pr\u00e9sident du CSD.<\/strong><\/li><li><strong>Une quittance de 200 DA (Frais d\u2019inscription).<\/strong><\/li><li><strong>Attestation non salarier ou autorisation de l\u2019employeur&nbsp;<\/strong><\/li><\/ol>\n<\/div><\/details><\/div>\n<\/div>\n\n\n\n<p class=\"has-text-align-center has-luminous-vivid-amber-background-color has-background\"><em><sup><span style=\"color:#cf2e2e\" class=\"tadv-color\">*&nbsp;<\/span><\/sup><em>Imprim\u00e9s<\/em><\/em><strong><em>&nbsp;\u00e0&nbsp;retirer aupr\u00e8s des d\u00e9partements ou \u00e0 t\u00e9l\u00e9charger du site de la Facult\u00e9<\/em><\/strong><em><em>.<\/em><\/em><\/p>\n","protected":false},"excerpt":{"rendered":"<p>Le dossier complet est d\u00e9pos\u00e9 au niveau du d\u00e9partement concern\u00e9 pour validation par le Comit\u00e9 Scientifique du D\u00e9partement (CSD), il doit comporter\u00a0: \u0645\u0644\u0641 \u0625\u0639\u0627\u062f\u0629 \u0627\u0644\u062a\u0633\u062c\u064a\u0644 \u0644\u0644\u0637\u0644\u0628\u0629 \u063a\u064a\u0631 \u0627\u0644\u0645\u062a\u0623\u062e\u0631\u064a\u0646 \u0646\u0633\u062e\u0629 \u0645\u0646 &hellip;<\/p>\n","protected":false},"author":13,"featured_media":0,"parent":0,"menu_order":0,"comment_status":"closed","ping_status":"closed","template":"","meta":{"_coblocks_attr":"","_coblocks_dimensions":"","_coblocks_responsive_height":"","_coblocks_accordion_ie_support":"","footnotes":""},"class_list":["post-1489","page","type-page","status-publish","hentry"],"_links":{"self":[{"href":"https:\/\/www.univ-mosta.dz\/fst\/wp-json\/wp\/v2\/pages\/1489","targetHints":{"allow":["GET"]}}],"collection":[{"href":"https:\/\/www.univ-mosta.dz\/fst\/wp-json\/wp\/v2\/pages"}],"about":[{"href":"https:\/\/www.univ-mosta.dz\/fst\/wp-json\/wp\/v2\/types\/page"}],"author":[{"embeddable":true,"href":"https:\/\/www.univ-mosta.dz\/fst\/wp-json\/wp\/v2\/users\/13"}],"replies":[{"embeddable":true,"href":"https:\/\/www.univ-mosta.dz\/fst\/wp-json\/wp\/v2\/comments?post=1489"}],"version-history":[{"count":8,"href":"https:\/\/www.univ-mosta.dz\/fst\/wp-json\/wp\/v2\/pages\/1489\/revisions"}],"predecessor-version":[{"id":1564,"href":"https:\/\/www.univ-mosta.dz\/fst\/wp-json\/wp\/v2\/pages\/1489\/revisions\/1564"}],"wp:attachment":[{"href":"https:\/\/www.univ-mosta.dz\/fst\/wp-json\/wp\/v2\/media?parent=1489"}],"curies":[{"name":"wp","href":"https:\/\/api.w.org\/{rel}","templated":true}]}}