{"id":123,"date":"2021-10-25T17:43:58","date_gmt":"2021-10-25T15:43:58","guid":{"rendered":"https:\/\/www.univ-mosta.dz\/fst\/?page_id=123"},"modified":"2021-11-26T20:28:48","modified_gmt":"2021-11-26T19:28:48","slug":"dgm","status":"publish","type":"page","link":"https:\/\/www.univ-mosta.dz\/fst\/dgm\/","title":{"rendered":"D\u00e9partement G\u00e9nie M\u00e9canique"},"content":{"rendered":"\n<p>Le d\u00e9partement de G\u00e9nie M\u00e9canique, a \u00e9t\u00e9 cr\u00e9\u00e9 en 1992, avec pour objectif d&rsquo;offrir aux \u00e9tudiants une formation scientifique et technologique dans le domaine du G\u00e9nie M\u00e9canique.<\/p>\n\n\n\n<p>Dans le cadre du syst\u00e8me LMD (Licence-Master-Doctorat), l\u2019\u00e9quipe p\u00e9dagogique de G\u00e9nie m\u00e9canique, compos\u00e9e d\u2019enseignants de diff\u00e9rents grades, \u00e0 savoir quatre Professeurs, sept Ma\u00eetres de conf\u00e9rences et onze Ma\u00eetres-assistants, offre des formations en Licence et en Master dans diff\u00e9rentes options.<\/p>\n\n\n\n<p>Actuellement le d\u00e9partement poss\u00e8de une capacit\u00e9 d\u2019accueil 136 \u00e9tudiants en en cycle LMD.<\/p>\n\n\n\n<p>Le d\u00e9partement est dot\u00e9 de 07 ateliers et laboratoires p\u00e9dagogiques et 02 laboratoires de recherches scientifiques.<\/p>\n","protected":false},"excerpt":{"rendered":"<p>Le d\u00e9partement de G\u00e9nie M\u00e9canique, a \u00e9t\u00e9 cr\u00e9\u00e9 en 1992, avec pour objectif d&rsquo;offrir aux \u00e9tudiants une formation scientifique et technologique dans le domaine du G\u00e9nie M\u00e9canique. Dans le cadre &hellip;<\/p>\n","protected":false},"author":1,"featured_media":0,"parent":0,"menu_order":0,"comment_status":"closed","ping_status":"closed","template":"","meta":{"_coblocks_attr":"","_coblocks_dimensions":"","_coblocks_responsive_height":"","_coblocks_accordion_ie_support":"","footnotes":""},"class_list":["post-123","page","type-page","status-publish","hentry"],"_links":{"self":[{"href":"https:\/\/www.univ-mosta.dz\/fst\/wp-json\/wp\/v2\/pages\/123","targetHints":{"allow":["GET"]}}],"collection":[{"href":"https:\/\/www.univ-mosta.dz\/fst\/wp-json\/wp\/v2\/pages"}],"about":[{"href":"https:\/\/www.univ-mosta.dz\/fst\/wp-json\/wp\/v2\/types\/page"}],"author":[{"embeddable":true,"href":"https:\/\/www.univ-mosta.dz\/fst\/wp-json\/wp\/v2\/users\/1"}],"replies":[{"embeddable":true,"href":"https:\/\/www.univ-mosta.dz\/fst\/wp-json\/wp\/v2\/comments?post=123"}],"version-history":[{"count":2,"href":"https:\/\/www.univ-mosta.dz\/fst\/wp-json\/wp\/v2\/pages\/123\/revisions"}],"predecessor-version":[{"id":503,"href":"https:\/\/www.univ-mosta.dz\/fst\/wp-json\/wp\/v2\/pages\/123\/revisions\/503"}],"wp:attachment":[{"href":"https:\/\/www.univ-mosta.dz\/fst\/wp-json\/wp\/v2\/media?parent=123"}],"curies":[{"name":"wp","href":"https:\/\/api.w.org\/{rel}","templated":true}]}}