{"id":115,"date":"2021-10-25T17:41:20","date_gmt":"2021-10-25T15:41:20","guid":{"rendered":"https:\/\/www.univ-mosta.dz\/fst\/?page_id=115"},"modified":"2021-11-26T20:13:11","modified_gmt":"2021-11-26T19:13:11","slug":"dgc","status":"publish","type":"page","link":"https:\/\/www.univ-mosta.dz\/fst\/dgc\/","title":{"rendered":"D\u00e9partement G\u00e9nie Civil"},"content":{"rendered":"\n<p>La&nbsp; fili\u00e8re G\u00e9nie Civil a \u00e9t\u00e9 cr\u00e9\u00e9e en septembre 1993. &nbsp;En octobre 1994, la fili\u00e8re a obtenu son statut de d\u00e9partement autonome, date \u00e0 partir de laquelle elle s\u2019est consid\u00e9rablement d\u00e9velopp\u00e9e avec une augmentation dans l\u2019encadrement et une am\u00e9lioration dans la diversit\u00e9 de sa formation et la cr\u00e9ation de nouvelles options et sp\u00e9cialit\u00e9s en graduation et post-graduation.<\/p>\n\n\n\n<p>Le d\u00e9partement de G\u00e9nie Civil appara\u00eet aujourd\u2019hui comme l\u2019une des structures p\u00e9dagogiques essentielles de la facult\u00e9 des sciences&nbsp; et de la Technologie, surtout dans l\u2019application du syst\u00e8me LMD o\u00f9 il s\u2019est investi d\u00e8s le d\u00e9but d\u2019une fa\u00e7on consid\u00e9rable.<\/p>\n","protected":false},"excerpt":{"rendered":"<p>La&nbsp; fili\u00e8re G\u00e9nie Civil a \u00e9t\u00e9 cr\u00e9\u00e9e en septembre 1993. &nbsp;En octobre 1994, la fili\u00e8re a obtenu son statut de d\u00e9partement autonome, date \u00e0 partir de laquelle elle s\u2019est consid\u00e9rablement &hellip;<\/p>\n","protected":false},"author":1,"featured_media":0,"parent":0,"menu_order":0,"comment_status":"closed","ping_status":"closed","template":"","meta":{"_coblocks_attr":"","_coblocks_dimensions":"","_coblocks_responsive_height":"","_coblocks_accordion_ie_support":"","footnotes":""},"class_list":["post-115","page","type-page","status-publish","hentry"],"_links":{"self":[{"href":"https:\/\/www.univ-mosta.dz\/fst\/wp-json\/wp\/v2\/pages\/115","targetHints":{"allow":["GET"]}}],"collection":[{"href":"https:\/\/www.univ-mosta.dz\/fst\/wp-json\/wp\/v2\/pages"}],"about":[{"href":"https:\/\/www.univ-mosta.dz\/fst\/wp-json\/wp\/v2\/types\/page"}],"author":[{"embeddable":true,"href":"https:\/\/www.univ-mosta.dz\/fst\/wp-json\/wp\/v2\/users\/1"}],"replies":[{"embeddable":true,"href":"https:\/\/www.univ-mosta.dz\/fst\/wp-json\/wp\/v2\/comments?post=115"}],"version-history":[{"count":2,"href":"https:\/\/www.univ-mosta.dz\/fst\/wp-json\/wp\/v2\/pages\/115\/revisions"}],"predecessor-version":[{"id":504,"href":"https:\/\/www.univ-mosta.dz\/fst\/wp-json\/wp\/v2\/pages\/115\/revisions\/504"}],"wp:attachment":[{"href":"https:\/\/www.univ-mosta.dz\/fst\/wp-json\/wp\/v2\/media?parent=115"}],"curies":[{"name":"wp","href":"https:\/\/api.w.org\/{rel}","templated":true}]}}