{"id":1143,"date":"2022-02-16T22:07:50","date_gmt":"2022-02-16T21:07:50","guid":{"rendered":"https:\/\/www.univ-mosta.dz\/fst\/?page_id=1143"},"modified":"2026-01-30T16:29:42","modified_gmt":"2026-01-30T15:29:42","slug":"emplois-du-temps-genie-des-procedes-2","status":"publish","type":"page","link":"https:\/\/www.univ-mosta.dz\/fst\/emplois-du-temps-genie-des-procedes-2\/","title":{"rendered":"Emplois du Temps G\u00e9nie des Proc\u00e9d\u00e9s 2025-2026"},"content":{"rendered":"\n<p class=\"has-text-align-center has-black-color has-light-green-cyan-background-color has-text-color has-background has-medium-font-size\"><strong>Semestre 02<\/strong><\/p>\n\n\n<a href=\"https:\/\/www.univ-mosta.dz\/fst\/wp-content\/uploads\/sites\/3\/2026\/01\/emplois-du-temps-gp-s2-2025-2026.pdf\" class=\"pdfemb-viewer\" style=\"\" data-width=\"max\" data-height=\"max\" data-toolbar=\"both\" data-toolbar-fixed=\"on\">emplois-du-temps-gp-s2-2025-2026<\/a>\n\n\n<p class=\"has-text-align-center has-black-color has-light-green-cyan-background-color has-text-color has-background has-medium-font-size\"><strong>Semestre 01<\/strong><\/p>\n\n\n<a href=\"https:\/\/www.univ-mosta.dz\/fst\/wp-content\/uploads\/sites\/3\/2025\/09\/gp-emploi-25-26-s1.pdf\" class=\"pdfemb-viewer\" style=\"\" data-width=\"max\" data-height=\"max\" data-toolbar=\"both\" data-toolbar-fixed=\"on\">gp-emploi-25-26-s1<\/a>","protected":false},"excerpt":{"rendered":"<p>Semestre 02 emplois-du-temps-gp-s2-2025-2026 Semestre 01 gp-emploi-25-26-s1<\/p>\n","protected":false},"author":13,"featured_media":0,"parent":0,"menu_order":0,"comment_status":"closed","ping_status":"closed","template":"","meta":{"_coblocks_attr":"","_coblocks_dimensions":"","_coblocks_responsive_height":"","_coblocks_accordion_ie_support":"","footnotes":""},"class_list":["post-1143","page","type-page","status-publish","hentry"],"_links":{"self":[{"href":"https:\/\/www.univ-mosta.dz\/fst\/wp-json\/wp\/v2\/pages\/1143","targetHints":{"allow":["GET"]}}],"collection":[{"href":"https:\/\/www.univ-mosta.dz\/fst\/wp-json\/wp\/v2\/pages"}],"about":[{"href":"https:\/\/www.univ-mosta.dz\/fst\/wp-json\/wp\/v2\/types\/page"}],"author":[{"embeddable":true,"href":"https:\/\/www.univ-mosta.dz\/fst\/wp-json\/wp\/v2\/users\/13"}],"replies":[{"embeddable":true,"href":"https:\/\/www.univ-mosta.dz\/fst\/wp-json\/wp\/v2\/comments?post=1143"}],"version-history":[{"count":18,"href":"https:\/\/www.univ-mosta.dz\/fst\/wp-json\/wp\/v2\/pages\/1143\/revisions"}],"predecessor-version":[{"id":3878,"href":"https:\/\/www.univ-mosta.dz\/fst\/wp-json\/wp\/v2\/pages\/1143\/revisions\/3878"}],"wp:attachment":[{"href":"https:\/\/www.univ-mosta.dz\/fst\/wp-json\/wp\/v2\/media?parent=1143"}],"curies":[{"name":"wp","href":"https:\/\/api.w.org\/{rel}","templated":true}]}}