{"id":113,"date":"2021-10-25T17:40:20","date_gmt":"2021-10-25T15:40:20","guid":{"rendered":"https:\/\/www.univ-mosta.dz\/fst\/?page_id=113"},"modified":"2021-11-15T11:33:11","modified_gmt":"2021-11-15T10:33:11","slug":"tcst","status":"publish","type":"page","link":"https:\/\/www.univ-mosta.dz\/fst\/tcst\/","title":{"rendered":"Tronc Commun Sciences et Technologies"},"content":{"rendered":"\n<div class=\"wp-block-group alignfull has-white-background-color has-background\"><div class=\"wp-block-group__inner-container is-layout-flow wp-block-group-is-layout-flow\">\n<div class=\"wp-block-media-text alignwide has-media-on-the-right is-stacked-on-mobile is-vertically-aligned-center\" style=\"grid-template-columns:auto 47%\"><figure class=\"wp-block-media-text__media\"><img loading=\"lazy\" decoding=\"async\" width=\"1024\" height=\"680\" src=\"http:\/\/www.univ-mosta.dz\/fst\/wp-content\/uploads\/sites\/3\/2021\/10\/fst2.png\" alt=\"\" class=\"wp-image-237 size-full\" srcset=\"https:\/\/www.univ-mosta.dz\/fst\/wp-content\/uploads\/sites\/3\/2021\/10\/fst2.png 1024w, https:\/\/www.univ-mosta.dz\/fst\/wp-content\/uploads\/sites\/3\/2021\/10\/fst2-300x199.png 300w, https:\/\/www.univ-mosta.dz\/fst\/wp-content\/uploads\/sites\/3\/2021\/10\/fst2-768x510.png 768w\" sizes=\"auto, (max-width: 1024px) 100vw, 1024px\" \/><\/figure><div class=\"wp-block-media-text__content\">\n<h2 class=\"wp-block-heading\">D\u00e9partement Tronc Commun Sciences et Technologies<\/h2>\n\n\n\n<p>Le d\u00e9partement de  Tronc Commun Sciences et Technologies  est un d\u00e9partement de la facult\u00e9 des sciences et technologies, composante de l\u2019universit\u00e9 de Mostaganem. Il regroupe plus de 200 \u00e9tudiants<\/p>\n<\/div><\/div>\n<\/div><\/div>\n\n\n\n<p><\/p>\n\n\n\n<div class=\"wp-block-uagb-advanced-heading uagb-block-a0b6b534\"><h2 class=\"uagb-heading-text\">Annonce aux \u00e9tudiants du d\u00e9partement&nbsp;<\/h2><div class=\"uagb-separator-wrap\"><div class=\"uagb-separator\"><\/div><\/div><p class=\"uagb-desc-text\"><\/p><\/div>\n\n\n\n\n\n<div class=\"wp-block-columns is-layout-flex wp-container-core-columns-is-layout-9d6595d7 wp-block-columns-is-layout-flex\">\n<div class=\"wp-block-column is-layout-flow wp-block-column-is-layout-flow\">\n<div class=\"wp-block-uagb-advanced-heading uagb-block-00376d06\"><h2 class=\"uagb-heading-text\">Emplois du temps<\/h2><div class=\"uagb-separator-wrap\"><div class=\"uagb-separator\"><\/div><\/div><p class=\"uagb-desc-text\"><\/p><\/div>\n\n\n\n<div class=\"wp-block-coblocks-accordion\">\n<div class=\"wp-block-coblocks-accordion-item\"><details><summary class=\"wp-block-coblocks-accordion-item__title has-background has-pale-pink-background-color\"> D\u00e9partement Tronc Commun Ann\u00e9e Sciences et Technologies <\/summary><div class=\"wp-block-coblocks-accordion-item__content\" style=\"border-color:#f78da7\" tabindex=\"0\">\n<p><\/p>\n<\/div><\/details><\/div>\n<\/div>\n<\/div>\n\n\n\n<div class=\"wp-block-column is-layout-flow wp-block-column-is-layout-flow\">\n<div class=\"wp-block-uagb-advanced-heading uagb-block-c5b42b02\"><h2 class=\"uagb-heading-text\">Liste des groupes<\/h2><div class=\"uagb-separator-wrap\"><div class=\"uagb-separator\"><\/div><\/div><p class=\"uagb-desc-text\"><\/p><\/div>\n\n\n\n<div class=\"wp-block-coblocks-accordion\">\n<div class=\"wp-block-coblocks-accordion-item\"><details><summary class=\"wp-block-coblocks-accordion-item__title has-background has-pale-cyan-blue-background-color\">Section A<\/summary><div class=\"wp-block-coblocks-accordion-item__content\" style=\"border-color:#8ed1fc\" tabindex=\"0\">\n<p><\/p>\n<\/div><\/details><\/div>\n\n\n\n<div class=\"wp-block-coblocks-accordion-item\"><details><summary class=\"wp-block-coblocks-accordion-item__title has-background\" style=\"background-color:#9faef8\">Section B<\/summary><div class=\"wp-block-coblocks-accordion-item__content\" style=\"border-color:#9faef8\" tabindex=\"0\">\n<p><\/p>\n<\/div><\/details><\/div>\n\n\n\n<div class=\"wp-block-coblocks-accordion-item\"><details><summary class=\"wp-block-coblocks-accordion-item__title has-background has-pale-cyan-blue-background-color\">Section C<\/summary><div class=\"wp-block-coblocks-accordion-item__content\" style=\"border-color:#8ed1fc\" tabindex=\"0\">\n<p><\/p>\n<\/div><\/details><\/div>\n\n\n\n<div class=\"wp-block-coblocks-accordion-item\"><details><summary class=\"wp-block-coblocks-accordion-item__title has-background\" style=\"background-color:#9faef8\">Section D<\/summary><div class=\"wp-block-coblocks-accordion-item__content\" style=\"border-color:#9faef8\" tabindex=\"0\">\n<p><\/p>\n<\/div><\/details><\/div>\n<\/div>\n<\/div>\n<\/div>\n\n\n\n<div class=\"wp-block-group alignfull has-background\" style=\"background-color:#c6bf90\"><div class=\"wp-block-group__inner-container is-layout-flow wp-block-group-is-layout-flow\">\n<div class=\"wp-block-columns alignwide are-vertically-aligned-center is-layout-flex wp-container-core-columns-is-layout-9d6595d7 wp-block-columns-is-layout-flex\">\n<div class=\"wp-block-column is-vertically-aligned-center is-layout-flow wp-block-column-is-layout-flow\">\n<h2 class=\"has-text-align-center wp-block-heading\">D\u00e9partement en chiffres<\/h2>\n\n\n\n<p><\/p>\n<\/div>\n\n\n\n<div class=\"wp-block-column is-vertically-aligned-center is-layout-flow wp-block-column-is-layout-flow\">\n<div class=\"wp-block-columns are-vertically-aligned-center is-layout-flex wp-container-core-columns-is-layout-9d6595d7 wp-block-columns-is-layout-flex\">\n<div class=\"wp-block-column is-vertically-aligned-center is-layout-flow wp-block-column-is-layout-flow\">\n<div class=\"wp-block-group has-white-background-color has-background\"><div class=\"wp-block-group__inner-container is-layout-flow wp-block-group-is-layout-flow\">\n<h2 class=\"has-text-align-center wp-block-heading\">200+<\/h2>\n\n\n\n<p class=\"has-text-align-center\">Etudiant<\/p>\n<\/div><\/div>\n<\/div>\n\n\n\n<div class=\"wp-block-column is-vertically-aligned-center is-layout-flow wp-block-column-is-layout-flow\">\n<div class=\"wp-block-group has-white-background-color has-background\"><div class=\"wp-block-group__inner-container is-layout-flow wp-block-group-is-layout-flow\">\n<h2 class=\"has-text-align-center wp-block-heading\">15<\/h2>\n\n\n\n<p class=\"has-text-align-center\">Enseignant<\/p>\n<\/div><\/div>\n<\/div>\n<\/div>\n\n\n\n<hr class=\"wp-block-separator has-text-color has-background is-style-default\" style=\"background-color:#f4f5f6;color:#f4f5f6\"\/>\n\n\n\n<div class=\"wp-block-columns are-vertically-aligned-center is-layout-flex wp-container-core-columns-is-layout-9d6595d7 wp-block-columns-is-layout-flex\">\n<div class=\"wp-block-column is-vertically-aligned-center is-layout-flow wp-block-column-is-layout-flow\">\n<div class=\"wp-block-group has-white-background-color has-background\"><div class=\"wp-block-group__inner-container is-layout-flow wp-block-group-is-layout-flow\">\n<h2 class=\"has-text-align-center wp-block-heading\">3<\/h2>\n\n\n\n<p class=\"has-text-align-center\">ATS<\/p>\n<\/div><\/div>\n<\/div>\n\n\n\n<div class=\"wp-block-column is-vertically-aligned-center is-layout-flow wp-block-column-is-layout-flow\">\n<div class=\"wp-block-group has-white-background-color has-background\"><div class=\"wp-block-group__inner-container is-layout-flow wp-block-group-is-layout-flow\">\n<h2 class=\"has-text-align-center wp-block-heading\">7<\/h2>\n\n\n\n<p class=\"has-text-align-center\">Professeur<\/p>\n<\/div><\/div>\n<\/div>\n<\/div>\n<\/div>\n<\/div>\n<\/div><\/div>\n","protected":false},"excerpt":{"rendered":"<p>D\u00e9partement Tronc Commun Sciences et Technologies Le d\u00e9partement de Tronc Commun Sciences et Technologies est un d\u00e9partement de la facult\u00e9 des sciences et technologies, composante de l\u2019universit\u00e9 de Mostaganem. Il &hellip;<\/p>\n","protected":false},"author":1,"featured_media":237,"parent":0,"menu_order":0,"comment_status":"closed","ping_status":"closed","template":"","meta":{"_coblocks_attr":"","_coblocks_dimensions":"","_coblocks_responsive_height":"","_coblocks_accordion_ie_support":"","footnotes":""},"class_list":["post-113","page","type-page","status-publish","has-post-thumbnail","hentry"],"_links":{"self":[{"href":"https:\/\/www.univ-mosta.dz\/fst\/wp-json\/wp\/v2\/pages\/113","targetHints":{"allow":["GET"]}}],"collection":[{"href":"https:\/\/www.univ-mosta.dz\/fst\/wp-json\/wp\/v2\/pages"}],"about":[{"href":"https:\/\/www.univ-mosta.dz\/fst\/wp-json\/wp\/v2\/types\/page"}],"author":[{"embeddable":true,"href":"https:\/\/www.univ-mosta.dz\/fst\/wp-json\/wp\/v2\/users\/1"}],"replies":[{"embeddable":true,"href":"https:\/\/www.univ-mosta.dz\/fst\/wp-json\/wp\/v2\/comments?post=113"}],"version-history":[{"count":36,"href":"https:\/\/www.univ-mosta.dz\/fst\/wp-json\/wp\/v2\/pages\/113\/revisions"}],"predecessor-version":[{"id":489,"href":"https:\/\/www.univ-mosta.dz\/fst\/wp-json\/wp\/v2\/pages\/113\/revisions\/489"}],"wp:featuredmedia":[{"embeddable":true,"href":"https:\/\/www.univ-mosta.dz\/fst\/wp-json\/wp\/v2\/media\/237"}],"wp:attachment":[{"href":"https:\/\/www.univ-mosta.dz\/fst\/wp-json\/wp\/v2\/media?parent=113"}],"curies":[{"name":"wp","href":"https:\/\/api.w.org\/{rel}","templated":true}]}}