{"id":7524,"date":"2026-02-04T16:51:09","date_gmt":"2026-02-04T15:51:09","guid":{"rendered":"https:\/\/www.univ-mosta.dz\/fsnv\/?page_id=7524"},"modified":"2026-02-04T16:53:37","modified_gmt":"2026-02-04T15:53:37","slug":"modele-du-releve-de-note-en-format-ministeriel","status":"publish","type":"page","link":"https:\/\/www.univ-mosta.dz\/fsnv\/modele-du-releve-de-note-en-format-ministeriel\/","title":{"rendered":"Mod\u00e8le\u00a0du relev\u00e9 de note en format minist\u00e9riel"},"content":{"rendered":"\n<div class=\"wp-block-file aligncenter has-very-light-gray-to-cyan-bluish-gray-gradient-background has-background coblocks-animate\" data-coblocks-animation=\"zoomIn\"><a id=\"wp-block-file--media-466ca122-a94a-4674-a953-812067bb0f3f\" href=\"https:\/\/www.univ-mosta.dz\/fsnv\/?attachment_id=7525\" target=\"_blank\" rel=\"noreferrer noopener\"><strong>Format Minist\u00e9riel VIDE<\/strong><\/a><a href=\"https:\/\/www.univ-mosta.dz\/fsnv\/wp-content\/uploads\/sites\/6\/2026\/02\/Format-Ministeriel-VIDE-1.docx\" class=\"wp-block-file__button wp-element-button\" download aria-describedby=\"wp-block-file--media-466ca122-a94a-4674-a953-812067bb0f3f\">T\u00e9l\u00e9charger<\/a><\/div>\n\n\n\n\n","protected":false},"excerpt":{"rendered":"<p>Format Minist\u00e9riel VIDET\u00e9l\u00e9charger<\/p>\n","protected":false},"author":9,"featured_media":0,"parent":0,"menu_order":0,"comment_status":"closed","ping_status":"closed","template":"","meta":{"_coblocks_attr":"","_coblocks_dimensions":"","_coblocks_responsive_height":"","_coblocks_accordion_ie_support":"","footnotes":""},"class_list":["post-7524","page","type-page","status-publish","hentry"],"_links":{"self":[{"href":"https:\/\/www.univ-mosta.dz\/fsnv\/wp-json\/wp\/v2\/pages\/7524","targetHints":{"allow":["GET"]}}],"collection":[{"href":"https:\/\/www.univ-mosta.dz\/fsnv\/wp-json\/wp\/v2\/pages"}],"about":[{"href":"https:\/\/www.univ-mosta.dz\/fsnv\/wp-json\/wp\/v2\/types\/page"}],"author":[{"embeddable":true,"href":"https:\/\/www.univ-mosta.dz\/fsnv\/wp-json\/wp\/v2\/users\/9"}],"replies":[{"embeddable":true,"href":"https:\/\/www.univ-mosta.dz\/fsnv\/wp-json\/wp\/v2\/comments?post=7524"}],"version-history":[{"count":3,"href":"https:\/\/www.univ-mosta.dz\/fsnv\/wp-json\/wp\/v2\/pages\/7524\/revisions"}],"predecessor-version":[{"id":7530,"href":"https:\/\/www.univ-mosta.dz\/fsnv\/wp-json\/wp\/v2\/pages\/7524\/revisions\/7530"}],"wp:attachment":[{"href":"https:\/\/www.univ-mosta.dz\/fsnv\/wp-json\/wp\/v2\/media?parent=7524"}],"curies":[{"name":"wp","href":"https:\/\/api.w.org\/{rel}","templated":true}]}}