{"id":7087,"date":"2025-06-17T11:41:41","date_gmt":"2025-06-17T09:41:41","guid":{"rendered":"https:\/\/www.univ-mosta.dz\/fsnv\/?page_id=7087"},"modified":"2025-06-18T11:50:41","modified_gmt":"2025-06-18T09:50:41","slug":"organigramme_snv","status":"publish","type":"page","link":"https:\/\/www.univ-mosta.dz\/fsnv\/organigramme_snv\/","title":{"rendered":"Organigramme de la Facult\u00e9"},"content":{"rendered":"\n<div class=\"wp-block-columns alignwide is-layout-flex wp-container-core-columns-is-layout-61ecc280 wp-block-columns-is-layout-flex\" style=\"padding-top:2.5rem;padding-right:2.5rem;padding-bottom:2.5rem;padding-left:2.5rem\">\n<div class=\"wp-block-column is-layout-flow wp-block-column-is-layout-flow\" style=\"flex-basis:25%\">\n<figure class=\"wp-block-image size-large is-resized\"><img loading=\"lazy\" decoding=\"async\" width=\"727\" height=\"1024\" src=\"http:\/\/www.univ-mosta.dz\/fsnv\/wp-content\/uploads\/sites\/6\/2023\/12\/Photo-Doyen-727x1024.jpg\" alt=\"\" class=\"wp-image-5534\" style=\"width:178px;height:auto\" srcset=\"https:\/\/www.univ-mosta.dz\/fsnv\/wp-content\/uploads\/sites\/6\/2023\/12\/Photo-Doyen-727x1024.jpg 727w, https:\/\/www.univ-mosta.dz\/fsnv\/wp-content\/uploads\/sites\/6\/2023\/12\/Photo-Doyen-213x300.jpg 213w, https:\/\/www.univ-mosta.dz\/fsnv\/wp-content\/uploads\/sites\/6\/2023\/12\/Photo-Doyen-768x1082.jpg 768w, https:\/\/www.univ-mosta.dz\/fsnv\/wp-content\/uploads\/sites\/6\/2023\/12\/Photo-Doyen-1090x1536.jpg 1090w, https:\/\/www.univ-mosta.dz\/fsnv\/wp-content\/uploads\/sites\/6\/2023\/12\/Photo-Doyen-1454x2048.jpg 1454w, https:\/\/www.univ-mosta.dz\/fsnv\/wp-content\/uploads\/sites\/6\/2023\/12\/Photo-Doyen.jpg 1774w\" sizes=\"auto, (max-width: 727px) 100vw, 727px\" \/><\/figure>\n<\/div>\n\n\n\n<div class=\"wp-block-column is-layout-flow wp-block-column-is-layout-flow\" style=\"flex-basis:75%\">\n<h2 class=\"wp-block-heading\">Prof . BENKHELIFA Mohammed<\/h2>\n\n\n\n<p class=\"has-text-align-center\"><strong>Doyen de la Facult\u00e9 des Sciences de la Nature et de la Vie&nbsp;<\/strong><\/p>\n\n\n\n<div class=\"wp-block-buttons is-layout-flex wp-block-buttons-is-layout-flex\"><\/div>\n<\/div>\n<\/div>\n\n\n\n<div class=\"wp-block-columns alignwide is-layout-flex wp-container-core-columns-is-layout-9d6595d7 wp-block-columns-is-layout-flex\">\n<div class=\"wp-block-column is-layout-flow wp-block-column-is-layout-flow\">\n<div class=\"wp-block-group\"><div class=\"wp-block-group__inner-container is-layout-constrained wp-block-group-is-layout-constrained\">\n<div class=\"wp-block-columns is-layout-flex wp-container-core-columns-is-layout-61ecc280 wp-block-columns-is-layout-flex\" style=\"padding-top:2.5rem;padding-right:2.5rem;padding-bottom:2.5rem;padding-left:2.5rem\">\n<div class=\"wp-block-column is-vertically-aligned-stretch is-layout-flow wp-block-column-is-layout-flow\" style=\"flex-basis:25%\">\n<figure class=\"wp-block-image size-full\"><img loading=\"lazy\" decoding=\"async\" width=\"225\" height=\"225\" src=\"http:\/\/www.univ-mosta.dz\/fsnv\/wp-content\/uploads\/sites\/6\/2021\/11\/telechargement.png\" alt=\"\" class=\"wp-image-3362\" srcset=\"https:\/\/www.univ-mosta.dz\/fsnv\/wp-content\/uploads\/sites\/6\/2021\/11\/telechargement.png 225w, https:\/\/www.univ-mosta.dz\/fsnv\/wp-content\/uploads\/sites\/6\/2021\/11\/telechargement-150x150.png 150w\" sizes=\"auto, (max-width: 225px) 100vw, 225px\" \/><\/figure>\n<\/div>\n\n\n\n<div class=\"wp-block-column is-layout-flow wp-block-column-is-layout-flow\" style=\"flex-basis:75%\">\n<h2 class=\"wp-block-heading\">Prof. NEMICHE Said<\/h2>\n\n\n\n<p><strong>Vice-Doyen charg\u00e9 de la p\u00e9dagogie<\/strong><\/p>\n<\/div>\n<\/div>\n<\/div><\/div>\n\n\n\n<div class=\"wp-block-coblocks-accordion\">\n<div class=\"wp-block-coblocks-accordion-item\"><details><summary class=\"wp-block-coblocks-accordion-item__title has-background has-black-background-color has-text-color has-white-color\"><strong>Les chefs des d\u00e9partements<\/strong><\/summary><div class=\"wp-block-coblocks-accordion-item__content\" style=\"border-color:#000000\">\n<p class=\"has-text-align-center has-very-light-gray-to-cyan-bluish-gray-gradient-background has-background\"><strong><strong>Chef de d\u00e9partement de Biologie<\/strong><\/strong> ( <strong>Dr. Mansouri Toufik<\/strong> )<\/p>\n\n\n\n<p class=\"has-text-align-center has-electric-grass-gradient-background has-background\"><strong><strong>Chef de d\u00e9partement d&rsquo;agronomie<\/strong><\/strong> <strong>( Dr. BENALI Sidahmed )<\/strong><\/p>\n\n\n\n<p class=\"has-text-align-center has-luminous-vivid-amber-to-luminous-vivid-orange-gradient-background has-background\"><strong><strong>Chef de d\u00e9partement des sciences alimentaires<\/strong><\/strong> <strong>( Dr. Yahla Imene )<\/strong><\/p>\n\n\n\n<p class=\"has-text-align-center has-pale-ocean-gradient-background has-background\"><strong><strong>Chef de d\u00e9partement des sciences de la mer et de l\u2019aquaculture<\/strong><\/strong> <strong>( Dr. BENZAIT Houcine )<\/strong><\/p>\n\n\n\n<p class=\"has-text-align-center has-blush-light-purple-gradient-background has-background\"><strong><strong>Chef de d\u00e9partement Biotechnologies<\/strong><\/strong> <strong>( Dr. SEKKAL Fatima Zohra )<\/strong><\/p>\n<\/div><\/details><\/div>\n\n\n\n<div class=\"wp-block-coblocks-accordion-item\"><details><summary class=\"wp-block-coblocks-accordion-item__title has-background has-black-background-color has-text-color has-white-color\"><strong>Les chefs de service<\/strong><\/summary><div class=\"wp-block-coblocks-accordion-item__content\" style=\"border-color:#000000\">\n<p class=\"has-text-align-center has-cyan-bluish-gray-background-color has-background\"><strong>Chef de service des statistiques informations et Orientations&nbsp;<\/strong>( <strong>M. KHERBACHE Mohamed<\/strong> )<\/p>\n\n\n\n<p class=\"has-text-align-center has-cyan-bluish-gray-background-color has-background\"><strong>Chef de service de scolarit\u00e9&nbsp;<\/strong>( <strong>Mlle. BOUHELLA Zahira<\/strong> )<\/p>\n\n\n\n<p class=\"has-text-align-center has-cyan-bluish-gray-background-color has-background\"><strong>Chef de service de l\u2019enseignement et de l\u2019\u00e9valuation&nbsp;<\/strong>( <strong>Mme. BEKKOUCHE Fatima<\/strong> )<\/p>\n\n\n\n\n\n<p><\/p>\n<\/div><\/details><\/div>\n<\/div>\n<\/div>\n\n\n\n<div class=\"wp-block-column is-layout-flow wp-block-column-is-layout-flow\">\n<div class=\"wp-block-group\"><div class=\"wp-block-group__inner-container is-layout-constrained wp-block-group-is-layout-constrained\">\n<div class=\"wp-block-columns are-vertically-aligned-top is-not-stacked-on-mobile is-layout-flex wp-container-core-columns-is-layout-61ecc280 wp-block-columns-is-layout-flex\" style=\"padding-top:2.5rem;padding-right:2.5rem;padding-bottom:2.5rem;padding-left:2.5rem\">\n<div class=\"wp-block-column is-vertically-aligned-top is-layout-flow wp-block-column-is-layout-flow\" style=\"flex-basis:25%\">\n<figure class=\"wp-block-image size-full\"><img loading=\"lazy\" decoding=\"async\" width=\"136\" height=\"158\" src=\"https:\/\/www.univ-mosta.dz\/fsnv\/wp-content\/uploads\/sites\/6\/2025\/06\/Sans-titre.jpg\" alt=\"\" class=\"wp-image-7095\" \/><\/figure>\n<\/div>\n\n\n\n<div class=\"wp-block-column is-vertically-aligned-top is-layout-flow wp-block-column-is-layout-flow\" style=\"flex-basis:75%\">\n<h2 class=\"wp-block-heading\">Dr. DERAMCHIA Nawel<\/h2>\n\n\n\n<p><strong>Vice-Doyen charg\u00e9 de la post-graduation et des relations ext\u00e9rieures<\/strong><\/p>\n<\/div>\n<\/div>\n<\/div><\/div>\n\n\n\n<div class=\"wp-block-coblocks-accordion\">\n<div class=\"wp-block-coblocks-accordion-item\"><details><summary class=\"wp-block-coblocks-accordion-item__title has-background has-black-background-color has-text-color has-white-color\"><strong>Les chefs de service<\/strong><\/summary><div class=\"wp-block-coblocks-accordion-item__content\" style=\"border-color:#000000\">\n<p class=\"has-text-align-center has-pale-cyan-blue-background-color has-background\"><strong>Chef de service du suivi de la formation de post-graduation&nbsp;<\/strong>( <strong>Mme. BOUNOUA Yasmina<\/strong> )<\/p>\n\n\n\n<p class=\"has-text-align-center has-pale-cyan-blue-background-color has-background\"><strong><strong>Chef de service de la coop\u00e9ration et des relations ext\u00e9rieures<\/strong><\/strong> ( <strong>Mme. ROUBAI Amel<\/strong> )<\/p>\n<\/div><\/details><\/div>\n<\/div>\n<\/div>\n\n\n\n<div class=\"wp-block-column is-layout-flow wp-block-column-is-layout-flow\">\n<div class=\"wp-block-columns is-layout-flex wp-container-core-columns-is-layout-61ecc280 wp-block-columns-is-layout-flex\" style=\"padding-top:2.5rem;padding-right:2.5rem;padding-bottom:2.5rem;padding-left:2.5rem\">\n<div class=\"wp-block-column is-vertically-aligned-center is-layout-flow wp-block-column-is-layout-flow\" style=\"flex-basis:25%\">\n<figure class=\"wp-block-image size-large is-resized\"><img loading=\"lazy\" decoding=\"async\" width=\"570\" height=\"1024\" src=\"http:\/\/www.univ-mosta.dz\/fsnv\/wp-content\/uploads\/sites\/6\/2025\/04\/bellar-sg-1-570x1024.jpg\" alt=\"\" class=\"wp-image-6939\" style=\"width:46px;height:auto\" srcset=\"https:\/\/www.univ-mosta.dz\/fsnv\/wp-content\/uploads\/sites\/6\/2025\/04\/bellar-sg-1-570x1024.jpg 570w, https:\/\/www.univ-mosta.dz\/fsnv\/wp-content\/uploads\/sites\/6\/2025\/04\/bellar-sg-1-167x300.jpg 167w, https:\/\/www.univ-mosta.dz\/fsnv\/wp-content\/uploads\/sites\/6\/2025\/04\/bellar-sg-1-768x1381.jpg 768w, https:\/\/www.univ-mosta.dz\/fsnv\/wp-content\/uploads\/sites\/6\/2025\/04\/bellar-sg-1-854x1536.jpg 854w, https:\/\/www.univ-mosta.dz\/fsnv\/wp-content\/uploads\/sites\/6\/2025\/04\/bellar-sg-1.jpg 1139w\" sizes=\"auto, (max-width: 570px) 100vw, 570px\" \/><\/figure>\n<\/div>\n\n\n\n<div class=\"wp-block-column is-vertically-aligned-top is-layout-flow wp-block-column-is-layout-flow\" style=\"flex-basis:75%\">\n<h2 class=\"wp-block-heading\">M. BELLAR Brahim<\/h2>\n\n\n\n<p><strong>Secr\u00e9taire g\u00e9n\u00e9ral<\/strong><\/p>\n<\/div>\n<\/div>\n\n\n\n<div class=\"wp-block-coblocks-accordion\">\n<div class=\"wp-block-coblocks-accordion-item\"><details><summary class=\"wp-block-coblocks-accordion-item__title has-background has-black-background-color has-text-color has-white-color\"><strong>Les chefs de service<\/strong><\/summary><div class=\"wp-block-coblocks-accordion-item__content\" style=\"border-color:#000000\">\n<p class=\"has-text-align-center has-light-green-cyan-background-color has-background\"><strong>Chef de service du Personnel&nbsp;<\/strong>( <strong>Mme. LAIB Assia<\/strong> )<\/p>\n\n\n\n<p class=\"has-light-green-cyan-background-color has-background\"><strong>Chef de service du Budgets et du comptabilit\u00e9&nbsp;<\/strong>( <strong>Mme. LOUZANI Karima<\/strong> )<\/p>\n\n\n\n<p class=\"has-light-green-cyan-background-color has-background\"><strong>Chef de service du l\u2019Animation Scientifique, Culturelle et Sportive<\/strong> ( <strong>M. CHOUARI Abdelhamid<\/strong> )<\/p>\n\n\n\n<p class=\"has-light-green-cyan-background-color has-background\"><strong>Chef de service des Moyens et de Maintenance&nbsp;<\/strong>( <strong>M. CHERRARA Djamel<\/strong> )<\/p>\n\n\n\n<p class=\"has-light-green-cyan-background-color has-background\"><strong>Responsable de la Biblioth\u00e8que&nbsp;<\/strong>( <strong>Mme. CHELLILI Kheira<\/strong> )<\/p>\n\n\n\n<p class=\"has-light-green-cyan-background-color has-background\"><strong>Responsable du Laboratoire&nbsp;<\/strong>( <strong>M.BENBOUZIANE Djillali<\/strong> )<\/p>\n<\/div><\/details><\/div>\n<\/div>\n<\/div>\n<\/div>\n\n\n\n\n","protected":false},"excerpt":{"rendered":"<p>Prof . BENKHELIFA Mohammed Doyen de la Facult\u00e9 des Sciences de la Nature et de la Vie&nbsp; Prof. NEMICHE Said Vice-Doyen charg\u00e9 de la p\u00e9dagogie Les chefs des d\u00e9partements Chef &hellip;<\/p>\n","protected":false},"author":9,"featured_media":0,"parent":0,"menu_order":0,"comment_status":"closed","ping_status":"closed","template":"","meta":{"_coblocks_attr":"","_coblocks_dimensions":"","_coblocks_responsive_height":"","_coblocks_accordion_ie_support":"","footnotes":""},"class_list":["post-7087","page","type-page","status-publish","hentry"],"_links":{"self":[{"href":"https:\/\/www.univ-mosta.dz\/fsnv\/wp-json\/wp\/v2\/pages\/7087","targetHints":{"allow":["GET"]}}],"collection":[{"href":"https:\/\/www.univ-mosta.dz\/fsnv\/wp-json\/wp\/v2\/pages"}],"about":[{"href":"https:\/\/www.univ-mosta.dz\/fsnv\/wp-json\/wp\/v2\/types\/page"}],"author":[{"embeddable":true,"href":"https:\/\/www.univ-mosta.dz\/fsnv\/wp-json\/wp\/v2\/users\/9"}],"replies":[{"embeddable":true,"href":"https:\/\/www.univ-mosta.dz\/fsnv\/wp-json\/wp\/v2\/comments?post=7087"}],"version-history":[{"count":21,"href":"https:\/\/www.univ-mosta.dz\/fsnv\/wp-json\/wp\/v2\/pages\/7087\/revisions"}],"predecessor-version":[{"id":7123,"href":"https:\/\/www.univ-mosta.dz\/fsnv\/wp-json\/wp\/v2\/pages\/7087\/revisions\/7123"}],"wp:attachment":[{"href":"https:\/\/www.univ-mosta.dz\/fsnv\/wp-json\/wp\/v2\/media?parent=7087"}],"curies":[{"name":"wp","href":"https:\/\/api.w.org\/{rel}","templated":true}]}}