{"id":706,"date":"2019-05-21T10:52:41","date_gmt":"2019-05-21T08:52:41","guid":{"rendered":"http:\/\/www.univ-mosta.dz\/fsnv\/?page_id=706"},"modified":"2026-02-25T11:21:45","modified_gmt":"2026-02-25T10:21:45","slug":"pvs-du-csf-de-la-faculte","status":"publish","type":"page","link":"https:\/\/www.univ-mosta.dz\/fsnv\/pvs-du-csf-de-la-faculte\/","title":{"rendered":"Conseil scientifique de la facult\u00e9"},"content":{"rendered":"\n<div class=\"wp-block-coblocks-accordion\">\n<div class=\"wp-block-coblocks-accordion-item\"><details><summary class=\"wp-block-coblocks-accordion-item__title has-background has-pale-cyan-blue-background-color\"><strong>Ann\u00e9e 2026<\/strong><\/summary><div class=\"wp-block-coblocks-accordion-item__content\" style=\"border-color:#8ed1fc\">\n<ul class=\"wp-block-list\">\n<li><a href=\"http:\/\/www.univ-mosta.dz\/fsnv\/wp-content\/uploads\/sites\/6\/2026\/02\/CSF-N\u00b060-05.02.2026.pdf\" target=\"_blank\" rel=\"noreferrer noopener\">Proc\u00e8s Verbal N\u00b0 60, le 05-02-26 du Conseil Scientifique de la facult\u00e9 des sciences de la nature et de la vie.<\/a><\/li>\n<\/ul>\n\n\n\n<p><\/p>\n<\/div><\/details><\/div>\n\n\n\n<div class=\"wp-block-coblocks-accordion-item\"><details><summary class=\"wp-block-coblocks-accordion-item__title has-background has-pale-cyan-blue-background-color\"><strong>Ann\u00e9e 2025<\/strong><\/summary><div class=\"wp-block-coblocks-accordion-item__content\" style=\"border-color:#8ed1fc\">\n<ul class=\"wp-block-list\">\n<li><a href=\"http:\/\/www.univ-mosta.dz\/fsnv\/wp-content\/uploads\/sites\/6\/2025\/06\/PV-CSF-N\u00b059-18.05.2025.pdf\" data-type=\"link\" data-id=\"http:\/\/www.univ-mosta.dz\/fsnv\/wp-content\/uploads\/sites\/6\/2025\/06\/PV-CSF-N\u00b059-18.05.2025.pdf\" target=\"_blank\" rel=\"noreferrer noopener\">Proc\u00e8s Verbal N\u00b0 59, le 18-05-25 du Conseil Scientifique de la facult\u00e9 des sciences de la nature et de la vie.<\/a><\/li>\n\n\n\n<li><a href=\"http:\/\/www.univ-mosta.dz\/fsnv\/wp-content\/uploads\/sites\/6\/2025\/03\/PV-CSF-N\u00b0-58.pdf\" target=\"_blank\" rel=\"noreferrer noopener\">Proc\u00e8s Verbal N\u00b0 58, le 10-02-25 du Conseil Scientifique de la facult\u00e9 des sciences de la nature et de la vie.<\/a><\/li>\n<\/ul>\n\n\n\n<p><\/p>\n<\/div><\/details><\/div>\n\n\n\n<div class=\"wp-block-coblocks-accordion-item\"><details><summary class=\"wp-block-coblocks-accordion-item__title has-background has-pale-cyan-blue-background-color\"><strong>Ann\u00e9e 2024<\/strong><\/summary><div class=\"wp-block-coblocks-accordion-item__content\" style=\"border-color:#8ed1fc\">\n<ul class=\"wp-block-list\">\n<li><a href=\"http:\/\/www.univ-mosta.dz\/fsnv\/wp-content\/uploads\/sites\/6\/2024\/11\/CSF-N\u00b057-03.11.2024.pdf\" target=\"_blank\" rel=\"noreferrer noopener\">Proc\u00e8s Verbal N\u00b0 57, le 03-11-24 du Conseil Scientifique de la facult\u00e9 des sciences de la nature et de la vie.<\/a><\/li>\n\n\n\n<li><a href=\"http:\/\/www.univ-mosta.dz\/fsnv\/wp-content\/uploads\/sites\/6\/2024\/10\/PV-CSF-extraordinaire-N\u00b056.pdf\" data-type=\"link\" data-id=\"http:\/\/www.univ-mosta.dz\/fsnv\/wp-content\/uploads\/sites\/6\/2024\/10\/PV-CSF-extraordinaire-N\u00b056.pdf\">Proc\u00e8s Verbal N\u00b0 56, le 26-09-24 extraordinaire du Conseil Scientifique de la facult\u00e9 des sciences de la nature et de la vie.<\/a><\/li>\n\n\n\n<li><a href=\"http:\/\/www.univ-mosta.dz\/fsnv\/wp-content\/uploads\/sites\/6\/2024\/07\/PV-CSF-27.06.2024.pdf\" target=\"_blank\" rel=\"noreferrer noopener\">Proc\u00e8s Verbal N\u00b0 55, le 27-06-24 du Conseil Scientifique de la facult\u00e9 des sciences de la nature et de la vie.<\/a><\/li>\n\n\n\n<li><a href=\"http:\/\/www.univ-mosta.dz\/fsnv\/wp-content\/uploads\/sites\/6\/2024\/06\/PC-CSF-N\u00b0-54.pdf\">Proc\u00e8s Verbal N\u00b0 54, le 27-05-24 extraordinaire du Conseil Scientifique de la facult\u00e9 des sciences de la nature et de la vie.<\/a><\/li>\n\n\n\n<li><a href=\"http:\/\/www.univ-mosta.dz\/fsnv\/wp-content\/uploads\/sites\/6\/2024\/05\/PV-de-carence-12.05.2024.pdf\">Proc\u00e8s Verbal de carence du Conseil Scientifique de la facult\u00e9 des sciences de la nature et de la vie du 12\/05\/2024<\/a><\/li>\n\n\n\n<li><a href=\"http:\/\/www.univ-mosta.dz\/fsnv\/wp-content\/uploads\/sites\/6\/2024\/04\/PV-CSf-extraordinaire-13.03.2024.pdf\">Proc\u00e8s Verbal N\u00b0 53, le 13-03-24 extraordinaire du Conseil Scientifique de la facult\u00e9 des sciences de la nature et de la vie.<\/a><\/li>\n\n\n\n<li><a href=\"http:\/\/www.univ-mosta.dz\/fsnv\/wp-content\/uploads\/sites\/6\/2024\/04\/pv-n-52-snv.pdf\">Proc\u00e8s Verbal N\u00b0 52, le 10-03-24du Conseil Scientifique de la facult\u00e9 des sciences de la nature et de la vie. <\/a><\/li>\n<\/ul>\n\n\n\n<p><\/p>\n<\/div><\/details><\/div>\n\n\n\n<div class=\"wp-block-coblocks-accordion-item\"><details><summary class=\"wp-block-coblocks-accordion-item__title has-background has-pale-cyan-blue-background-color\"><strong>Ann\u00e9e 2023<\/strong><\/summary><div class=\"wp-block-coblocks-accordion-item__content\" style=\"border-color:#8ed1fc\">\n<ul class=\"wp-block-list\">\n<li><a href=\"http:\/\/www.univ-mosta.dz\/fsnv\/wp-content\/uploads\/sites\/6\/2024\/01\/PV-CSF-N\u00b0-51.pdf\">Proc\u00e8s Verbal N\u00b0 51, le 20-11-23 du Conseil Scientifique de la facult\u00e9 des sciences de la nature et de la vie. <\/a><\/li>\n\n\n\n<li><a href=\"http:\/\/www.univ-mosta.dz\/fsnv\/wp-content\/uploads\/sites\/6\/2023\/06\/CSF-14.06.2023.pdf\">Proc\u00e8s Verbal N\u00b0 48, le 14-06-23 du Conseil Scientifique de la facult\u00e9 des sciences de la nature et de la vie. <\/a><\/li>\n\n\n\n<li><a href=\"http:\/\/www.univ-mosta.dz\/fsnv\/wp-content\/uploads\/sites\/6\/2023\/06\/PV-CSF-SNV-N\u00b047-du-22-3-23-1.pdf\">Proc\u00e8s Verbal N\u00b0 47, le 22-03-23 du Conseil Scientifique de la facult\u00e9 des sciences de la nature et de la vie. <\/a><\/li>\n\n\n\n<li><a href=\"http:\/\/www.univ-mosta.dz\/fsnv\/wp-content\/uploads\/sites\/6\/2023\/03\/PV.-CSF-N\u00b046.docx-ar.pdf\">Proc\u00e8s Verbal N\u00b0 46, le 29-01-23 extraordinaire du Conseil Scientifique de la facult\u00e9 des sciences de la nature et de la vie. <\/a><\/li>\n<\/ul>\n<\/div><\/details><\/div>\n\n\n\n<div class=\"wp-block-coblocks-accordion-item\"><details><summary class=\"wp-block-coblocks-accordion-item__title has-background has-pale-cyan-blue-background-color\"><strong>Ann\u00e9e 2022<\/strong><\/summary><div class=\"wp-block-coblocks-accordion-item__content\" style=\"border-color:#8ed1fc\">\n<ul class=\"wp-block-list\"><li><a href=\"http:\/\/www.univ-mosta.dz\/fsnv\/wp-content\/uploads\/sites\/6\/2022\/11\/PV-CSF-N\u00b044-.pdf\">Proc\u00e8s Verbal N\u00b0 44, le 30-10-22 <a href=\"http:\/\/www.univ-mosta.dz\/fsnv\/wp-content\/uploads\/sites\/6\/2022\/03\/PV-CSF-extraordianire-N\u00b0-39-du-22-03-2022.pdf\">extraordinaire du Conseil Scientifique de la facult\u00e9 des sciences de la nature et de la vie. <\/a><\/a><\/li><li><a href=\"http:\/\/www.univ-mosta.dz\/fsnv\/wp-content\/uploads\/sites\/6\/2022\/06\/PV-CSF-SNV-N\u00b041-du-30-05-2022.pdf\">Proc\u00e8s Verbal N\u00b0 41, le 30-05-22 du Conseil Scientifique de la facult\u00e9 des sciences de la nature et de la vie. <\/a><\/li><li><a href=\"http:\/\/www.univ-mosta.dz\/fsnv\/wp-content\/uploads\/sites\/6\/2022\/03\/PV-CSF-extraordianire-N\u00b0-39-du-22-03-2022.pdf\">Proc\u00e8s Verbal N\u00b0 39, le 22-03-22 extraordinaire du Conseil Scientifique de la facult\u00e9 des sciences de la nature et de la vie. <\/a><\/li><li><a href=\"http:\/\/www.univ-mosta.dz\/fsnv\/wp-content\/uploads\/sites\/6\/2022\/03\/PV-CSF-N\u00b038-du-09-03-2022-Ar-1.pdf\">Proc\u00e8s Verbal N\u00b0 38, le 09-03-22 du Conseil Scientifique de la facult\u00e9 des sciences de la nature et de la vie. <\/a><\/li><li><a href=\"http:\/\/www.univ-mosta.dz\/fsnv\/wp-content\/uploads\/sites\/6\/2022\/03\/PV-CSF-extraordinaire-N\u00b0-37-du-25-02-2022.pdf\">Proc\u00e8s Verbal N\u00b0 37, le 25-02-22 extraordinaire du Conseil Scientifique de la facult\u00e9 des sciences de la nature et de la vie. <\/a><\/li><li><a style=\"font-size: revert\" href=\"http:\/\/www.univ-mosta.dz\/fsnv\/wp-content\/uploads\/sites\/6\/2022\/01\/PV-CSF-FSNV-N\u00b036-Extraordinaire-du-17-01-2022.pdf\">Proc\u00e8s Verbal N\u00b0 36, le 17-01-22 extraordinaire du Conseil Scientifique de la facult\u00e9 des sciences de la nature et de la vie.<\/a> <\/li><\/ul>\n<\/div><\/details><\/div>\n<\/div>\n\n\n\n<div class=\"wp-block-coblocks-accordion\">\n<div class=\"wp-block-coblocks-accordion-item\"><details><summary class=\"wp-block-coblocks-accordion-item__title has-background has-pale-cyan-blue-background-color\"><strong><strong>Ann\u00e9e 2021 <\/strong><\/strong><\/summary><div class=\"wp-block-coblocks-accordion-item__content\" style=\"border-color:#8ed1fc\">\n<ul class=\"wp-block-list\">\n<li><a href=\"http:\/\/Proc\u00e8s-Verbal-N\u00b0-12-le-21-01-19-Conseil-Scientifique-de-la-Facult\u00e9-des-Sciences-de-la-Nature-et-de-la-Vie.pdf\"><\/a><a href=\"http:\/\/www.univ-mosta.dz\/fsnv\/wp-content\/uploads\/sites\/6\/2020\/09\/PV-CSF-17-FSNV-du-02-03-2020.pdf\"><\/a><a href=\"http:\/\/www.univ-mosta.dz\/fsnv\/wp-content\/uploads\/sites\/6\/2021\/01\/PV-CSF-extraordinaire-06-01-2021.pdf\">Proc\u00e8s Verbal N\u00b0 23, le 06-01-21 Conseil Scientifique de la facult\u00e9 des sciences de la nature et de la vie.<\/a><\/li>\n\n\n\n<li><a href=\"http:\/\/www.univ-mosta.dz\/fsnv\/wp-content\/uploads\/sites\/6\/2020\/09\/PV-CSF-17-FSNV-du-02-03-2020.pdf\"><\/a><a href=\"http:\/\/www.univ-mosta.dz\/fsnv\/wp-content\/uploads\/sites\/6\/2021\/06\/PV-CSF-N\u00b0-24-du-08-03-2021.pdf\">Proc\u00e8s Verbal N\u00b0 24, le 08-03-21 Conseil Scientifique de la facult\u00e9 des sciences de la nature et de la vie.<\/a><\/li>\n\n\n\n<li><a href=\"http:\/\/www.univ-mosta.dz\/fsnv\/wp-content\/uploads\/sites\/6\/2020\/09\/PV-CSF-17-FSNV-du-02-03-2020.pdf\"><\/a><a href=\"http:\/\/www.univ-mosta.dz\/fsnv\/wp-content\/uploads\/sites\/6\/2021\/06\/PV-CSF-N\u00b0-25-du-10-03-2021.pdf\">Proc\u00e8s Verbal N\u00b0 25, le 10-03-21 Conseil Scientifique de la facult\u00e9 des sciences de la nature et de la vie.<\/a><\/li>\n\n\n\n<li><a href=\"http:\/\/www.univ-mosta.dz\/fsnv\/wp-content\/uploads\/sites\/6\/2020\/09\/PV-CSF-17-FSNV-du-02-03-2020.pdf\"><\/a><a href=\"http:\/\/www.univ-mosta.dz\/fsnv\/wp-content\/uploads\/sites\/6\/2021\/06\/PV-CSF-N\u00b0-26-du-21-03-2021.pdf\">Proc\u00e8s Verbal N\u00b0 26, le 21-03-21 Conseil Scientifique de la facult\u00e9 des sciences de la nature et de la vie.<\/a><\/li>\n\n\n\n<li><a href=\"http:\/\/www.univ-mosta.dz\/fsnv\/wp-content\/uploads\/sites\/6\/2020\/09\/PV-CSF-17-FSNV-du-02-03-2020.pdf\"><\/a><a href=\"http:\/\/www.univ-mosta.dz\/fsnv\/wp-content\/uploads\/sites\/6\/2021\/06\/PV-CSF-N\u00b0-27-du-28-03-2021.pdf\">Proc\u00e8s Verbal N\u00b0 27, le 28-03-21 Conseil Scientifique de la facult\u00e9 des sciences de la nature et de la vie.<\/a><\/li>\n\n\n\n<li><a href=\"http:\/\/www.univ-mosta.dz\/fsnv\/wp-content\/uploads\/sites\/6\/2020\/09\/PV-CSF-17-FSNV-du-02-03-2020.pdf\"><\/a><a href=\"http:\/\/www.univ-mosta.dz\/fsnv\/wp-content\/uploads\/sites\/6\/2021\/06\/PV-CSF-N\u00b0-28-du-02-04-2021.pdf\">Proc\u00e8s Verbal N\u00b0 28, le 02-04-21 Conseil Scientifique de la facult\u00e9 des sciences de la nature et de la vie.<\/a><\/li>\n\n\n\n<li><a href=\"http:\/\/www.univ-mosta.dz\/fsnv\/wp-content\/uploads\/sites\/6\/2020\/09\/PV-CSF-17-FSNV-du-02-03-2020.pdf\"><\/a><a href=\"http:\/\/www.univ-mosta.dz\/fsnv\/wp-content\/uploads\/sites\/6\/2021\/07\/PV-CSF-N\u00b029-du-03-05-2021.pdf\">Proc\u00e8s Verbal N\u00b0 29, le 03-05-21 Conseil Scientifique de la facult\u00e9 des sciences de la nature et de la vie.<\/a><\/li>\n\n\n\n<li><a href=\"http:\/\/www.univ-mosta.dz\/fsnv\/wp-content\/uploads\/sites\/6\/2020\/09\/PV-CSF-17-FSNV-du-02-03-2020.pdf\"><\/a><a href=\"http:\/\/www.univ-mosta.dz\/fsnv\/wp-content\/uploads\/sites\/6\/2021\/07\/PV-CSF-N\u00b030-du-30-06-2021-1.pdf\">Proc\u00e8s Verbal N\u00b0 30, le 30-06-21 Conseil Scientifique de la facult\u00e9 des sciences de la nature et de la vie.<\/a><\/li>\n\n\n\n<li><a href=\"http:\/\/www.univ-mosta.dz\/fsnv\/wp-content\/uploads\/sites\/6\/2020\/09\/PV-CSF-17-FSNV-du-02-03-2020.pdf\"><\/a><a href=\"http:\/\/www.univ-mosta.dz\/fsnv\/wp-content\/uploads\/sites\/6\/2021\/09\/PV.CSF-n\u00b0-32-du-22-09-2021.pdf\">Proc\u00e8s Verbal N\u00b0 32, le 22-09-21 Conseil Scientifique de la facult\u00e9 des sciences de la nature et de la vie.<\/a><\/li>\n\n\n\n<li><a href=\"http:\/\/www.univ-mosta.dz\/fsnv\/wp-content\/uploads\/sites\/6\/2020\/09\/PV-CSF-17-FSNV-du-02-03-2020.pdf\"><\/a><a href=\"http:\/\/www.univ-mosta.dz\/fsnv\/wp-content\/uploads\/sites\/6\/2022\/03\/PV-CSF-N\u00b033-du-24-10-2021.pdf\">Proc\u00e8s Verbal N\u00b0 33, le 24-10-21 Conseil Scientifique de la facult\u00e9 des sciences de la nature et de la vie.<\/a><\/li>\n\n\n\n<li><a href=\"http:\/\/www.univ-mosta.dz\/fsnv\/wp-content\/uploads\/sites\/6\/2020\/09\/PV-CSF-17-FSNV-du-02-03-2020.pdf\"><\/a><a href=\"http:\/\/www.univ-mosta.dz\/fsnv\/wp-content\/uploads\/sites\/6\/2021\/11\/PV-CSF-Extraordinaire-N\u00b034-du-28-10-2021.pdf\">Proc\u00e8s Verbal N\u00b0 34, le 28-10-21 extraordinaire du Conseil Scientifique de la facult\u00e9 des sciences de la nature et de la vie.<\/a><\/li>\n\n\n\n<li><a href=\"http:\/\/www.univ-mosta.dz\/fsnv\/wp-content\/uploads\/sites\/6\/2021\/11\/PV-CSF-Extraordinaire-N\u00b035-du-24-11-2021.pdf\">Proc\u00e8s Verbal N\u00b0 35, le 24-11-21 extraordinaire du Conseil Scientifique de la facult\u00e9 des sciences de la nature et de la vie.<\/a><\/li>\n<\/ul>\n\n\n\n<p><\/p>\n\n\n\n<p><\/p>\n<\/div><\/details><\/div>\n\n\n\n<div class=\"wp-block-coblocks-accordion-item\"><details><summary class=\"wp-block-coblocks-accordion-item__title has-background has-pale-cyan-blue-background-color\"><strong><strong>Ann\u00e9e 2020 <\/strong><\/strong><\/summary><div class=\"wp-block-coblocks-accordion-item__content\" style=\"border-color:#8ed1fc\">\n<ul class=\"wp-block-list\"><li><a href=\"http:\/\/Proc\u00e8s-Verbal-N\u00b0-12-le-21-01-19-Conseil-Scientifique-de-la-Facult\u00e9-des-Sciences-de-la-Nature-et-de-la-Vie.pdf\"><a href=\"http:\/\/www.univ-mosta.dz\/fsnv\/wp-content\/uploads\/sites\/6\/2020\/09\/PV-CSF-17-FSNV-du-02-03-2020.pdf\">Proc\u00e8s Verbal N\u00b0 17, le 02-09-20 Conseil Scientifique de la facult\u00e9 des sciences de la nature et de la vie.<\/a><\/a><\/li><li><a href=\"http:\/\/Proc\u00e8s-Verbal-N\u00b0-12-le-21-01-19-Conseil-Scientifique-de-la-Facult\u00e9-des-Sciences-de-la-Nature-et-de-la-Vie.pdf\"><a href=\"http:\/\/www.univ-mosta.dz\/fsnv\/wp-content\/uploads\/sites\/6\/2020\/09\/PV-CSF-18-FSNV-du-18-06-2020.pdf\">Proc\u00e8s Verbal N\u00b0 18, le 18-06-20 Conseil Scientifique de la facult\u00e9 des sciences de la nature et de la vie.<\/a><\/a><\/li><li><a href=\"http:\/\/Proc\u00e8s-Verbal-N\u00b0-12-le-21-01-19-Conseil-Scientifique-de-la-Facult\u00e9-des-Sciences-de-la-Nature-et-de-la-Vie.pdf\"><a href=\"http:\/\/www.univ-mosta.dz\/fsnv\/wp-content\/uploads\/sites\/6\/2020\/09\/PV-CSF-19-FSNV-du-06-07-2020.pdf\">Proc\u00e8s Verbal N\u00b0 19, le 06-07-20 Conseil Scientifique de la facult\u00e9 des sciences de la nature et de la vie.<\/a><\/a><\/li><li><a href=\"http:\/\/Proc\u00e8s-Verbal-N\u00b0-12-le-21-01-19-Conseil-Scientifique-de-la-Facult\u00e9-des-Sciences-de-la-Nature-et-de-la-Vie.pdf\"><a href=\"http:\/\/www.univ-mosta.dz\/fsnv\/wp-content\/uploads\/sites\/6\/2020\/11\/PV-CSF-N\u00b0-20-FSNV-09-09-2020.pdf\">Proc\u00e8s Verbal N\u00b0 20, le 09-09-20 Conseil Scientifique de la facult\u00e9 des sciences de la nature et de la vie.<\/a><\/a><\/li><li><a href=\"http:\/\/Proc\u00e8s-Verbal-N\u00b0-12-le-21-01-19-Conseil-Scientifique-de-la-Facult\u00e9-des-Sciences-de-la-Nature-et-de-la-Vie.pdf\"><a href=\"http:\/\/www.univ-mosta.dz\/fsnv\/wp-content\/uploads\/sites\/6\/2020\/11\/PV-CSF-N\u00b021-FSNV-du-28-10-2020.pdf\">Proc\u00e8s Verbal N\u00b0 21, le 28-10-20 Conseil Scientifique de la facult\u00e9 des sciences de la nature et de la vie.<\/a><\/a><\/li><li><a href=\"http:\/\/Proc\u00e8s-Verbal-N\u00b0-12-le-21-01-19-Conseil-Scientifique-de-la-Facult\u00e9-des-Sciences-de-la-Nature-et-de-la-Vie.pdf\"><a href=\"http:\/\/www.univ-mosta.dz\/fsnv\/wp-content\/uploads\/sites\/6\/2020\/12\/PV-CSF-FSNV-N\u00b0-22-du-7-12-2020-1.pdf\">Proc\u00e8s Verbal N\u00b0 22, le 07-12-20 Conseil Scientifique de la facult\u00e9 des sciences de la nature et de la vie.<\/a><\/a><\/li><\/ul>\n<\/div><\/details><\/div>\n\n\n\n<div class=\"wp-block-coblocks-accordion-item\"><details><summary class=\"wp-block-coblocks-accordion-item__title has-background has-pale-cyan-blue-background-color\"><strong><strong>Ann\u00e9e 2019 <\/strong><\/strong><\/summary><div class=\"wp-block-coblocks-accordion-item__content\" style=\"border-color:#8ed1fc\">\n<ul class=\"wp-block-list\">\n<li><a href=\"http:\/\/Proc\u00e8s-Verbal-N\u00b0-12-le-21-01-19-Conseil-Scientifique-de-la-Facult\u00e9-des-Sciences-de-la-Nature-et-de-la-Vie.pdf\">Proc\u00e8s Verbal N\u00b0 12, le 21-01-19 Conseil Scientifique de la Facult\u00e9 des Sciences de la Nature et de la Vie<\/a><\/li>\n\n\n\n<li><a href=\"http:\/\/www.univ-mosta.dz\/fsnv\/wp-content\/uploads\/sites\/6\/2019\/05\/PV-CSF-N%C2%B0-13-du-25-avril-2019.pdf\">Proc\u00e8s Verbal N\u00b0 13, le 25-04-19 Conseil Scientifique de la Facult\u00e9 des Sciences de la Nature et de la Vie<\/a><\/li>\n\n\n\n<li><a href=\"http:\/\/www.univ-mosta.dz\/fsnv\/wp-content\/uploads\/sites\/6\/2019\/07\/Proc%C3%A8s-%E2%80%93Verbal-N%C2%B0-14-du-Conseil-Scientifique-de-la-facult%C3%A9-des-sciences-de-la-nature-et-de-la-vie..pdf\">Proc\u00e8s Verbal N\u00b0 14, le 23-06-19 Conseil Scientifique de la facult\u00e9 des sciences de la nature et de la vie.<\/a><\/li>\n<\/ul>\n<\/div><\/details><\/div>\n\n\n\n<div class=\"wp-block-coblocks-accordion-item\"><details><summary class=\"wp-block-coblocks-accordion-item__title has-background has-pale-cyan-blue-background-color\"><strong>Ann\u00e9e 2018<\/strong><\/summary><div class=\"wp-block-coblocks-accordion-item__content\" style=\"border-color:#8ed1fc\">\n<ul class=\"wp-block-list\">\n<li><a href=\"http:\/\/www.univ-mosta.dz\/fsnv\/wp-content\/uploads\/sites\/6\/2019\/05\/PV-CSF-du-10-10-2018.pdf\">Proc\u00e8s Verbal N\u00b0 09, le 11-10-18 Conseil Scientifique de la Facult\u00e9 des Sciences de la Nature et de la Vie<\/a><\/li>\n\n\n\n<li><a href=\"http:\/\/www.univ-mosta.dz\/fsnv\/wp-content\/uploads\/sites\/6\/2019\/05\/PV-CSF-N\u00b010-du-22-Nov-2018.pdf\">Proc\u00e8s Verbal N\u00b0 10, le 22-11-18 Conseil Scientifique de la Facult\u00e9 des Sciences de la Nature et de la Vie<\/a><\/li>\n\n\n\n<li><a href=\"http:\/\/www.univ-mosta.dz\/fsnv\/wp-content\/uploads\/sites\/6\/2019\/02\/pv_global_du_CSF_N_11_du_22.pdf\">Proc\u00e8s Verbal N\u00b0 11, le 22-11-18 Conseil Scientifique de la Facult\u00e9 des Sciences de la Nature et de la Vie<\/a><\/li>\n<\/ul>\n<\/div><\/details><\/div>\n<\/div>\n\n\n\n<div class=\"wp-block-coblocks-accordion\">\n<div class=\"wp-block-coblocks-accordion-item\"><\/div>\n<\/div>\n","protected":false},"excerpt":{"rendered":"<p>Ann\u00e9e 2026 Proc\u00e8s Verbal N\u00b0 60, le 05-02-26 du Conseil Scientifique de la facult\u00e9 des sciences de la nature et de la vie. Ann\u00e9e 2025 Proc\u00e8s Verbal N\u00b0 59, le &hellip;<\/p>\n","protected":false},"author":9,"featured_media":0,"parent":0,"menu_order":0,"comment_status":"closed","ping_status":"closed","template":"","meta":{"_coblocks_attr":"","_coblocks_dimensions":"","_coblocks_responsive_height":"","_coblocks_accordion_ie_support":"","footnotes":""},"class_list":["post-706","page","type-page","status-publish","hentry"],"_links":{"self":[{"href":"https:\/\/www.univ-mosta.dz\/fsnv\/wp-json\/wp\/v2\/pages\/706","targetHints":{"allow":["GET"]}}],"collection":[{"href":"https:\/\/www.univ-mosta.dz\/fsnv\/wp-json\/wp\/v2\/pages"}],"about":[{"href":"https:\/\/www.univ-mosta.dz\/fsnv\/wp-json\/wp\/v2\/types\/page"}],"author":[{"embeddable":true,"href":"https:\/\/www.univ-mosta.dz\/fsnv\/wp-json\/wp\/v2\/users\/9"}],"replies":[{"embeddable":true,"href":"https:\/\/www.univ-mosta.dz\/fsnv\/wp-json\/wp\/v2\/comments?post=706"}],"version-history":[{"count":68,"href":"https:\/\/www.univ-mosta.dz\/fsnv\/wp-json\/wp\/v2\/pages\/706\/revisions"}],"predecessor-version":[{"id":7574,"href":"https:\/\/www.univ-mosta.dz\/fsnv\/wp-json\/wp\/v2\/pages\/706\/revisions\/7574"}],"wp:attachment":[{"href":"https:\/\/www.univ-mosta.dz\/fsnv\/wp-json\/wp\/v2\/media?parent=706"}],"curies":[{"name":"wp","href":"https:\/\/api.w.org\/{rel}","templated":true}]}}