{"id":69,"date":"2019-02-20T13:48:28","date_gmt":"2019-02-20T12:48:28","guid":{"rendered":"http:\/\/www.univ-mosta.dz\/fsnv\/?page_id=69"},"modified":"2020-06-25T10:45:45","modified_gmt":"2020-06-25T08:45:45","slug":"journee","status":"publish","type":"page","link":"https:\/\/www.univ-mosta.dz\/fsnv\/journee\/","title":{"rendered":"Journ\u00e9es"},"content":{"rendered":"<ul>\n<li><span style=\"font-family: georgia, palatino, serif;color: #000000\"><a style=\"color: #000000\" href=\"http:\/\/www.univ-mosta.dz\/fsnv\/wp-content\/uploads\/sites\/6\/2019\/03\/Proceedings-3-\u00e8me-Journ\u00e9es-Scientifiques-de-la-Facult\u00e9-SNV.pdf\">Proceedings 3 \u00e8me Journ\u00e9es Scientifiques de la Facult\u00e9 SNV<\/a><\/span><\/li>\n<li><span style=\"font-family: georgia, palatino, serif;color: #000000\"><a style=\"color: #000000\" href=\"http:\/\/www.univ-mosta.dz\/fsnv\/wp-content\/uploads\/sites\/6\/2019\/03\/Proceedings-6-\u00e8me-Journ\u00e9es-Scientifiques-de-la-Facult\u00e9-SNV.pdf\">Proceedings 6 \u00e8me Journ\u00e9es Scientifiques de la Facult\u00e9 SNV<\/a><\/span><\/li>\n<li><span style=\"font-family: georgia, palatino, serif;color: #000000\"><a style=\"color: #000000\" href=\"http:\/\/www.univ-mosta.dz\/fsnv\/wp-content\/uploads\/sites\/6\/2019\/03\/Proceedings-7-\u00e8me-Journ\u00e9es-Scientifiques-de-la-Facult\u00e9-SNV.pdf\">Proceedings 7 \u00e8me Journ\u00e9es Scientifiques de la Facult\u00e9 SNV<\/a><\/span><\/li>\n<li><a href=\"http:\/\/www.univ-mosta.dz\/fsnv\/wp-content\/uploads\/sites\/6\/2020\/06\/Proceedings-JNSNV-2019.pdf\"><span style=\"font-family: georgia, palatino, serif;color: #000000\">Proceedings 9 \u00e8me Journ\u00e9es Nationales de la Facult\u00e9 SNV<\/span><\/a><\/li>\n<\/ul>\n","protected":false},"excerpt":{"rendered":"<p>Proceedings 3 \u00e8me Journ\u00e9es Scientifiques de la Facult\u00e9 SNV Proceedings 6 \u00e8me Journ\u00e9es Scientifiques de la Facult\u00e9 SNV Proceedings 7 \u00e8me Journ\u00e9es Scientifiques de la Facult\u00e9 SNV Proceedings 9 \u00e8me &hellip;<\/p>\n","protected":false},"author":9,"featured_media":0,"parent":0,"menu_order":0,"comment_status":"closed","ping_status":"closed","template":"","meta":{"_coblocks_attr":"","_coblocks_dimensions":"","_coblocks_responsive_height":"","_coblocks_accordion_ie_support":"","footnotes":""},"class_list":["post-69","page","type-page","status-publish","hentry"],"_links":{"self":[{"href":"https:\/\/www.univ-mosta.dz\/fsnv\/wp-json\/wp\/v2\/pages\/69","targetHints":{"allow":["GET"]}}],"collection":[{"href":"https:\/\/www.univ-mosta.dz\/fsnv\/wp-json\/wp\/v2\/pages"}],"about":[{"href":"https:\/\/www.univ-mosta.dz\/fsnv\/wp-json\/wp\/v2\/types\/page"}],"author":[{"embeddable":true,"href":"https:\/\/www.univ-mosta.dz\/fsnv\/wp-json\/wp\/v2\/users\/9"}],"replies":[{"embeddable":true,"href":"https:\/\/www.univ-mosta.dz\/fsnv\/wp-json\/wp\/v2\/comments?post=69"}],"version-history":[{"count":5,"href":"https:\/\/www.univ-mosta.dz\/fsnv\/wp-json\/wp\/v2\/pages\/69\/revisions"}],"predecessor-version":[{"id":1068,"href":"https:\/\/www.univ-mosta.dz\/fsnv\/wp-json\/wp\/v2\/pages\/69\/revisions\/1068"}],"wp:attachment":[{"href":"https:\/\/www.univ-mosta.dz\/fsnv\/wp-json\/wp\/v2\/media?parent=69"}],"curies":[{"name":"wp","href":"https:\/\/api.w.org\/{rel}","templated":true}]}}