{"id":63,"date":"2019-02-20T13:47:23","date_gmt":"2019-02-20T12:47:23","guid":{"rendered":"http:\/\/www.univ-mosta.dz\/fsnv\/?page_id=63"},"modified":"2019-03-03T08:55:57","modified_gmt":"2019-03-03T07:55:57","slug":"manifestation-scientifique","status":"publish","type":"page","link":"https:\/\/www.univ-mosta.dz\/fsnv\/manifestation-scientifique\/","title":{"rendered":"Manifestation scientifique"},"content":{"rendered":"<ul>\n<li><span style=\"font-family: georgia, palatino, serif;color: #000000\"><a style=\"color: #000000\" href=\"http:\/\/www.univ-mosta.dz\/fsnv\/wp-content\/uploads\/sites\/6\/2019\/03\/Proceedings-7-\u00e8me-Journ\u00e9es-Scientifiques-de-la-Facult\u00e9-SNV.pdf\">Proceedings 7 \u00e8me Journ\u00e9es Scientifiques de la Facult\u00e9 SNV<\/a><\/span><\/li>\n<li><span style=\"font-family: georgia, palatino, serif;color: #000000\"><a style=\"color: #000000\" href=\"http:\/\/www.univ-mosta.dz\/fsnv\/wp-content\/uploads\/sites\/6\/2019\/03\/Proceedings-6-\u00e8me-Journ\u00e9es-Scientifiques-de-la-Facult\u00e9-SNV.pdf\">Proceedings 6 \u00e8me Journ\u00e9es Scientifiques de la Facult\u00e9 SNV<\/a><\/span><\/li>\n<\/ul>\n","protected":false},"excerpt":{"rendered":"<p>Proceedings 7 \u00e8me Journ\u00e9es Scientifiques de la Facult\u00e9 SNV Proceedings 6 \u00e8me Journ\u00e9es Scientifiques de la Facult\u00e9 SNV<\/p>\n","protected":false},"author":9,"featured_media":0,"parent":0,"menu_order":0,"comment_status":"closed","ping_status":"closed","template":"","meta":{"_coblocks_attr":"","_coblocks_dimensions":"","_coblocks_responsive_height":"","_coblocks_accordion_ie_support":"","footnotes":""},"class_list":["post-63","page","type-page","status-publish","hentry"],"_links":{"self":[{"href":"https:\/\/www.univ-mosta.dz\/fsnv\/wp-json\/wp\/v2\/pages\/63","targetHints":{"allow":["GET"]}}],"collection":[{"href":"https:\/\/www.univ-mosta.dz\/fsnv\/wp-json\/wp\/v2\/pages"}],"about":[{"href":"https:\/\/www.univ-mosta.dz\/fsnv\/wp-json\/wp\/v2\/types\/page"}],"author":[{"embeddable":true,"href":"https:\/\/www.univ-mosta.dz\/fsnv\/wp-json\/wp\/v2\/users\/9"}],"replies":[{"embeddable":true,"href":"https:\/\/www.univ-mosta.dz\/fsnv\/wp-json\/wp\/v2\/comments?post=63"}],"version-history":[{"count":4,"href":"https:\/\/www.univ-mosta.dz\/fsnv\/wp-json\/wp\/v2\/pages\/63\/revisions"}],"predecessor-version":[{"id":458,"href":"https:\/\/www.univ-mosta.dz\/fsnv\/wp-json\/wp\/v2\/pages\/63\/revisions\/458"}],"wp:attachment":[{"href":"https:\/\/www.univ-mosta.dz\/fsnv\/wp-json\/wp\/v2\/media?parent=63"}],"curies":[{"name":"wp","href":"https:\/\/api.w.org\/{rel}","templated":true}]}}