{"id":5167,"date":"2023-07-03T10:12:51","date_gmt":"2023-07-03T08:12:51","guid":{"rendered":"https:\/\/www.univ-mosta.dz\/fsnv\/?page_id=5167"},"modified":"2024-04-29T16:07:54","modified_gmt":"2024-04-29T14:07:54","slug":"comite-de-formation-doctorale-4","status":"publish","type":"page","link":"https:\/\/www.univ-mosta.dz\/fsnv\/comite-de-formation-doctorale-4\/","title":{"rendered":"Comit\u00e9 de formation doctorale"},"content":{"rendered":"\n<div class=\"wp-block-coblocks-accordion\">\n<div class=\"wp-block-coblocks-accordion-item\"><details><summary class=\"wp-block-coblocks-accordion-item__title\"><strong>&#8211; Ann\u00e9e 2024<\/strong><\/summary><div class=\"wp-block-coblocks-accordion-item__content\">\n<ul class=\"wp-block-list\">\n<li><a href=\"http:\/\/www.univ-mosta.dz\/fsnv\/wp-content\/uploads\/sites\/6\/2024\/04\/PV_CFD_HMC_14-04-2024-1.pdf\">PV N\u00b0 7 de la r\u00e9union du CFD-HMC du 14-04-2024<\/a><\/li>\n<\/ul>\n<\/div><\/details><\/div>\n\n\n\n<div class=\"wp-block-coblocks-accordion-item\"><details><summary class=\"wp-block-coblocks-accordion-item__title\"><strong>&#8211; Ann\u00e9e 2023<\/strong><\/summary><div class=\"wp-block-coblocks-accordion-item__content\">\n<ul class=\"wp-block-list\">\n<li><a href=\"http:\/\/www.univ-mosta.dz\/fsnv\/wp-content\/uploads\/sites\/6\/2023\/07\/Journee-doctoriale.pdf\">PV de la journ\u00e9e doctoriale Hydrobiologie marine et continentale<\/a><\/li>\n<\/ul>\n<\/div><\/details><\/div>\n<\/div>\n","protected":false},"excerpt":{"rendered":"<p>&#8211; Ann\u00e9e 2024 PV N\u00b0 7 de la r\u00e9union du CFD-HMC du 14-04-2024 &#8211; Ann\u00e9e 2023 PV de la journ\u00e9e doctoriale Hydrobiologie marine et continentale<\/p>\n","protected":false},"author":9,"featured_media":0,"parent":0,"menu_order":0,"comment_status":"closed","ping_status":"closed","template":"","meta":{"_coblocks_attr":"","_coblocks_dimensions":"","_coblocks_responsive_height":"","_coblocks_accordion_ie_support":"","footnotes":""},"class_list":["post-5167","page","type-page","status-publish","hentry"],"_links":{"self":[{"href":"https:\/\/www.univ-mosta.dz\/fsnv\/wp-json\/wp\/v2\/pages\/5167","targetHints":{"allow":["GET"]}}],"collection":[{"href":"https:\/\/www.univ-mosta.dz\/fsnv\/wp-json\/wp\/v2\/pages"}],"about":[{"href":"https:\/\/www.univ-mosta.dz\/fsnv\/wp-json\/wp\/v2\/types\/page"}],"author":[{"embeddable":true,"href":"https:\/\/www.univ-mosta.dz\/fsnv\/wp-json\/wp\/v2\/users\/9"}],"replies":[{"embeddable":true,"href":"https:\/\/www.univ-mosta.dz\/fsnv\/wp-json\/wp\/v2\/comments?post=5167"}],"version-history":[{"count":2,"href":"https:\/\/www.univ-mosta.dz\/fsnv\/wp-json\/wp\/v2\/pages\/5167\/revisions"}],"predecessor-version":[{"id":6098,"href":"https:\/\/www.univ-mosta.dz\/fsnv\/wp-json\/wp\/v2\/pages\/5167\/revisions\/6098"}],"wp:attachment":[{"href":"https:\/\/www.univ-mosta.dz\/fsnv\/wp-json\/wp\/v2\/media?parent=5167"}],"curies":[{"name":"wp","href":"https:\/\/api.w.org\/{rel}","templated":true}]}}