{"id":5160,"date":"2023-07-03T10:07:34","date_gmt":"2023-07-03T08:07:34","guid":{"rendered":"https:\/\/www.univ-mosta.dz\/fsnv\/?page_id=5160"},"modified":"2024-06-27T09:26:57","modified_gmt":"2024-06-27T07:26:57","slug":"comite-de-formation-doctorale-3","status":"publish","type":"page","link":"https:\/\/www.univ-mosta.dz\/fsnv\/comite-de-formation-doctorale-3\/","title":{"rendered":"Comit\u00e9 de formation doctorale"},"content":{"rendered":"\n<div class=\"wp-block-coblocks-accordion\">\n<div class=\"wp-block-coblocks-accordion-item\"><details><summary class=\"wp-block-coblocks-accordion-item__title has-background has-vivid-red-background-color\"><strong>&#8211; Ann\u00e9e 202<\/strong>4<\/summary><div class=\"wp-block-coblocks-accordion-item__content\" style=\"border-color:#cf2e2e\">\n<ul class=\"wp-block-list\">\n<li><a href=\"http:\/\/www.univ-mosta.dz\/fsnv\/wp-content\/uploads\/sites\/6\/2024\/06\/PV-29-CFD-Sc-Bio-Avec-liste-de-presence-Juin-2024.pdf\" target=\"_blank\" rel=\"noreferrer noopener\">Proc\u00e8s-verbal N\u00b0 29 du comit\u00e9 de la formation doctorale de la fili\u00e8re Sciences Biologiques<\/a><\/li>\n\n\n\n<li><a href=\"http:\/\/www.univ-mosta.dz\/fsnv\/wp-content\/uploads\/sites\/6\/2024\/03\/CFD-Sciences-Biologiques_PV_08-02-2024-Nemiche.pdf\">Proc\u00e8s-verbal du 01\/02\/2024 de la fili\u00e8re Sciences Biologiques (Rapport sur la formation doctorale)<\/a><\/li>\n<\/ul>\n<\/div><\/details><\/div>\n\n\n\n<div class=\"wp-block-coblocks-accordion-item\"><details><summary class=\"wp-block-coblocks-accordion-item__title\"><strong>&#8211; Ann\u00e9e 2023<\/strong><\/summary><div class=\"wp-block-coblocks-accordion-item__content\">\n<ul class=\"wp-block-list\">\n<li><a href=\"http:\/\/www.univ-mosta.dz\/fsnv\/wp-content\/uploads\/sites\/6\/2023\/07\/Journee-doctoriale-Biologie.pdf\">Proc\u00e8s-verbal N\u00b0 25 de la Journ\u00e9e doctoriale du 20 juin 2023 de la fili\u00e8re Sciences Biologiques (1\u00e8re et 2\u00e8me Promotion)<\/a><\/li>\n<\/ul>\n<\/div><\/details><\/div>\n<\/div>\n","protected":false},"excerpt":{"rendered":"<p>&#8211; Ann\u00e9e 2024 Proc\u00e8s-verbal N\u00b0 29 du comit\u00e9 de la formation doctorale de la fili\u00e8re Sciences Biologiques Proc\u00e8s-verbal du 01\/02\/2024 de la fili\u00e8re Sciences Biologiques (Rapport sur la formation doctorale) &hellip;<\/p>\n","protected":false},"author":9,"featured_media":0,"parent":0,"menu_order":0,"comment_status":"closed","ping_status":"closed","template":"","meta":{"_coblocks_attr":"","_coblocks_dimensions":"","_coblocks_responsive_height":"","_coblocks_accordion_ie_support":"","footnotes":""},"class_list":["post-5160","page","type-page","status-publish","hentry"],"_links":{"self":[{"href":"https:\/\/www.univ-mosta.dz\/fsnv\/wp-json\/wp\/v2\/pages\/5160","targetHints":{"allow":["GET"]}}],"collection":[{"href":"https:\/\/www.univ-mosta.dz\/fsnv\/wp-json\/wp\/v2\/pages"}],"about":[{"href":"https:\/\/www.univ-mosta.dz\/fsnv\/wp-json\/wp\/v2\/types\/page"}],"author":[{"embeddable":true,"href":"https:\/\/www.univ-mosta.dz\/fsnv\/wp-json\/wp\/v2\/users\/9"}],"replies":[{"embeddable":true,"href":"https:\/\/www.univ-mosta.dz\/fsnv\/wp-json\/wp\/v2\/comments?post=5160"}],"version-history":[{"count":4,"href":"https:\/\/www.univ-mosta.dz\/fsnv\/wp-json\/wp\/v2\/pages\/5160\/revisions"}],"predecessor-version":[{"id":6317,"href":"https:\/\/www.univ-mosta.dz\/fsnv\/wp-json\/wp\/v2\/pages\/5160\/revisions\/6317"}],"wp:attachment":[{"href":"https:\/\/www.univ-mosta.dz\/fsnv\/wp-json\/wp\/v2\/media?parent=5160"}],"curies":[{"name":"wp","href":"https:\/\/api.w.org\/{rel}","templated":true}]}}