{"id":5150,"date":"2023-07-03T09:57:59","date_gmt":"2023-07-03T07:57:59","guid":{"rendered":"https:\/\/www.univ-mosta.dz\/fsnv\/?page_id=5150"},"modified":"2024-06-27T09:28:54","modified_gmt":"2024-06-27T07:28:54","slug":"comite-de-formation-doctorale-2","status":"publish","type":"page","link":"https:\/\/www.univ-mosta.dz\/fsnv\/comite-de-formation-doctorale-2\/","title":{"rendered":"Comit\u00e9 de formation doctorale"},"content":{"rendered":"\n<div class=\"wp-block-coblocks-accordion\">\n<div class=\"wp-block-coblocks-accordion-item\"><details><summary class=\"wp-block-coblocks-accordion-item__title has-background has-light-green-cyan-background-color\"><strong>&#8211;<\/strong> <strong>Ann\u00e9e 2024<\/strong><\/summary><div class=\"wp-block-coblocks-accordion-item__content\" style=\"border-color:#7bdcb5\">\n<ul class=\"wp-block-list\">\n<li><a href=\"http:\/\/www.univ-mosta.dz\/fsnv\/wp-content\/uploads\/sites\/6\/2024\/06\/pv-cfd.pdf\">Pv N\u00b0 14 de CFD, Le 10\/06\/2024 <\/a><\/li>\n<\/ul>\n<\/div><\/details><\/div>\n\n\n\n<div class=\"wp-block-coblocks-accordion-item\"><details><summary class=\"wp-block-coblocks-accordion-item__title\"><strong>&#8211;<\/strong> <strong>Ann\u00e9e 2023<\/strong><\/summary><div class=\"wp-block-coblocks-accordion-item__content\">\n<ul class=\"wp-block-list\">\n<li><a href=\"http:\/\/www.univ-mosta.dz\/fsnv\/wp-content\/uploads\/sites\/6\/2023\/07\/cfd-n\u00b03-promo-tahlaiti.pdf\">Proc\u00e8s verbal de la r\u00e9union du comit\u00e9 de formation doctorale n\u00b0 3<\/a><\/li>\n\n\n\n<li><a href=\"http:\/\/www.univ-mosta.dz\/fsnv\/wp-content\/uploads\/sites\/6\/2023\/07\/PV-4eme-journee-J.DOCTORALE-2023.pdf\">Proc\u00e8s verbal de la 4 \u00e9me journ\u00e9e doctorale de la fili\u00e8re des sciences alimentaires <\/a><\/li>\n\n\n\n<li><a href=\"http:\/\/www.univ-mosta.dz\/fsnv\/wp-content\/uploads\/sites\/6\/2023\/07\/cfd-n\u00b012.pdf\">Proc\u00e8s verbal de la r\u00e9union extraordinaire du comit\u00e9 de formation doctorale n\u00b0 12<\/a><\/li>\n<\/ul>\n<\/div><\/details><\/div>\n<\/div>\n","protected":false},"excerpt":{"rendered":"<p>&#8211; Ann\u00e9e 2024 Pv N\u00b0 14 de CFD, Le 10\/06\/2024 &#8211; Ann\u00e9e 2023 Proc\u00e8s verbal de la r\u00e9union du comit\u00e9 de formation doctorale n\u00b0 3 Proc\u00e8s verbal de la 4 &hellip;<\/p>\n","protected":false},"author":9,"featured_media":0,"parent":0,"menu_order":0,"comment_status":"closed","ping_status":"closed","template":"","meta":{"_coblocks_attr":"","_coblocks_dimensions":"","_coblocks_responsive_height":"","_coblocks_accordion_ie_support":"","footnotes":""},"class_list":["post-5150","page","type-page","status-publish","hentry"],"_links":{"self":[{"href":"https:\/\/www.univ-mosta.dz\/fsnv\/wp-json\/wp\/v2\/pages\/5150","targetHints":{"allow":["GET"]}}],"collection":[{"href":"https:\/\/www.univ-mosta.dz\/fsnv\/wp-json\/wp\/v2\/pages"}],"about":[{"href":"https:\/\/www.univ-mosta.dz\/fsnv\/wp-json\/wp\/v2\/types\/page"}],"author":[{"embeddable":true,"href":"https:\/\/www.univ-mosta.dz\/fsnv\/wp-json\/wp\/v2\/users\/9"}],"replies":[{"embeddable":true,"href":"https:\/\/www.univ-mosta.dz\/fsnv\/wp-json\/wp\/v2\/comments?post=5150"}],"version-history":[{"count":5,"href":"https:\/\/www.univ-mosta.dz\/fsnv\/wp-json\/wp\/v2\/pages\/5150\/revisions"}],"predecessor-version":[{"id":6319,"href":"https:\/\/www.univ-mosta.dz\/fsnv\/wp-json\/wp\/v2\/pages\/5150\/revisions\/6319"}],"wp:attachment":[{"href":"https:\/\/www.univ-mosta.dz\/fsnv\/wp-json\/wp\/v2\/media?parent=5150"}],"curies":[{"name":"wp","href":"https:\/\/api.w.org\/{rel}","templated":true}]}}