{"id":49,"date":"2019-02-20T13:44:24","date_gmt":"2019-02-20T12:44:24","guid":{"rendered":"http:\/\/www.univ-mosta.dz\/fsnv\/?page_id=49"},"modified":"2019-03-06T09:02:09","modified_gmt":"2019-03-06T08:02:09","slug":"service-dorientation-et-daccompagnement-des-etudiants","status":"publish","type":"page","link":"https:\/\/www.univ-mosta.dz\/fsnv\/service-dorientation-et-daccompagnement-des-etudiants\/","title":{"rendered":"Service d&rsquo;orientation et d&rsquo;accompagnement des \u00e9tudiants"},"content":{"rendered":"<p><mark class=\"bs-highlight bs-highlight-red\"><span style=\"color: #000000;font-family: georgia, palatino, serif;font-size: 12pt\">Les sorties p\u00e9dagogiques des \u00e9tudiants<\/span><\/mark><\/p>\n<ul>\n<li><span style=\"color: #000000;font-family: georgia, palatino, serif\">Hassi mameche et site de vente mat\u00e9riel agricole\u00a0<\/span><\/li>\n<li><span style=\"font-family: georgia, palatino, serif;color: #000000\">Technique de taille de la vigne\u00a0<\/span><\/li>\n<li><span style=\"font-family: georgia, palatino, serif;color: #000000\">Visite de janat al aref<\/span><\/li>\n<li><span style=\"font-family: georgia, palatino, serif;color: #000000\">Visite de port de p\u00eache salamandre<\/span><\/li>\n<\/ul>\n","protected":false},"excerpt":{"rendered":"<p>Les sorties p\u00e9dagogiques des \u00e9tudiants Hassi mameche et site de vente mat\u00e9riel agricole\u00a0 Technique de taille de la vigne\u00a0 Visite de janat al aref Visite de port de p\u00eache salamandre<\/p>\n","protected":false},"author":9,"featured_media":0,"parent":0,"menu_order":0,"comment_status":"closed","ping_status":"closed","template":"","meta":{"_coblocks_attr":"","_coblocks_dimensions":"","_coblocks_responsive_height":"","_coblocks_accordion_ie_support":"","footnotes":""},"class_list":["post-49","page","type-page","status-publish","hentry"],"_links":{"self":[{"href":"https:\/\/www.univ-mosta.dz\/fsnv\/wp-json\/wp\/v2\/pages\/49","targetHints":{"allow":["GET"]}}],"collection":[{"href":"https:\/\/www.univ-mosta.dz\/fsnv\/wp-json\/wp\/v2\/pages"}],"about":[{"href":"https:\/\/www.univ-mosta.dz\/fsnv\/wp-json\/wp\/v2\/types\/page"}],"author":[{"embeddable":true,"href":"https:\/\/www.univ-mosta.dz\/fsnv\/wp-json\/wp\/v2\/users\/9"}],"replies":[{"embeddable":true,"href":"https:\/\/www.univ-mosta.dz\/fsnv\/wp-json\/wp\/v2\/comments?post=49"}],"version-history":[{"count":4,"href":"https:\/\/www.univ-mosta.dz\/fsnv\/wp-json\/wp\/v2\/pages\/49\/revisions"}],"predecessor-version":[{"id":596,"href":"https:\/\/www.univ-mosta.dz\/fsnv\/wp-json\/wp\/v2\/pages\/49\/revisions\/596"}],"wp:attachment":[{"href":"https:\/\/www.univ-mosta.dz\/fsnv\/wp-json\/wp\/v2\/media?parent=49"}],"curies":[{"name":"wp","href":"https:\/\/api.w.org\/{rel}","templated":true}]}}