{"id":47,"date":"2019-02-20T13:43:45","date_gmt":"2019-02-20T12:43:45","guid":{"rendered":"http:\/\/www.univ-mosta.dz\/fsnv\/?page_id=47"},"modified":"2019-03-03T08:46:46","modified_gmt":"2019-03-03T07:46:46","slug":"arretes-ministeriels","status":"publish","type":"page","link":"https:\/\/www.univ-mosta.dz\/fsnv\/arretes-ministeriels\/","title":{"rendered":"Arr\u00eates minist\u00e9riels"},"content":{"rendered":"<ul>\n<li><span style=\"font-family: georgia, palatino, serif;color: #000000\">Arr\u00eat\u00e9 <span style=\"color: #ff0000\">n\u00b0 711 du 03 Novembre 2011<\/span> : fixant les r\u00e8gles d&rsquo;organisation et de gestion p\u00e9dagogiques communes aux \u00e9tudes universitaires en vue de l&rsquo;obtention des dipl\u00f4mes de licence et de master\u00a0 <span style=\"color: #ff0000\"><a style=\"color: #ff0000\" href=\"http:\/\/www.univ-mosta.dz\/fsnv\/wp-content\/uploads\/sites\/6\/2019\/03\/T\u00e9l\u00e9charger.pdf\">T\u00e9l\u00e9charger<\/a><\/span><\/span><\/li>\n<\/ul>\n","protected":false},"excerpt":{"rendered":"<p>Arr\u00eat\u00e9 n\u00b0 711 du 03 Novembre 2011 : fixant les r\u00e8gles d&rsquo;organisation et de gestion p\u00e9dagogiques communes aux \u00e9tudes universitaires en vue de l&rsquo;obtention des dipl\u00f4mes de licence et de &hellip;<\/p>\n","protected":false},"author":9,"featured_media":0,"parent":0,"menu_order":0,"comment_status":"closed","ping_status":"closed","template":"","meta":{"_coblocks_attr":"","_coblocks_dimensions":"","_coblocks_responsive_height":"","_coblocks_accordion_ie_support":"","footnotes":""},"class_list":["post-47","page","type-page","status-publish","hentry"],"_links":{"self":[{"href":"https:\/\/www.univ-mosta.dz\/fsnv\/wp-json\/wp\/v2\/pages\/47","targetHints":{"allow":["GET"]}}],"collection":[{"href":"https:\/\/www.univ-mosta.dz\/fsnv\/wp-json\/wp\/v2\/pages"}],"about":[{"href":"https:\/\/www.univ-mosta.dz\/fsnv\/wp-json\/wp\/v2\/types\/page"}],"author":[{"embeddable":true,"href":"https:\/\/www.univ-mosta.dz\/fsnv\/wp-json\/wp\/v2\/users\/9"}],"replies":[{"embeddable":true,"href":"https:\/\/www.univ-mosta.dz\/fsnv\/wp-json\/wp\/v2\/comments?post=47"}],"version-history":[{"count":4,"href":"https:\/\/www.univ-mosta.dz\/fsnv\/wp-json\/wp\/v2\/pages\/47\/revisions"}],"predecessor-version":[{"id":449,"href":"https:\/\/www.univ-mosta.dz\/fsnv\/wp-json\/wp\/v2\/pages\/47\/revisions\/449"}],"wp:attachment":[{"href":"https:\/\/www.univ-mosta.dz\/fsnv\/wp-json\/wp\/v2\/media?parent=47"}],"curies":[{"name":"wp","href":"https:\/\/api.w.org\/{rel}","templated":true}]}}