{"id":3789,"date":"2022-03-03T08:52:33","date_gmt":"2022-03-03T07:52:33","guid":{"rendered":"https:\/\/www.univ-mosta.dz\/fsnv\/?page_id=3789"},"modified":"2025-10-28T09:04:27","modified_gmt":"2025-10-28T08:04:27","slug":"documents-a-telecharger-2","status":"publish","type":"page","link":"https:\/\/www.univ-mosta.dz\/fsnv\/documents-a-telecharger-2\/","title":{"rendered":"Documents \u00e0 t\u00e9l\u00e9charger"},"content":{"rendered":"\n<figure class=\"wp-block-table is-style-regular\"><table><tbody><tr><td>&#8211; Attestation conformit\u00e9 publication doctorat (Ar) finale<\/td><td class=\"has-text-align-center\" data-align=\"center\"><a href=\"http:\/\/www.univ-mosta.dz\/fsnv\/wp-content\/uploads\/sites\/6\/2025\/10\/attestation_conformite_publication_doctorat_Ar_finale-3.docx\" target=\"_blank\" rel=\"noreferrer noopener\">T\u00e9l\u00e9charger<\/a><\/td><\/tr><tr><td>&#8211; Attestation conformit\u00e9 publication doctorat (Fr) finale<\/td><td class=\"has-text-align-center\" data-align=\"center\"><a href=\"http:\/\/www.univ-mosta.dz\/fsnv\/wp-content\/uploads\/sites\/6\/2025\/10\/Attestation-de-conformite_fr_finale-2.docx\" target=\"_blank\" rel=\"noreferrer noopener\">T\u00e9l\u00e9charger<\/a><\/td><\/tr><tr><td>&#8211; Annexes 1-6<\/td><td class=\"has-text-align-center\" data-align=\"center\"><a href=\"http:\/\/www.univ-mosta.dz\/fsnv\/wp-content\/uploads\/sites\/6\/2022\/03\/Annexes-1-6.docx\" target=\"_blank\" rel=\"noreferrer noopener\">T\u00e9l\u00e9charger<\/a><\/td><\/tr><tr><td>&#8211; Carnet du doctorant FR<\/td><td class=\"has-text-align-center\" data-align=\"center\"><a href=\"http:\/\/www.univ-mosta.dz\/fsnv\/wp-content\/uploads\/sites\/6\/2022\/03\/Carnet-du-doctorant-FR-2.pdf\" target=\"_blank\" rel=\"noreferrer noopener\">T\u00e9l\u00e9charger<\/a><\/td><\/tr><tr><td>&#8211; D\u00e9claration sur l&rsquo;honneur plagiat <\/td><td class=\"has-text-align-center\" data-align=\"center\"><a href=\"http:\/\/www.univ-mosta.dz\/fsnv\/wp-content\/uploads\/sites\/6\/2022\/03\/declaration-sur-lhonneur-plagiat-1.pdf\" target=\"_blank\" rel=\"noreferrer noopener\">T\u00e9l\u00e9charger<\/a><\/td><\/tr><tr><td>&#8211; Documents d&rsquo;encadrement de th\u00e8se de doctorat<\/td><td class=\"has-text-align-center\" data-align=\"center\"><a href=\"http:\/\/www.univ-mosta.dz\/fsnv\/wp-content\/uploads\/sites\/6\/2022\/03\/Documents-dencadrement-de-these-de-Doctorat.docx\" target=\"_blank\" rel=\"noreferrer noopener\">T\u00e9l\u00e9charger<\/a><\/td><\/tr><tr><td>&#8211; Dossier de retrait de dipl\u00f4me<\/td><td class=\"has-text-align-center\" data-align=\"center\"><a href=\"http:\/\/www.univ-mosta.dz\/fsnv\/wp-content\/uploads\/sites\/6\/2022\/03\/Dossier-de-retrait-de-diplome.pdf\" target=\"_blank\" rel=\"noreferrer noopener\">T\u00e9l\u00e9charger<\/a><\/td><\/tr><tr><td>&#8211; Fiche de renseignements<\/td><td class=\"has-text-align-center\" data-align=\"center\"><a href=\"http:\/\/www.univ-mosta.dz\/fsnv\/wp-content\/uploads\/sites\/6\/2022\/03\/fiche-de-renseignements.docx\">T\u00e9l\u00e9charger<\/a><\/td><\/tr><tr><td>&#8211; Dossier pour soutenance de doctorat<\/td><td class=\"has-text-align-center\" data-align=\"center\"><a href=\"http:\/\/www.univ-mosta.dz\/fsnv\/wp-content\/uploads\/sites\/6\/2022\/03\/Dossier-pour-soutenance-de-Doctorat.pdf\" target=\"_blank\" rel=\"noreferrer noopener\">T\u00e9l\u00e9charger<\/a><\/td><\/tr><tr><td>&#8211; Fiche \u00e9valuation des doctorants<\/td><td class=\"has-text-align-center\" data-align=\"center\"><a href=\"http:\/\/www.univ-mosta.dz\/fsnv\/wp-content\/uploads\/sites\/6\/2022\/10\/Fiche-Evaluation_des_Doctorants-Univ-Mostaganem-1.docx\">T\u00e9l\u00e9charger<\/a><\/td><\/tr><tr><td>&#8211; Rapport sur le retard dans l&rsquo;ach\u00e8vement de la th\u00e8se de doctorat<\/td><td class=\"has-text-align-center\" data-align=\"center\"><a href=\"http:\/\/www.univ-mosta.dz\/fsnv\/wp-content\/uploads\/sites\/6\/2022\/10\/Rapport-sur-le-retard-dans-lachevement-de-la-these-de-doctorat.docx\">T\u00e9l\u00e9charger<\/a><\/td><\/tr><tr><td>&#8211; Etat d&rsquo;avancement <\/td><td class=\"has-text-align-center\" data-align=\"center\"><a href=\"http:\/\/www.univ-mosta.dz\/fsnv\/wp-content\/uploads\/sites\/6\/2024\/10\/taux-davancement-1.docx\" target=\"_blank\" rel=\"noreferrer noopener\">T\u00e9l\u00e9charger<\/a><\/td><\/tr><tr><td>&#8211; Demande de changement de directeur et \/ ou de sujet de th\u00e8se de<br>doctorat<\/td><td class=\"has-text-align-center\" data-align=\"center\"><a href=\"http:\/\/www.univ-mosta.dz\/fsnv\/wp-content\/uploads\/sites\/6\/2024\/10\/\u0637\u0644\u0628-\u062a\u063a\u064a\u064a\u0631-\u0627\u0644\u0645\u0634\u0631\u0641-\u0627\u0648-\u0627\u0644\u0639\u0646\u0648\u0627\u0646-1.docx\">T\u00e9l\u00e9charger<\/a><\/td><\/tr><tr><td>&#8211; Demande de d\u00e9rogation exceptionnelle (Prolongation de la formation en doctorat<br>3\u00e8me cycle LMD)<\/td><td class=\"has-text-align-center\" data-align=\"center\"><a href=\"http:\/\/www.univ-mosta.dz\/fsnv\/wp-content\/uploads\/sites\/6\/2024\/10\/\u0637\u0644\u0628-\u0631\u062e\u0635\u0629-\u0627\u0633\u062b\u062a\u0646\u0627\u0626\u064a\u0629docx-1.docx\">T\u00e9l\u00e9charger<\/a><\/td><\/tr><\/tbody><\/table><\/figure>\n\n\n\n<p><\/p>\n\n\n\n<p><\/p>\n\n\n\n<p><\/p>\n\n\n\n<p><\/p>\n","protected":false},"excerpt":{"rendered":"<p>&#8211; Attestation conformit\u00e9 publication doctorat (Ar) finaleT\u00e9l\u00e9charger&#8211; Attestation conformit\u00e9 publication doctorat (Fr) finaleT\u00e9l\u00e9charger&#8211; Annexes 1-6T\u00e9l\u00e9charger&#8211; Carnet du doctorant FRT\u00e9l\u00e9charger&#8211; D\u00e9claration sur l&rsquo;honneur plagiat T\u00e9l\u00e9charger&#8211; Documents d&rsquo;encadrement de th\u00e8se de doctoratT\u00e9l\u00e9charger&#8211; &hellip;<\/p>\n","protected":false},"author":9,"featured_media":0,"parent":0,"menu_order":0,"comment_status":"closed","ping_status":"closed","template":"","meta":{"_coblocks_attr":"","_coblocks_dimensions":"","_coblocks_responsive_height":"","_coblocks_accordion_ie_support":"","footnotes":""},"class_list":["post-3789","page","type-page","status-publish","hentry"],"_links":{"self":[{"href":"https:\/\/www.univ-mosta.dz\/fsnv\/wp-json\/wp\/v2\/pages\/3789","targetHints":{"allow":["GET"]}}],"collection":[{"href":"https:\/\/www.univ-mosta.dz\/fsnv\/wp-json\/wp\/v2\/pages"}],"about":[{"href":"https:\/\/www.univ-mosta.dz\/fsnv\/wp-json\/wp\/v2\/types\/page"}],"author":[{"embeddable":true,"href":"https:\/\/www.univ-mosta.dz\/fsnv\/wp-json\/wp\/v2\/users\/9"}],"replies":[{"embeddable":true,"href":"https:\/\/www.univ-mosta.dz\/fsnv\/wp-json\/wp\/v2\/comments?post=3789"}],"version-history":[{"count":17,"href":"https:\/\/www.univ-mosta.dz\/fsnv\/wp-json\/wp\/v2\/pages\/3789\/revisions"}],"predecessor-version":[{"id":7351,"href":"https:\/\/www.univ-mosta.dz\/fsnv\/wp-json\/wp\/v2\/pages\/3789\/revisions\/7351"}],"wp:attachment":[{"href":"https:\/\/www.univ-mosta.dz\/fsnv\/wp-json\/wp\/v2\/media?parent=3789"}],"curies":[{"name":"wp","href":"https:\/\/api.w.org\/{rel}","templated":true}]}}