{"id":3246,"date":"2021-11-23T10:11:51","date_gmt":"2021-11-23T09:11:51","guid":{"rendered":"https:\/\/www.univ-mosta.dz\/fsnv\/?page_id=3246"},"modified":"2022-04-14T13:08:42","modified_gmt":"2022-04-14T11:08:42","slug":"conseil-de-la-faculte","status":"publish","type":"page","link":"https:\/\/www.univ-mosta.dz\/fsnv\/conseil-de-la-faculte\/","title":{"rendered":"Conseil de la facult\u00e9"},"content":{"rendered":"\n<h3 class=\"wp-block-heading\">Textes R\u00e9glementaires<\/h3>\n\n\n\n<ul class=\"wp-block-list\"><li><strong><a href=\"https:\/\/www.univ-mosta.dz\/wp-content\/uploads\/2018\/06\/23_aout_20032.pdf\" target=\"_blank\" rel=\"noreferrer noopener\">D\u00e9cret ex\u00e9cutif n\u00b0 03-279 du 24 Joumada Ethania 1424 correspondant au 23 ao\u00fbt 2003<\/a>&nbsp;fixant les missions et les r\u00e8gles particuli\u00e8res d\u2019organisation et de fonctionnement de l\u2019universit\u00e9.<\/strong><\/li><li><strong>Composition du conseil de facult\u00e9 \u2013&nbsp;Article 37&nbsp;&nbsp;<a href=\"https:\/\/www.univ-mosta.dz\/wp-content\/uploads\/2018\/06\/23_aout_20032.pdf\" target=\"_blank\" rel=\"noreferrer noopener\">d\u00e9cret ex\u00e9cutif n\u00b0 03-279 du 24 Joumada Ethania 1424 correspondant au 23 ao\u00fbt 2003<\/a>&nbsp;fixant les missions et les r\u00e8gles particuli\u00e8res d\u2019organisation et de fonctionnement de l\u2019universit\u00e9.<\/strong><\/li><li><strong>Avis et recommandations du conseil de facult\u00e9&nbsp;\u2013&nbsp;Article 38&nbsp;<a href=\"https:\/\/www.univ-mosta.dz\/wp-content\/uploads\/2018\/06\/23_aout_20032.pdf\" target=\"_blank\" rel=\"noreferrer noopener\">d\u00e9cret ex\u00e9cutif n\u00b0 03-279 du 24 Joumada Ethania 1424 correspondant au 23 ao\u00fbt 2003<\/a>&nbsp;fixant les missions et les r\u00e8gles particuli\u00e8res d\u2019organisation et de fonctionnement de l\u2019universit\u00e9.<\/strong><\/li><\/ul>\n\n\n\n<h3 class=\"wp-block-heading\">Proc\u00e8s-verbaux des r\u00e9unions<\/h3>\n\n\n\n<div class=\"wp-block-coblocks-accordion\">\n<div class=\"wp-block-coblocks-accordion-item\"><details><summary class=\"wp-block-coblocks-accordion-item__title has-background\" style=\"background-color:#9af0cd\"><strong>Ann\u00e9e 2022<\/strong><\/summary><div class=\"wp-block-coblocks-accordion-item__content\" style=\"border-color:#9af0cd\">\n<ul class=\"wp-block-list\"><li><a href=\"http:\/\/www.univ-mosta.dz\/fsnv\/wp-content\/uploads\/sites\/6\/2022\/04\/PV-Conseil-de-la-Faculte-SNV-du-30-03-2022.pdf\">Proc\u00e8s verbal N\u00b01,\u00a0le 30-03-22 du Conseil de la facult\u00e9 des sciences de la nature et de la vie.<\/a><\/li><\/ul>\n<\/div><\/details><\/div>\n<\/div>\n","protected":false},"excerpt":{"rendered":"<p>Textes R\u00e9glementaires D\u00e9cret ex\u00e9cutif n\u00b0 03-279 du 24 Joumada Ethania 1424 correspondant au 23 ao\u00fbt 2003&nbsp;fixant les missions et les r\u00e8gles particuli\u00e8res d\u2019organisation et de fonctionnement de l\u2019universit\u00e9.Composition du conseil &hellip;<\/p>\n","protected":false},"author":9,"featured_media":0,"parent":0,"menu_order":0,"comment_status":"closed","ping_status":"closed","template":"","meta":{"_coblocks_attr":"","_coblocks_dimensions":"","_coblocks_responsive_height":"","_coblocks_accordion_ie_support":"","footnotes":""},"class_list":["post-3246","page","type-page","status-publish","hentry"],"_links":{"self":[{"href":"https:\/\/www.univ-mosta.dz\/fsnv\/wp-json\/wp\/v2\/pages\/3246","targetHints":{"allow":["GET"]}}],"collection":[{"href":"https:\/\/www.univ-mosta.dz\/fsnv\/wp-json\/wp\/v2\/pages"}],"about":[{"href":"https:\/\/www.univ-mosta.dz\/fsnv\/wp-json\/wp\/v2\/types\/page"}],"author":[{"embeddable":true,"href":"https:\/\/www.univ-mosta.dz\/fsnv\/wp-json\/wp\/v2\/users\/9"}],"replies":[{"embeddable":true,"href":"https:\/\/www.univ-mosta.dz\/fsnv\/wp-json\/wp\/v2\/comments?post=3246"}],"version-history":[{"count":3,"href":"https:\/\/www.univ-mosta.dz\/fsnv\/wp-json\/wp\/v2\/pages\/3246\/revisions"}],"predecessor-version":[{"id":3917,"href":"https:\/\/www.univ-mosta.dz\/fsnv\/wp-json\/wp\/v2\/pages\/3246\/revisions\/3917"}],"wp:attachment":[{"href":"https:\/\/www.univ-mosta.dz\/fsnv\/wp-json\/wp\/v2\/media?parent=3246"}],"curies":[{"name":"wp","href":"https:\/\/api.w.org\/{rel}","templated":true}]}}