{"id":3050,"date":"2021-11-21T14:40:16","date_gmt":"2021-11-21T13:40:16","guid":{"rendered":"https:\/\/www.univ-mosta.dz\/fsnv\/?page_id=3050"},"modified":"2022-06-30T15:35:15","modified_gmt":"2022-06-30T13:35:15","slug":"affichages-des-notes-4","status":"publish","type":"page","link":"https:\/\/www.univ-mosta.dz\/fsnv\/affichages-des-notes-4\/","title":{"rendered":"Affichages des notes"},"content":{"rendered":"\n<p class=\"has-text-align-center has-cyan-bluish-gray-background-color has-background\"><strong>D\u00e9lib\u00e9ration du S6 des L3 <\/strong><\/p>\n\n\n\n<p><\/p>\n\n\n<a href=\"https:\/\/www.univ-mosta.dz\/fsnv\/wp-content\/uploads\/sites\/6\/2022\/06\/CamScanner-06-28-2022-14.59.pdf\" class=\"pdfemb-viewer\" style=\"\" data-width=\"max\" data-height=\"max\" data-toolbar=\"both\" data-toolbar-fixed=\"on\">CamScanner-06-28-2022-14.59<\/a>\n<p class=\"wp-block-pdfemb-pdf-embedder-viewer\"><\/p>\n\n\n\n<p class=\"has-text-align-center has-cyan-bluish-gray-background-color has-background\"><strong>D\u00e9lib\u00e9ration du L2 (Aquaculture et Pisciculture)<\/strong><\/p>\n\n\n\n<p><\/p>\n\n\n<a href=\"https:\/\/www.univ-mosta.dz\/fsnv\/wp-content\/uploads\/sites\/6\/2022\/06\/CamScanner-06-28-2022-15.01.pdf\" class=\"pdfemb-viewer\" style=\"\" data-width=\"max\" data-height=\"max\" data-toolbar=\"both\" data-toolbar-fixed=\"on\">CamScanner-06-28-2022-15.01<\/a>\n<p class=\"wp-block-pdfemb-pdf-embedder-viewer\"><\/p>\n\n\n\n<p class=\"has-text-align-center has-cyan-bluish-gray-background-color has-background\"><strong>D\u00e9lib\u00e9ration du M1<\/strong><\/p>\n\n\n\n<p><\/p>\n\n\n<a href=\"https:\/\/www.univ-mosta.dz\/fsnv\/wp-content\/uploads\/sites\/6\/2022\/06\/CamScanner-06-24-2022-13.51.pdf\" class=\"pdfemb-viewer\" style=\"\" data-width=\"max\" data-height=\"max\" data-toolbar=\"both\" data-toolbar-fixed=\"on\">CamScanner-06-24-2022-13.51<\/a>\n<p class=\"wp-block-pdfemb-pdf-embedder-viewer\"><\/p>\n\n\n<a href=\"https:\/\/www.univ-mosta.dz\/fsnv\/wp-content\/uploads\/sites\/6\/2022\/06\/CamScanner-06-24-2022-13.53.pdf\" class=\"pdfemb-viewer\" style=\"\" data-width=\"max\" data-height=\"max\" data-toolbar=\"both\" data-toolbar-fixed=\"on\">CamScanner-06-24-2022-13.53<\/a>\n<p class=\"wp-block-pdfemb-pdf-embedder-viewer\"><\/p>\n","protected":false},"excerpt":{"rendered":"<p>D\u00e9lib\u00e9ration du S6 des L3 CamScanner-06-28-2022-14.59 D\u00e9lib\u00e9ration du L2 (Aquaculture et Pisciculture) CamScanner-06-28-2022-15.01 D\u00e9lib\u00e9ration du M1 CamScanner-06-24-2022-13.51 CamScanner-06-24-2022-13.53<\/p>\n","protected":false},"author":9,"featured_media":0,"parent":0,"menu_order":0,"comment_status":"closed","ping_status":"closed","template":"","meta":{"_coblocks_attr":"","_coblocks_dimensions":"","_coblocks_responsive_height":"","_coblocks_accordion_ie_support":"","footnotes":""},"class_list":["post-3050","page","type-page","status-publish","hentry"],"_links":{"self":[{"href":"https:\/\/www.univ-mosta.dz\/fsnv\/wp-json\/wp\/v2\/pages\/3050","targetHints":{"allow":["GET"]}}],"collection":[{"href":"https:\/\/www.univ-mosta.dz\/fsnv\/wp-json\/wp\/v2\/pages"}],"about":[{"href":"https:\/\/www.univ-mosta.dz\/fsnv\/wp-json\/wp\/v2\/types\/page"}],"author":[{"embeddable":true,"href":"https:\/\/www.univ-mosta.dz\/fsnv\/wp-json\/wp\/v2\/users\/9"}],"replies":[{"embeddable":true,"href":"https:\/\/www.univ-mosta.dz\/fsnv\/wp-json\/wp\/v2\/comments?post=3050"}],"version-history":[{"count":6,"href":"https:\/\/www.univ-mosta.dz\/fsnv\/wp-json\/wp\/v2\/pages\/3050\/revisions"}],"predecessor-version":[{"id":4218,"href":"https:\/\/www.univ-mosta.dz\/fsnv\/wp-json\/wp\/v2\/pages\/3050\/revisions\/4218"}],"wp:attachment":[{"href":"https:\/\/www.univ-mosta.dz\/fsnv\/wp-json\/wp\/v2\/media?parent=3050"}],"curies":[{"name":"wp","href":"https:\/\/api.w.org\/{rel}","templated":true}]}}