{"id":3041,"date":"2021-11-21T14:39:46","date_gmt":"2021-11-21T13:39:46","guid":{"rendered":"https:\/\/www.univ-mosta.dz\/fsnv\/?page_id=3041"},"modified":"2023-07-09T09:53:28","modified_gmt":"2023-07-09T07:53:28","slug":"affichages-des-notes","status":"publish","type":"page","link":"https:\/\/www.univ-mosta.dz\/fsnv\/affichages-des-notes\/","title":{"rendered":"Affichages des notes"},"content":{"rendered":"\n<p class=\"has-text-align-center has-background\" style=\"background:linear-gradient(135deg,rgb(254,205,165) 0%,rgb(254,45,45) 92%,rgb(107,0,62) 100%)\"><strong>D\u00e9lib\u00e9ration L1 Tronc commun SNV<\/strong><\/p>\n\n\n<a href=\"https:\/\/www.univ-mosta.dz\/fsnv\/wp-content\/uploads\/sites\/6\/2023\/07\/Deliberation_S1-1er-annee-2022_2023-24.pdf\" class=\"pdfemb-viewer\" style=\"\" data-width=\"max\" data-height=\"max\" data-toolbar=\"both\" data-toolbar-fixed=\"on\">Deliberation_S1-1er-annee-2022_2023-24<\/a>\n<p class=\"wp-block-pdfemb-pdf-embedder-viewer\"><\/p>\n\n\n<a href=\"https:\/\/www.univ-mosta.dz\/fsnv\/wp-content\/uploads\/sites\/6\/2023\/07\/Deliberation_bilan-matiere-S2-1er-Annee-2022_2023-23.pdf\" class=\"pdfemb-viewer\" style=\"\" data-width=\"max\" data-height=\"max\" data-toolbar=\"both\" data-toolbar-fixed=\"on\">Deliberation_bilan-matiere-S2-1er-Annee-2022_2023-23<\/a>\n<p class=\"wp-block-pdfemb-pdf-embedder-viewer\"><\/p>\n\n\n<a href=\"https:\/\/www.univ-mosta.dz\/fsnv\/wp-content\/uploads\/sites\/6\/2023\/07\/Deliberation_bilan-matiere-S1-1er-Annee-2022_2023-25.pdf\" class=\"pdfemb-viewer\" style=\"\" data-width=\"max\" data-height=\"max\" data-toolbar=\"both\" data-toolbar-fixed=\"on\">Deliberation_bilan-matiere-S1-1er-Annee-2022_2023-25<\/a>\n<p class=\"wp-block-pdfemb-pdf-embedder-viewer\"><\/p>\n\n\n<a href=\"https:\/\/www.univ-mosta.dz\/fsnv\/wp-content\/uploads\/sites\/6\/2023\/07\/Deliberation_bilan-globale-S2.pdf\" class=\"pdfemb-viewer\" style=\"\" data-width=\"max\" data-height=\"max\" data-toolbar=\"both\" data-toolbar-fixed=\"on\">Deliberation_bilan-globale-S2<\/a>\n<p class=\"wp-block-pdfemb-pdf-embedder-viewer\"><\/p>\n\n\n<a href=\"https:\/\/www.univ-mosta.dz\/fsnv\/wp-content\/uploads\/sites\/6\/2023\/07\/Deliberation_annuel-191er-Annee.pdf\" class=\"pdfemb-viewer\" style=\"\" data-width=\"max\" data-height=\"max\" data-toolbar=\"both\" data-toolbar-fixed=\"on\">Deliberation_annuel-191er-Annee<\/a>\n<p class=\"wp-block-pdfemb-pdf-embedder-viewer\"><\/p>\n\n\n<a href=\"https:\/\/www.univ-mosta.dz\/fsnv\/wp-content\/uploads\/sites\/6\/2023\/07\/Deliberation_-bilan-globale-1er-annee.pdf\" class=\"pdfemb-viewer\" style=\"\" data-width=\"max\" data-height=\"max\" data-toolbar=\"both\" data-toolbar-fixed=\"on\">Deliberation_-bilan-globale-1er-annee<\/a>\n<p class=\"wp-block-pdfemb-pdf-embedder-viewer\"><\/p>\n\n\n\n<div class=\"wp-block-uagb-separator uagb-block-dda6b84e\"><div class=\"wp-block-uagb-separator__inner\" style=\"--my-background-image:\"><\/div><\/div>\n\n\n\n<p class=\"has-text-align-center has-vivid-red-color has-white-background-color has-text-color has-background\"><strong>Tous les \u00e9tudiants qu&rsquo;ils peuvent faire leurs r\u00e9clamations dans les 72 heures qui suivent l&rsquo;affichage de d\u00e9lib\u00e9ration<\/strong><\/p>\n\n\n\n<p class=\"has-text-align-center has-electric-grass-gradient-background has-background\"><strong>D\u00e9lib\u00e9ration L2 Sciences Agronomiques<\/strong><\/p>\n\n\n<a href=\"https:\/\/www.univ-mosta.dz\/fsnv\/wp-content\/uploads\/sites\/6\/2023\/07\/Deliberation_bilan-S4-L2-SAG-2022_2023-30.pdf\" class=\"pdfemb-viewer\" style=\"\" data-width=\"max\" data-height=\"max\" data-toolbar=\"both\" data-toolbar-fixed=\"on\">Deliberation_bilan-S4-L2-SAG-2022_2023-30<\/a>\n<p class=\"wp-block-pdfemb-pdf-embedder-viewer\"><\/p>\n\n\n<a href=\"https:\/\/www.univ-mosta.dz\/fsnv\/wp-content\/uploads\/sites\/6\/2023\/07\/Deliberation_bilan-S3-L2-SAG-2022_2023-26.pdf\" class=\"pdfemb-viewer\" style=\"\" data-width=\"max\" data-height=\"max\" data-toolbar=\"both\" data-toolbar-fixed=\"on\">Deliberation_bilan-S3-L2-SAG-2022_2023-26<\/a>\n<p class=\"wp-block-pdfemb-pdf-embedder-viewer\"><\/p>\n\n\n<a href=\"https:\/\/www.univ-mosta.dz\/fsnv\/wp-content\/uploads\/sites\/6\/2023\/07\/Deliberation_Bilan-matiere-S4-L2-SAG-2022_2023-31.pdf\" class=\"pdfemb-viewer\" style=\"\" data-width=\"max\" data-height=\"max\" data-toolbar=\"both\" data-toolbar-fixed=\"on\">Deliberation_Bilan-matiere-S4-L2-SAG-2022_2023-31<\/a>\n<p class=\"wp-block-pdfemb-pdf-embedder-viewer\"><\/p>\n\n\n<a href=\"https:\/\/www.univ-mosta.dz\/fsnv\/wp-content\/uploads\/sites\/6\/2023\/07\/Deliberation_bilan-matiere-S3-L2-SAG-2022_2023-27.pdf\" class=\"pdfemb-viewer\" style=\"\" data-width=\"max\" data-height=\"max\" data-toolbar=\"both\" data-toolbar-fixed=\"on\">Deliberation_bilan-matiere-S3-L2-SAG-2022_2023-27<\/a>\n<p class=\"wp-block-pdfemb-pdf-embedder-viewer\"><\/p>\n\n\n<a href=\"https:\/\/www.univ-mosta.dz\/fsnv\/wp-content\/uploads\/sites\/6\/2023\/07\/Deliberation_annuel-L2-SAG-20.pdf\" class=\"pdfemb-viewer\" style=\"\" data-width=\"max\" data-height=\"max\" data-toolbar=\"both\" data-toolbar-fixed=\"on\">Deliberation_annuel-L2-SAG-20<\/a>\n<p class=\"wp-block-pdfemb-pdf-embedder-viewer\"><\/p>\n\n\n<a href=\"https:\/\/www.univ-mosta.dz\/fsnv\/wp-content\/uploads\/sites\/6\/2023\/07\/Deliberation_-L2-SAG30.pdf\" class=\"pdfemb-viewer\" style=\"\" data-width=\"max\" data-height=\"max\" data-toolbar=\"both\" data-toolbar-fixed=\"on\">Deliberation_-L2-SAG30<\/a>\n<p class=\"wp-block-pdfemb-pdf-embedder-viewer\"><\/p>\n\n\n\n<p class=\"has-text-align-center has-pale-ocean-gradient-background has-background\"><strong>D\u00e9lib\u00e9ration L2 Hydrobiologie marine et continentale<\/strong><\/p>\n\n\n<a href=\"https:\/\/www.univ-mosta.dz\/fsnv\/wp-content\/uploads\/sites\/6\/2023\/07\/Deliberation_Bilan-matiere-S4-L2-HMC-2022_2023-35.pdf\" class=\"pdfemb-viewer\" style=\"\" data-width=\"max\" data-height=\"max\" data-toolbar=\"both\" data-toolbar-fixed=\"on\">Deliberation_Bilan-matiere-S4-L2-HMC-2022_2023-35<\/a>\n<p class=\"wp-block-pdfemb-pdf-embedder-viewer\"><\/p>\n\n\n<a href=\"https:\/\/www.univ-mosta.dz\/fsnv\/wp-content\/uploads\/sites\/6\/2023\/07\/Deliberation_Bilan-matiere-S3-L2-HMC-2022_2023-33.pdf\" class=\"pdfemb-viewer\" style=\"\" data-width=\"max\" data-height=\"max\" data-toolbar=\"both\" data-toolbar-fixed=\"on\">Deliberation_Bilan-matiere-S3-L2-HMC-2022_2023-33<\/a>\n<p class=\"wp-block-pdfemb-pdf-embedder-viewer\"><\/p>\n\n\n<a href=\"https:\/\/www.univ-mosta.dz\/fsnv\/wp-content\/uploads\/sites\/6\/2023\/07\/Deliberation_Bilan-globale-S4-L2-HMC-2022_2023-34.pdf\" class=\"pdfemb-viewer\" style=\"\" data-width=\"max\" data-height=\"max\" data-toolbar=\"both\" data-toolbar-fixed=\"on\">Deliberation_Bilan-globale-S4-L2-HMC-2022_2023-34<\/a>\n<p class=\"wp-block-pdfemb-pdf-embedder-viewer\"><\/p>\n\n\n<a href=\"https:\/\/www.univ-mosta.dz\/fsnv\/wp-content\/uploads\/sites\/6\/2023\/07\/Deliberation_Bilan-globale-S3-L2-HMC-2022_2023-32.pdf\" class=\"pdfemb-viewer\" style=\"\" data-width=\"max\" data-height=\"max\" data-toolbar=\"both\" data-toolbar-fixed=\"on\">Deliberation_Bilan-globale-S3-L2-HMC-2022_2023-32<\/a>\n<p class=\"wp-block-pdfemb-pdf-embedder-viewer\"><\/p>\n\n\n<a href=\"https:\/\/www.univ-mosta.dz\/fsnv\/wp-content\/uploads\/sites\/6\/2023\/07\/Deliberation_annuel-L2-HMC-22.pdf\" class=\"pdfemb-viewer\" style=\"\" data-width=\"max\" data-height=\"max\" data-toolbar=\"both\" data-toolbar-fixed=\"on\">Deliberation_annuel-L2-HMC-22<\/a>\n<p class=\"wp-block-pdfemb-pdf-embedder-viewer\"><\/p>\n\n\n<a href=\"https:\/\/www.univ-mosta.dz\/fsnv\/wp-content\/uploads\/sites\/6\/2023\/07\/Deliberation_-L2-HMC-32.pdf\" class=\"pdfemb-viewer\" style=\"\" data-width=\"max\" data-height=\"max\" data-toolbar=\"both\" data-toolbar-fixed=\"on\">Deliberation_-L2-HMC-32<\/a>\n<p class=\"wp-block-pdfemb-pdf-embedder-viewer\"><\/p>\n\n\n\n<p class=\"has-text-align-center has-background\" style=\"background:linear-gradient(326deg,rgba(252,185,0,1) 0%,rgba(255,105,0,1) 100%)\"><strong>D\u00e9lib\u00e9ration L2 Sciences Alimentaires<\/strong><\/p>\n\n\n<a href=\"https:\/\/www.univ-mosta.dz\/fsnv\/wp-content\/uploads\/sites\/6\/2023\/07\/Deliberation_bilan-matiere-S4-L2-SAL-2022_2023-29.pdf\" class=\"pdfemb-viewer\" style=\"\" data-width=\"max\" data-height=\"max\" data-toolbar=\"both\" data-toolbar-fixed=\"on\">Deliberation_bilan-matiere-S4-L2-SAL-2022_2023-29<\/a>\n<p class=\"wp-block-pdfemb-pdf-embedder-viewer\"><\/p>\n\n\n<a href=\"https:\/\/www.univ-mosta.dz\/fsnv\/wp-content\/uploads\/sites\/6\/2023\/07\/Deliberation_Bilan-matiere-S3-L2-SAL-2022_2023-31.pdf\" class=\"pdfemb-viewer\" style=\"\" data-width=\"max\" data-height=\"max\" data-toolbar=\"both\" data-toolbar-fixed=\"on\">Deliberation_Bilan-matiere-S3-L2-SAL-2022_2023-31<\/a>\n<p class=\"wp-block-pdfemb-pdf-embedder-viewer\"><\/p>\n\n\n<a href=\"https:\/\/www.univ-mosta.dz\/fsnv\/wp-content\/uploads\/sites\/6\/2023\/07\/Deliberation_bilan-globale-S4-L2-SAL-2022_2023-28.pdf\" class=\"pdfemb-viewer\" style=\"\" data-width=\"max\" data-height=\"max\" data-toolbar=\"both\" data-toolbar-fixed=\"on\">Deliberation_bilan-globale-S4-L2-SAL-2022_2023-28<\/a>\n<p class=\"wp-block-pdfemb-pdf-embedder-viewer\"><\/p>\n\n\n<a href=\"https:\/\/www.univ-mosta.dz\/fsnv\/wp-content\/uploads\/sites\/6\/2023\/07\/Deliberation_Bilan-globale-S3-L2-SAL-2022_2023-30.pdf\" class=\"pdfemb-viewer\" style=\"\" data-width=\"max\" data-height=\"max\" data-toolbar=\"both\" data-toolbar-fixed=\"on\">Deliberation_Bilan-globale-S3-L2-SAL-2022_2023-30<\/a>\n<p class=\"wp-block-pdfemb-pdf-embedder-viewer\"><\/p>\n\n\n<a href=\"https:\/\/www.univ-mosta.dz\/fsnv\/wp-content\/uploads\/sites\/6\/2023\/07\/Deliberation_annuel-L2-SAL-21.pdf\" class=\"pdfemb-viewer\" style=\"\" data-width=\"max\" data-height=\"max\" data-toolbar=\"both\" data-toolbar-fixed=\"on\">Deliberation_annuel-L2-SAL-21<\/a>\n<p class=\"wp-block-pdfemb-pdf-embedder-viewer\"><\/p>\n\n\n<a href=\"https:\/\/www.univ-mosta.dz\/fsnv\/wp-content\/uploads\/sites\/6\/2023\/07\/Deliberation_-L2-SAL31.pdf\" class=\"pdfemb-viewer\" style=\"\" data-width=\"max\" data-height=\"max\" data-toolbar=\"both\" data-toolbar-fixed=\"on\">Deliberation_-L2-SAL31<\/a>\n<p class=\"wp-block-pdfemb-pdf-embedder-viewer\"><\/p>\n\n\n\n<p class=\"has-text-align-center has-very-light-gray-to-cyan-bluish-gray-gradient-background has-background\"><strong>Pr\u00e9-d\u00e9lib\u00e9ration L2 Sciences Biologiques<\/strong><\/p>\n\n\n\n<h4 class=\"wp-block-heading\">Veuillez v\u00e9rifier vos r\u00e9sultats, si vous trouverez des erreurs, Vous devez d\u00e9poser un&nbsp;recours&nbsp;pour chaque erreur en remplissant le formulaire suivant&nbsp;:<\/h4>\n\n\n\n<h2 class=\"wp-block-heading has-text-align-center\"><a href=\"https:\/\/forms.gle\/6GyaDUUCC5SStgeh6\" target=\"_blank\" rel=\"noreferrer noopener\">https:\/\/forms.gle\/6GyaDUUCC5SStgeh6<\/a><\/h2>\n\n\n\n<div class=\"wp-block-uagb-separator uagb-block-240aa0ee\"><div class=\"wp-block-uagb-separator__inner\" style=\"--my-background-image:\"><\/div><\/div>\n\n\n\n<h4 class=\"wp-block-heading\">Et ce avant le&nbsp;<mark>Mardi&nbsp;04&nbsp; juillet&nbsp;2023 \u00e0 12h<\/mark> , au-del\u00e0 de cette date aucune correction ne sera possible<\/h4>\n\n\n<a href=\"https:\/\/www.univ-mosta.dz\/fsnv\/wp-content\/uploads\/sites\/6\/2023\/07\/PV-de-deliberation-Semestre-4.pdf\" class=\"pdfemb-viewer\" style=\"\" data-width=\"max\" data-height=\"max\" data-toolbar=\"both\" data-toolbar-fixed=\"on\">PV-de-deliberation-Semestre-4<\/a>\n<p class=\"wp-block-pdfemb-pdf-embedder-viewer\"><\/p>\n\n\n<a href=\"https:\/\/www.univ-mosta.dz\/fsnv\/wp-content\/uploads\/sites\/6\/2023\/07\/Deliberation_-L2-SB.pdf\" class=\"pdfemb-viewer\" style=\"\" data-width=\"max\" data-height=\"max\" data-toolbar=\"both\" data-toolbar-fixed=\"on\">Deliberation_-L2-SB<\/a>\n<p class=\"wp-block-pdfemb-pdf-embedder-viewer\"><\/p>\n\n\n<a href=\"https:\/\/www.univ-mosta.dz\/fsnv\/wp-content\/uploads\/sites\/6\/2023\/07\/PV-de-deliberation-par-matiere.pdf\" class=\"pdfemb-viewer\" style=\"\" data-width=\"max\" data-height=\"max\" data-toolbar=\"both\" data-toolbar-fixed=\"on\">PV-de-deliberation-par-matiere<\/a>\n<p class=\"wp-block-pdfemb-pdf-embedder-viewer\"><\/p>\n","protected":false},"excerpt":{"rendered":"<p>D\u00e9lib\u00e9ration L1 Tronc commun SNV Deliberation_S1-1er-annee-2022_2023-24 Deliberation_bilan-matiere-S2-1er-Annee-2022_2023-23 Deliberation_bilan-matiere-S1-1er-Annee-2022_2023-25 Deliberation_bilan-globale-S2 Deliberation_annuel-191er-Annee Deliberation_-bilan-globale-1er-annee Tous les \u00e9tudiants qu&rsquo;ils peuvent faire leurs r\u00e9clamations dans les 72 heures qui suivent l&rsquo;affichage de d\u00e9lib\u00e9ration D\u00e9lib\u00e9ration L2 &hellip;<\/p>\n","protected":false},"author":9,"featured_media":0,"parent":0,"menu_order":0,"comment_status":"closed","ping_status":"closed","template":"","meta":{"_coblocks_attr":"","_coblocks_dimensions":"","_coblocks_responsive_height":"","_coblocks_accordion_ie_support":"","footnotes":""},"class_list":["post-3041","page","type-page","status-publish","hentry"],"_links":{"self":[{"href":"https:\/\/www.univ-mosta.dz\/fsnv\/wp-json\/wp\/v2\/pages\/3041","targetHints":{"allow":["GET"]}}],"collection":[{"href":"https:\/\/www.univ-mosta.dz\/fsnv\/wp-json\/wp\/v2\/pages"}],"about":[{"href":"https:\/\/www.univ-mosta.dz\/fsnv\/wp-json\/wp\/v2\/types\/page"}],"author":[{"embeddable":true,"href":"https:\/\/www.univ-mosta.dz\/fsnv\/wp-json\/wp\/v2\/users\/9"}],"replies":[{"embeddable":true,"href":"https:\/\/www.univ-mosta.dz\/fsnv\/wp-json\/wp\/v2\/comments?post=3041"}],"version-history":[{"count":4,"href":"https:\/\/www.univ-mosta.dz\/fsnv\/wp-json\/wp\/v2\/pages\/3041\/revisions"}],"predecessor-version":[{"id":5252,"href":"https:\/\/www.univ-mosta.dz\/fsnv\/wp-json\/wp\/v2\/pages\/3041\/revisions\/5252"}],"wp:attachment":[{"href":"https:\/\/www.univ-mosta.dz\/fsnv\/wp-json\/wp\/v2\/media?parent=3041"}],"curies":[{"name":"wp","href":"https:\/\/api.w.org\/{rel}","templated":true}]}}