{"id":2984,"date":"2021-11-21T14:33:51","date_gmt":"2021-11-21T13:33:51","guid":{"rendered":"https:\/\/www.univ-mosta.dz\/fsnv\/?page_id=2984"},"modified":"2021-11-28T09:44:06","modified_gmt":"2021-11-28T08:44:06","slug":"textes-reglementaires-2","status":"publish","type":"page","link":"https:\/\/www.univ-mosta.dz\/fsnv\/textes-reglementaires-2\/","title":{"rendered":"Textes R\u00e9glementaires"},"content":{"rendered":"\n<ul class=\"wp-block-list\"><li><a href=\"http:\/\/www.univ-mosta.dz\/fst\/wp-content\/uploads\/sites\/3\/2021\/11\/c57.pdf\" target=\"_blank\" rel=\"noreferrer noopener\">Circulaire N\u00b0 57 Portant Comit\u00e9s P\u00e9dagogiques de Coordination<\/a><\/li><\/ul>\n\n\n\n<p>Le Comit\u00e9 P\u00e9dagogique de Coordination est form\u00e9 :<\/p>\n\n\n\n<ul class=\"wp-block-list\"><li>Des responsables des modules de semestre et du profil ou de la fili\u00e8re<\/li><li>Des responsables des travaux dirig\u00e9s et travaux pratiques (Ma\u00eetre Assistant ou Assistant) d\u00e9l\u00e9gu\u00e9s par ses coll\u00e8gues.<\/li><\/ul>\n\n\n\n<p>Il s\u2019adjoint des repr\u00e9sentants des \u00e9tudiants pour \u00e9tudier les probl\u00e8mes qui les int\u00e9ressent.<\/p>\n\n\n\n<p>Le Comit\u00e9 P\u00e9dagogique de Coordination est form\u00e9 pour la dur\u00e9e du semestre ou de l\u2019ann\u00e9e.<\/p>\n\n\n\n<p>Il se r\u00e9unit une fois par semaine pendant les trois premi\u00e8res semaines, et une fois toutes les trois semaines au moins par la suite. Chaque r\u00e9union donne lieu \u00e0 un proc\u00e8s-Verbal des d\u00e9cisions et propositions qui est transmis aux d\u00e9partements, instituts et facult\u00e9s concern\u00e9s. Le Comit\u00e9 P\u00e9dagogique de Coordination d\u00e9signe en son sein un pr\u00e9sident et un secr\u00e9taire. Le calendrier des r\u00e9unions est fix\u00e9 au d\u00e9but du semestre<\/p>\n","protected":false},"excerpt":{"rendered":"<p>Circulaire N\u00b0 57 Portant Comit\u00e9s P\u00e9dagogiques de Coordination Le Comit\u00e9 P\u00e9dagogique de Coordination est form\u00e9 : Des responsables des modules de semestre et du profil ou de la fili\u00e8reDes responsables &hellip;<\/p>\n","protected":false},"author":9,"featured_media":0,"parent":0,"menu_order":0,"comment_status":"closed","ping_status":"closed","template":"","meta":{"_coblocks_attr":"","_coblocks_dimensions":"","_coblocks_responsive_height":"","_coblocks_accordion_ie_support":"","footnotes":""},"class_list":["post-2984","page","type-page","status-publish","hentry"],"_links":{"self":[{"href":"https:\/\/www.univ-mosta.dz\/fsnv\/wp-json\/wp\/v2\/pages\/2984","targetHints":{"allow":["GET"]}}],"collection":[{"href":"https:\/\/www.univ-mosta.dz\/fsnv\/wp-json\/wp\/v2\/pages"}],"about":[{"href":"https:\/\/www.univ-mosta.dz\/fsnv\/wp-json\/wp\/v2\/types\/page"}],"author":[{"embeddable":true,"href":"https:\/\/www.univ-mosta.dz\/fsnv\/wp-json\/wp\/v2\/users\/9"}],"replies":[{"embeddable":true,"href":"https:\/\/www.univ-mosta.dz\/fsnv\/wp-json\/wp\/v2\/comments?post=2984"}],"version-history":[{"count":1,"href":"https:\/\/www.univ-mosta.dz\/fsnv\/wp-json\/wp\/v2\/pages\/2984\/revisions"}],"predecessor-version":[{"id":2986,"href":"https:\/\/www.univ-mosta.dz\/fsnv\/wp-json\/wp\/v2\/pages\/2984\/revisions\/2986"}],"wp:attachment":[{"href":"https:\/\/www.univ-mosta.dz\/fsnv\/wp-json\/wp\/v2\/media?parent=2984"}],"curies":[{"name":"wp","href":"https:\/\/api.w.org\/{rel}","templated":true}]}}