{"id":2863,"date":"2021-11-20T20:35:35","date_gmt":"2021-11-20T19:35:35","guid":{"rendered":"https:\/\/www.univ-mosta.dz\/fsnv\/?page_id=2863"},"modified":"2025-12-08T09:46:13","modified_gmt":"2025-12-08T08:46:13","slug":"chef-de-departement-sb","status":"publish","type":"page","link":"https:\/\/www.univ-mosta.dz\/fsnv\/chef-de-departement-sb\/","title":{"rendered":"Chef de d\u00e9partement"},"content":{"rendered":"\n<div class=\"wp-block-columns coblocks-author-columns has-background is-layout-flex wp-container-core-columns-is-layout-61ecc280 wp-block-columns-is-layout-flex\" style=\"background-color:#8C8C971A;padding-top:2.5rem;padding-right:2.5rem;padding-bottom:2.5rem;padding-left:2.5rem\">\n<div class=\"wp-block-column is-layout-flow wp-block-column-is-layout-flow\" style=\"flex-basis:25%\">\n<figure class=\"wp-block-image is-style-rounded\"><img loading=\"lazy\" decoding=\"async\" width=\"150\" height=\"150\" src=\"http:\/\/www.univ-mosta.dz\/fsnv\/wp-content\/uploads\/sites\/6\/2021\/11\/telechargement-150x150.png\" alt=\"\" class=\"wp-image-3362\" srcset=\"https:\/\/www.univ-mosta.dz\/fsnv\/wp-content\/uploads\/sites\/6\/2021\/11\/telechargement-150x150.png 150w, https:\/\/www.univ-mosta.dz\/fsnv\/wp-content\/uploads\/sites\/6\/2021\/11\/telechargement.png 225w\" sizes=\"auto, (max-width: 150px) 100vw, 150px\" \/><\/figure>\n<\/div>\n\n\n\n<div class=\"wp-block-column is-layout-flow wp-block-column-is-layout-flow\" style=\"flex-basis:75%\">\n<p><strong>Dr. BRAHAMI Nabila <\/strong><\/p>\n\n\n\n<p>nabila.brahami@univ-mosta.dz<\/p>\n\n\n\n<div class=\"wp-block-buttons is-layout-flex wp-block-buttons-is-layout-flex\">\n<div class=\"wp-block-button is-style-3d\"><a class=\"wp-block-button__link wp-element-button\">curriculum vitae<\/a><\/div>\n<\/div>\n<\/div>\n<\/div>\n\n\n\n<h2 class=\"wp-block-heading has-text-align-center\" style=\"font-size:35px\">Textes R\u00e9glementaires<\/h2>\n\n\n\n<hr class=\"wp-block-separator has-css-opacity\" \/>\n\n\n\n<p><\/p>\n\n\n\n<p><strong>D\u00e9cret ex\u00e9cutif n\u00b0 03-279 du 24 Joumada Ethania 1424 correspondant au 23 ao\u00fbt 2003 fixant les missions et les r\u00e8gles particuli\u00e8res d\u2019organisation et de fonctionnement de l\u2019universit\u00e9.<\/strong><\/p>\n\n\n\n<p><strong>Article 56 :<\/strong><\/p>\n\n\n\n<p>Le chef de d\u00e9partement est responsable du fonctionnement p\u00e9dagogique et administratif du d\u00e9partement et il exerce l\u2019autorit\u00e9 hi\u00e9rarchique sur le personnel plac\u00e9 sous sa responsabilit\u00e9.<\/p>\n\n\n\n<p>Il est assist\u00e9 de chefs de d\u00e9partements adjoints, de chefs de services et, le cas \u00e9ch\u00e9ant, de chefs de laboratoires.<\/p>\n\n\n\n<p>Le chef de d\u00e9partements est nomm\u00e9, pour une p\u00e9riode de trois ans, parmi les enseignants permanents justifiant du grade le plus \u00e9lev\u00e9 , par arr\u00eat\u00e9 du ministre charg\u00e9 de l\u2019enseignement sup\u00e9rieur et de recherche scientifique sur proposition du doyen et apr\u00e8s avis du recteur.<\/p>\n","protected":false},"excerpt":{"rendered":"<p>Dr. BRAHAMI Nabila nabila.brahami@univ-mosta.dz curriculum vitae Textes R\u00e9glementaires D\u00e9cret ex\u00e9cutif n\u00b0 03-279 du 24 Joumada Ethania 1424 correspondant au 23 ao\u00fbt 2003 fixant les missions et les r\u00e8gles particuli\u00e8res d\u2019organisation &hellip;<\/p>\n","protected":false},"author":9,"featured_media":0,"parent":0,"menu_order":0,"comment_status":"closed","ping_status":"closed","template":"","meta":{"_coblocks_attr":"Georgia,","_coblocks_dimensions":"","_coblocks_responsive_height":"","_coblocks_accordion_ie_support":"","footnotes":""},"class_list":["post-2863","page","type-page","status-publish","hentry"],"_links":{"self":[{"href":"https:\/\/www.univ-mosta.dz\/fsnv\/wp-json\/wp\/v2\/pages\/2863","targetHints":{"allow":["GET"]}}],"collection":[{"href":"https:\/\/www.univ-mosta.dz\/fsnv\/wp-json\/wp\/v2\/pages"}],"about":[{"href":"https:\/\/www.univ-mosta.dz\/fsnv\/wp-json\/wp\/v2\/types\/page"}],"author":[{"embeddable":true,"href":"https:\/\/www.univ-mosta.dz\/fsnv\/wp-json\/wp\/v2\/users\/9"}],"replies":[{"embeddable":true,"href":"https:\/\/www.univ-mosta.dz\/fsnv\/wp-json\/wp\/v2\/comments?post=2863"}],"version-history":[{"count":7,"href":"https:\/\/www.univ-mosta.dz\/fsnv\/wp-json\/wp\/v2\/pages\/2863\/revisions"}],"predecessor-version":[{"id":7368,"href":"https:\/\/www.univ-mosta.dz\/fsnv\/wp-json\/wp\/v2\/pages\/2863\/revisions\/7368"}],"wp:attachment":[{"href":"https:\/\/www.univ-mosta.dz\/fsnv\/wp-json\/wp\/v2\/media?parent=2863"}],"curies":[{"name":"wp","href":"https:\/\/api.w.org\/{rel}","templated":true}]}}