{"id":2840,"date":"2021-11-19T14:51:03","date_gmt":"2021-11-19T13:51:03","guid":{"rendered":"https:\/\/www.univ-mosta.dz\/fsnv\/?page_id=2840"},"modified":"2021-11-19T14:51:06","modified_gmt":"2021-11-19T13:51:06","slug":"les-droits-et-devoirs-de-letudiant","status":"publish","type":"page","link":"https:\/\/www.univ-mosta.dz\/fsnv\/les-droits-et-devoirs-de-letudiant\/","title":{"rendered":"Les droits et devoirs de l\u2019\u00e9tudiant"},"content":{"rendered":"\n<p>L\u2019\u00e9tudiant doit disposer de toutes les conditions possibles pour \u00e9voluer harmonieusement au sein des \u00e9tablissements d\u2019enseignement sup\u00e9rieur. Il a de ce fait des droits qui ne prennent leur sens que s\u2019ils sont accompagn\u00e9s d\u2019une responsabilit\u00e9 qui se traduit par des devoirs.<\/p>\n\n\n\n<p><strong>LES DROITS DE L\u2019\u00c9TUDIANT<\/strong><\/p>\n\n\n\n<ul class=\"wp-block-list\"><li>&nbsp;L\u2019\u00e9tudiant a droit \u00e0 un enseignement et \u00e0 une formation \u00e0 la recherche de qualit\u00e9. Pour ce faire, il a droit \u00e0 un encadrement de qualit\u00e9 qui utilise des m\u00e9thodes p\u00e9dagogiques modernes et adapt\u00e9es.<\/li><li>Le programme du cours doit lui \u00eatre remis d\u00e8s le d\u00e9but de l\u2019ann\u00e9e. Les supports de cours (Syllabus, r\u00e9f\u00e9rences d\u2019ouvrages et polycopi\u00e9s \u2026) doivent \u00eatre mis \u00e0 sa disposition et port\u00e9s \u00e0 sa connaissance.<\/li><li>L\u2019\u00e9tudiant a droit au respect et \u00e0 la dignit\u00e9 de la part des membres de la communaut\u00e9 universitaire.<\/li><li>L\u2019\u00e9tudiant ne doit subir aucune discrimination li\u00e9e au genre ou \u00e0 toute autre particularit\u00e9.<\/li><li>L\u2019\u00e9tudiant a droit \u00e0 la libert\u00e9 d\u2019expression et d\u2019opinion dans le respect des r\u00e8gles r\u00e9gissant les institutions universitaires.<\/li><li>L\u2019\u00e9tudiant a droit \u00e0 une \u00e9valuation juste, \u00e9quitable et impartiale. La remise des notes, accompagn\u00e9e du corrig\u00e9 et du bar\u00e8me de l\u2019\u00e9preuve et, au besoin, la consultation de copie, doivent se faire dans des d\u00e9lais raisonnables n\u2019exc\u00e9dant pas ceux fix\u00e9s par les comit\u00e9s p\u00e9dagogiques et les textes r\u00e8glementaires.<\/li><li>L\u2019\u00e9tudiant a le droit de pr\u00e9senter un recours s\u2019il s\u2019estime l\u00e9s\u00e9 dans la correction d\u2019une \u00e9preuve.<\/li><li>L\u2019\u00e9tudiant a droit \u00e0 la s\u00e9curit\u00e9, \u00e0 l\u2019hygi\u00e8ne et \u00e0 la pr\u00e9vention sanitaire n\u00e9cessaires aussi bien dans l\u2019universit\u00e9 que dans les r\u00e9sidences universitaires.<\/li><li>L\u2019\u00e9tudiant a droit aux informations concernant les structures de l\u2019universit\u00e9 de Abdelhamid Ibn Badis, notamment son r\u00e8glement int\u00e9rieur.<\/li><li>L\u2019\u00e9tudiant a acc\u00e8s \u00e0 la biblioth\u00e8que, aux laboratoires p\u00e9dagogiques, au centre de ressources informatiques et \u00e0 tous les moyens mat\u00e9riels n\u00e9cessaires \u00e0 une formation de qualit\u00e9.<\/li><li>L\u2019\u00e9tudiant \u00e9lit ses repr\u00e9sentants aux comit\u00e9s p\u00e9dagogiques sans entrave ni pression.<\/li><li>L\u2019\u00e9tudiant peut cr\u00e9er, conform\u00e9ment \u00e0 la l\u00e9gislation en vigueur, des associations estudiantines \u00e0 caract\u00e8re scientifique, artistique, culturel et sportif. Ces associations ne doivent pas s\u2019immiscer dans la gestion administrative et p\u00e9dagogique de l\u2019universit\u00e9 en dehors du cadre fix\u00e9 par la r\u00e9glementation en vigueur.<\/li><\/ul>\n\n\n\n<p><strong>LES DEVOIRS DE L\u2019\u00c9TUDIANT<\/strong><\/p>\n\n\n\n<ul class=\"wp-block-list\"><li>&nbsp;L\u2019\u00e9tudiant doit respecter la r\u00e9glementation en vigueur.<\/li><li>L\u2019\u00e9tudiant doit respecter la dignit\u00e9 et l\u2019int\u00e9grit\u00e9 des membres de la communaut\u00e9 universitaire.<\/li><li>L\u2019\u00e9tudiant doit respecter le droit des membres de la communaut\u00e9 universitaire \u00e0 la libre expression.<\/li><li>L\u2019\u00e9tudiant doit respecter les r\u00e9sultats des jurys de d\u00e9lib\u00e9rations.<\/li><li>L\u2019\u00e9tudiant est dans l\u2019obligation de fournir des informations exactes et pr\u00e9cises lors de son inscription, et de s\u2019acquitter de ses obligations administratives et p\u00e9dagogiques envers l\u2019\u00e9tablissement et ses structures.<\/li><li>L\u2019\u00e9tudiant doit faire preuve de civisme et de bonnes mani\u00e8res dans l\u2019ensemble de ses comportements.<\/li><li>L\u2019\u00e9tudiant ne doit jamais frauder ou recourir au plagiat.<\/li><li>L\u2019\u00e9tudiant doit pr\u00e9server les locaux et les mat\u00e9riels mis \u00e0 sa disposition et respecter les r\u00e8gles de s\u00e9curit\u00e9 et d\u2019hygi\u00e8ne dans toutes les structures de l\u2019universit\u00e9.<\/li><li>L\u2019\u00e9tudiant ne doit en aucun cas fermer les portes des structures administratives et p\u00e9dagogiques de l\u2019universit\u00e9. Il ne doit pas entraver leur fonctionnement en utilisant les \u00e9tudiants (es) comme bouclier humain.<\/li><li>L\u2019\u00e9tudiant est d\u00fbment inform\u00e9 des fautes qui lui sont reproch\u00e9es. Les sanctions qu\u2019il encourt sont pr\u00e9vues par la r\u00e9glementation en vigueur et le r\u00e8glement int\u00e9rieur de l\u2019universit\u00e9. Elles sont du ressort des conseils de discipline et peuvent aller jusqu\u2019\u00e0 l\u2019exclusion d\u00e9finitive de l\u2019universit\u00e9.<\/li><\/ul>\n","protected":false},"excerpt":{"rendered":"<p>L\u2019\u00e9tudiant doit disposer de toutes les conditions possibles pour \u00e9voluer harmonieusement au sein des \u00e9tablissements d\u2019enseignement sup\u00e9rieur. Il a de ce fait des droits qui ne prennent leur sens que &hellip;<\/p>\n","protected":false},"author":9,"featured_media":0,"parent":0,"menu_order":0,"comment_status":"closed","ping_status":"closed","template":"","meta":{"_coblocks_attr":"","_coblocks_dimensions":"","_coblocks_responsive_height":"","_coblocks_accordion_ie_support":"","footnotes":""},"class_list":["post-2840","page","type-page","status-publish","hentry"],"_links":{"self":[{"href":"https:\/\/www.univ-mosta.dz\/fsnv\/wp-json\/wp\/v2\/pages\/2840","targetHints":{"allow":["GET"]}}],"collection":[{"href":"https:\/\/www.univ-mosta.dz\/fsnv\/wp-json\/wp\/v2\/pages"}],"about":[{"href":"https:\/\/www.univ-mosta.dz\/fsnv\/wp-json\/wp\/v2\/types\/page"}],"author":[{"embeddable":true,"href":"https:\/\/www.univ-mosta.dz\/fsnv\/wp-json\/wp\/v2\/users\/9"}],"replies":[{"embeddable":true,"href":"https:\/\/www.univ-mosta.dz\/fsnv\/wp-json\/wp\/v2\/comments?post=2840"}],"version-history":[{"count":1,"href":"https:\/\/www.univ-mosta.dz\/fsnv\/wp-json\/wp\/v2\/pages\/2840\/revisions"}],"predecessor-version":[{"id":2842,"href":"https:\/\/www.univ-mosta.dz\/fsnv\/wp-json\/wp\/v2\/pages\/2840\/revisions\/2842"}],"wp:attachment":[{"href":"https:\/\/www.univ-mosta.dz\/fsnv\/wp-json\/wp\/v2\/media?parent=2840"}],"curies":[{"name":"wp","href":"https:\/\/api.w.org\/{rel}","templated":true}]}}