{"id":2823,"date":"2021-11-19T11:59:16","date_gmt":"2021-11-19T10:59:16","guid":{"rendered":"https:\/\/www.univ-mosta.dz\/fsnv\/?page_id=2823"},"modified":"2021-11-19T14:45:27","modified_gmt":"2021-11-19T13:45:27","slug":"catalogue-en-ligne","status":"publish","type":"page","link":"https:\/\/www.univ-mosta.dz\/fsnv\/catalogue-en-ligne\/","title":{"rendered":"Catalogue en ligne"},"content":{"rendered":"\n<p><strong>Mise en contexte<\/strong><\/p>\n\n\n\n<p>PMB est un logiciel libre de gestion de biblioth\u00e8ques et de centres de documentation.<\/p>\n\n\n\n<p>Son \u00e9volution est g\u00e9r\u00e9e par l\u2019entreprise&nbsp;<strong>PMB Services<\/strong>.<\/p>\n\n\n\n<p>Pour plus d\u2019informations, consultez le site de l\u2019entreprise&nbsp;:&nbsp;<a href=\"http:\/\/www.sigb.net\/\" target=\"_blank\" rel=\"noreferrer noopener\">http:\/\/www.sigb.net<\/a><\/p>\n\n\n\n<p>PMB est un syst\u00e8me int\u00e9gr\u00e9 de gestion de biblioth\u00e8ques. Il poss\u00e8de un module de gestion (pr\u00eats, catalogues, \u00e9ditions\u2026) et un portail type OPAC (Online Public Access Catalog).<\/p>\n\n\n\n<ul class=\"wp-block-list\"><li>Il permet d\u2019importer des notices de la BNF au format Z39.50; import\/export \u00e9galement en unimarc et XML,<\/li><li>Grilles de catalogage personnalisables,<\/li><li>Suggestions et acquisitions,<\/li><li>Statistiques du fond,<\/li><li>OPAC 2.0, etc<\/li><\/ul>\n\n\n\n<p>Il supporte des fonds de 500 000&nbsp;notices.<\/p>\n\n\n\n<p><strong>PMB :<\/strong>&nbsp;<strong>Catalogue en ligne des biblioth\u00e8ques<\/strong><\/p>\n\n\n\n<p><a href=\"http:\/\/catalogue.univ-mosta.dz\/fsnv\" target=\"_blank\" rel=\"noreferrer noopener\">Catalogue en ligne des biblioth\u00e8ques<\/a>\u00a0a \u00e9t\u00e9 mis en place par le\u00a0Centre des Syst\u00e8mes et R\u00e9seaux d\u2019Information, de Communication de T\u00e9l\u00e9-enseignement et de l\u2019Enseignement \u00e0 Distance (CSRICTED)\u00a0de l\u2019UMAB et il est op\u00e9rationnel depuis 2018.<\/p>\n","protected":false},"excerpt":{"rendered":"<p>Mise en contexte PMB est un logiciel libre de gestion de biblioth\u00e8ques et de centres de documentation. Son \u00e9volution est g\u00e9r\u00e9e par l\u2019entreprise&nbsp;PMB Services. Pour plus d\u2019informations, consultez le site &hellip;<\/p>\n","protected":false},"author":9,"featured_media":0,"parent":0,"menu_order":0,"comment_status":"closed","ping_status":"closed","template":"","meta":{"_coblocks_attr":"","_coblocks_dimensions":"","_coblocks_responsive_height":"","_coblocks_accordion_ie_support":"","footnotes":""},"class_list":["post-2823","page","type-page","status-publish","hentry"],"_links":{"self":[{"href":"https:\/\/www.univ-mosta.dz\/fsnv\/wp-json\/wp\/v2\/pages\/2823","targetHints":{"allow":["GET"]}}],"collection":[{"href":"https:\/\/www.univ-mosta.dz\/fsnv\/wp-json\/wp\/v2\/pages"}],"about":[{"href":"https:\/\/www.univ-mosta.dz\/fsnv\/wp-json\/wp\/v2\/types\/page"}],"author":[{"embeddable":true,"href":"https:\/\/www.univ-mosta.dz\/fsnv\/wp-json\/wp\/v2\/users\/9"}],"replies":[{"embeddable":true,"href":"https:\/\/www.univ-mosta.dz\/fsnv\/wp-json\/wp\/v2\/comments?post=2823"}],"version-history":[{"count":3,"href":"https:\/\/www.univ-mosta.dz\/fsnv\/wp-json\/wp\/v2\/pages\/2823\/revisions"}],"predecessor-version":[{"id":2836,"href":"https:\/\/www.univ-mosta.dz\/fsnv\/wp-json\/wp\/v2\/pages\/2823\/revisions\/2836"}],"wp:attachment":[{"href":"https:\/\/www.univ-mosta.dz\/fsnv\/wp-json\/wp\/v2\/media?parent=2823"}],"curies":[{"name":"wp","href":"https:\/\/api.w.org\/{rel}","templated":true}]}}