{"id":2784,"date":"2021-11-19T11:38:48","date_gmt":"2021-11-19T10:38:48","guid":{"rendered":"https:\/\/www.univ-mosta.dz\/fsnv\/?page_id=2784"},"modified":"2021-11-28T20:56:56","modified_gmt":"2021-11-28T19:56:56","slug":"dptsal","status":"publish","type":"page","link":"https:\/\/www.univ-mosta.dz\/fsnv\/dptsal\/","title":{"rendered":"Accueil"},"content":{"rendered":"\n<div class=\"wp-block-media-text alignwide is-stacked-on-mobile\" style=\"grid-template-columns:24% auto\"><figure class=\"wp-block-media-text__media\"><img loading=\"lazy\" decoding=\"async\" width=\"768\" height=\"1024\" src=\"http:\/\/www.univ-mosta.dz\/fsnv\/wp-content\/uploads\/sites\/6\/2021\/11\/20211123_140527-768x1024.jpg\" alt=\"\" class=\"wp-image-3310 size-full\" srcset=\"https:\/\/www.univ-mosta.dz\/fsnv\/wp-content\/uploads\/sites\/6\/2021\/11\/20211123_140527-768x1024.jpg 768w, https:\/\/www.univ-mosta.dz\/fsnv\/wp-content\/uploads\/sites\/6\/2021\/11\/20211123_140527-225x300.jpg 225w, https:\/\/www.univ-mosta.dz\/fsnv\/wp-content\/uploads\/sites\/6\/2021\/11\/20211123_140527-1152x1536.jpg 1152w, https:\/\/www.univ-mosta.dz\/fsnv\/wp-content\/uploads\/sites\/6\/2021\/11\/20211123_140527-1536x2048.jpg 1536w, https:\/\/www.univ-mosta.dz\/fsnv\/wp-content\/uploads\/sites\/6\/2021\/11\/20211123_140527-scaled.jpg 1920w\" sizes=\"auto, (max-width: 768px) 100vw, 768px\" \/><\/figure><div class=\"wp-block-media-text__content\">\n<p class=\"has-large-font-size\">D\u00e9partement des sciences alimentaires<\/p>\n\n\n\n<p class=\"has-large-font-size\"> <\/p>\n<\/div><\/div>\n\n\n\n<p class=\"has-text-align-center has-cyan-bluish-gray-background-color has-background has-medium-font-size\"><strong>Annonce aux \u00e9tudiants du d\u00e9partement&nbsp;<\/strong><\/p>\n\n\n\n\n\n<div class=\"wp-block-columns is-layout-flex wp-container-core-columns-is-layout-9d6595d7 wp-block-columns-is-layout-flex\">\n<div class=\"wp-block-column is-layout-flow wp-block-column-is-layout-flow\">\n<p class=\"has-text-align-center has-black-color has-white-background-color has-text-color has-background has-medium-font-size has-custom-weight\" style=\"font-weight:normal\"><strong>Emplois du temps<\/strong><\/p>\n\n\n\n<p class=\"has-white-color has-cyan-bluish-gray-background-color has-text-color has-background\"><\/p>\n<\/div>\n\n\n\n<div class=\"wp-block-column is-layout-flow wp-block-column-is-layout-flow\">\n<p class=\"has-text-align-center has-white-background-color has-background has-medium-font-size\"><strong>Liste des groupes<\/strong><\/p>\n<\/div>\n<\/div>\n\n\n\n<p><\/p>\n\n\n\n<p><\/p>\n","protected":false},"excerpt":{"rendered":"<p>D\u00e9partement des sciences alimentaires Annonce aux \u00e9tudiants du d\u00e9partement&nbsp; Emplois du temps Liste des groupes<\/p>\n","protected":false},"author":9,"featured_media":0,"parent":0,"menu_order":0,"comment_status":"closed","ping_status":"closed","template":"","meta":{"_coblocks_attr":"","_coblocks_dimensions":"","_coblocks_responsive_height":"","_coblocks_accordion_ie_support":"","footnotes":""},"class_list":["post-2784","page","type-page","status-publish","hentry"],"_links":{"self":[{"href":"https:\/\/www.univ-mosta.dz\/fsnv\/wp-json\/wp\/v2\/pages\/2784","targetHints":{"allow":["GET"]}}],"collection":[{"href":"https:\/\/www.univ-mosta.dz\/fsnv\/wp-json\/wp\/v2\/pages"}],"about":[{"href":"https:\/\/www.univ-mosta.dz\/fsnv\/wp-json\/wp\/v2\/types\/page"}],"author":[{"embeddable":true,"href":"https:\/\/www.univ-mosta.dz\/fsnv\/wp-json\/wp\/v2\/users\/9"}],"replies":[{"embeddable":true,"href":"https:\/\/www.univ-mosta.dz\/fsnv\/wp-json\/wp\/v2\/comments?post=2784"}],"version-history":[{"count":8,"href":"https:\/\/www.univ-mosta.dz\/fsnv\/wp-json\/wp\/v2\/pages\/2784\/revisions"}],"predecessor-version":[{"id":3436,"href":"https:\/\/www.univ-mosta.dz\/fsnv\/wp-json\/wp\/v2\/pages\/2784\/revisions\/3436"}],"wp:attachment":[{"href":"https:\/\/www.univ-mosta.dz\/fsnv\/wp-json\/wp\/v2\/media?parent=2784"}],"curies":[{"name":"wp","href":"https:\/\/api.w.org\/{rel}","templated":true}]}}