{"id":2778,"date":"2021-11-19T11:36:27","date_gmt":"2021-11-19T10:36:27","guid":{"rendered":"https:\/\/www.univ-mosta.dz\/fsnv\/?page_id=2778"},"modified":"2022-05-09T14:28:26","modified_gmt":"2022-05-09T12:28:26","slug":"dbio","status":"publish","type":"page","link":"https:\/\/www.univ-mosta.dz\/fsnv\/dbio\/","title":{"rendered":"Accueil"},"content":{"rendered":"\n<div class=\"wp-block-media-text alignwide is-stacked-on-mobile\" style=\"grid-template-columns:28% auto\"><figure class=\"wp-block-media-text__media\"><img loading=\"lazy\" decoding=\"async\" width=\"774\" height=\"774\" src=\"http:\/\/www.univ-mosta.dz\/fsnv\/wp-content\/uploads\/sites\/6\/2020\/02\/83404582_551685338757147_90853483321753600_n.jpg\" alt=\"\" class=\"wp-image-938 size-full\" srcset=\"https:\/\/www.univ-mosta.dz\/fsnv\/wp-content\/uploads\/sites\/6\/2020\/02\/83404582_551685338757147_90853483321753600_n.jpg 774w, https:\/\/www.univ-mosta.dz\/fsnv\/wp-content\/uploads\/sites\/6\/2020\/02\/83404582_551685338757147_90853483321753600_n-150x150.jpg 150w, https:\/\/www.univ-mosta.dz\/fsnv\/wp-content\/uploads\/sites\/6\/2020\/02\/83404582_551685338757147_90853483321753600_n-300x300.jpg 300w, https:\/\/www.univ-mosta.dz\/fsnv\/wp-content\/uploads\/sites\/6\/2020\/02\/83404582_551685338757147_90853483321753600_n-768x768.jpg 768w, https:\/\/www.univ-mosta.dz\/fsnv\/wp-content\/uploads\/sites\/6\/2020\/02\/83404582_551685338757147_90853483321753600_n-100x100.jpg 100w\" sizes=\"auto, (max-width: 774px) 100vw, 774px\" \/><\/figure><div class=\"wp-block-media-text__content\">\n<p class=\"has-large-font-size\">D\u00e9partement de Biologie<\/p>\n<\/div><\/div>\n\n\n\n<p class=\"has-text-align-center has-cyan-bluish-gray-background-color has-background has-medium-font-size\"><strong>Annonce aux \u00e9tudiants du d\u00e9partement&nbsp;<\/strong><\/p>\n\n\n\n<p><\/p>\n\n\n\n\n\n<div class=\"wp-block-columns is-layout-flex wp-container-core-columns-is-layout-9d6595d7 wp-block-columns-is-layout-flex\">\n<div class=\"wp-block-column is-layout-flow wp-block-column-is-layout-flow\">\n<p class=\"has-text-align-center has-black-color has-white-background-color has-text-color has-background has-medium-font-size has-custom-weight\" style=\"font-weight:normal\"><strong>Annonce de candidature<\/strong><\/p>\n<\/div>\n\n\n\n<div class=\"wp-block-column is-layout-flow wp-block-column-is-layout-flow\">\n<p class=\"has-text-align-center has-white-background-color has-background has-medium-font-size\"><strong>Liste des groupes<\/strong><\/p>\n<\/div>\n<\/div>\n\n\n\n<p><\/p>\n","protected":false},"excerpt":{"rendered":"<p>D\u00e9partement de Biologie Annonce aux \u00e9tudiants du d\u00e9partement&nbsp; Annonce de candidature Liste des groupes<\/p>\n","protected":false},"author":9,"featured_media":0,"parent":0,"menu_order":0,"comment_status":"closed","ping_status":"closed","template":"","meta":{"_coblocks_attr":"","_coblocks_dimensions":"","_coblocks_responsive_height":"","_coblocks_accordion_ie_support":"","footnotes":""},"class_list":["post-2778","page","type-page","status-publish","hentry"],"_links":{"self":[{"href":"https:\/\/www.univ-mosta.dz\/fsnv\/wp-json\/wp\/v2\/pages\/2778","targetHints":{"allow":["GET"]}}],"collection":[{"href":"https:\/\/www.univ-mosta.dz\/fsnv\/wp-json\/wp\/v2\/pages"}],"about":[{"href":"https:\/\/www.univ-mosta.dz\/fsnv\/wp-json\/wp\/v2\/types\/page"}],"author":[{"embeddable":true,"href":"https:\/\/www.univ-mosta.dz\/fsnv\/wp-json\/wp\/v2\/users\/9"}],"replies":[{"embeddable":true,"href":"https:\/\/www.univ-mosta.dz\/fsnv\/wp-json\/wp\/v2\/comments?post=2778"}],"version-history":[{"count":28,"href":"https:\/\/www.univ-mosta.dz\/fsnv\/wp-json\/wp\/v2\/pages\/2778\/revisions"}],"predecessor-version":[{"id":3957,"href":"https:\/\/www.univ-mosta.dz\/fsnv\/wp-json\/wp\/v2\/pages\/2778\/revisions\/3957"}],"wp:attachment":[{"href":"https:\/\/www.univ-mosta.dz\/fsnv\/wp-json\/wp\/v2\/media?parent=2778"}],"curies":[{"name":"wp","href":"https:\/\/api.w.org\/{rel}","templated":true}]}}