{"id":2754,"date":"2021-11-19T11:24:13","date_gmt":"2021-11-19T10:24:13","guid":{"rendered":"https:\/\/www.univ-mosta.dz\/fsnv\/?page_id=2754"},"modified":"2021-11-23T09:33:28","modified_gmt":"2021-11-23T08:33:28","slug":"missions-de-la-faculte","status":"publish","type":"page","link":"https:\/\/www.univ-mosta.dz\/fsnv\/missions-de-la-faculte\/","title":{"rendered":"Missions de la facult\u00e9"},"content":{"rendered":"\n<p><strong>D\u00e9cret ex\u00e9cutif n\u00b0 03-279 du 24 Joumada Ethania 1424 correspondant au 23 ao\u00fbt 2003 fixant les missions et les r\u00e8gles particuli\u00e8res d\u2019organisation et de fonctionnement de l\u2019universit\u00e9.<\/strong><\/p>\n\n\n\n<p><strong>Article 32&nbsp;:<\/strong><\/p>\n\n\n\n<p>La facult\u00e9 est une unit\u00e9 d\u2019enseignement et de recherche de l\u2019universit\u00e9 dans le domaine de la science et de la connaissance.<\/p>\n\n\n\n<p><strong>Article 33&nbsp;:<\/strong><\/p>\n\n\n\n<p>La facult\u00e9 est pluridisciplinaire mais peut \u00eatre, le cas \u00e9ch\u00e9ant, cr\u00e9\u00e9e autour d\u2019une discipline dominante.<\/p>\n\n\n\n<p>Elle assure notamment :<\/p>\n\n\n\n<ul class=\"wp-block-list\"><li>des formations de graduation et de post-graduation,<\/li><li>des activit\u00e9s de recherche scientifique,<\/li><li>des actions de formation continue, de perfectionnement et de recyclage.<\/li><\/ul>\n\n\n\n<p><strong>Article 34&nbsp;:<\/strong><\/p>\n\n\n\n<p>La facult\u00e9 est compos\u00e9e de d\u00e9partements et comporte une biblioth\u00e8que organis\u00e9e en services et sections.<\/p>\n\n\n\n<p>Les d\u00e9partements sont cr\u00e9\u00e9s par arr\u00eat\u00e9 du ministre charg\u00e9 de l\u2019enseignement sup\u00e9rieur.<\/p>\n\n\n\n<p><strong>Article 35&nbsp;:<\/strong><\/p>\n\n\n\n<p>Le d\u00e9partement recouvre une fili\u00e8re ou une discipline ou une sp\u00e9cialit\u00e9 dans la discipline et regroupe, le cas \u00e9ch\u00e9ant, des laboratoires.<\/p>\n\n\n\n<p>Il est charg\u00e9 d\u2019assurer la programmation, la r\u00e9alisation, l\u2019\u00e9valuation et le contr\u00f4le des activit\u00e9s de formation et de<\/p>\n\n\n\n<p>recherche dans son domaine.<\/p>\n\n\n\n<p><strong>Article 36&nbsp;:<\/strong><\/p>\n\n\n\n<p>La facult\u00e9 est dot\u00e9e d\u2019un conseil de facult\u00e9 et d\u2019un conseil scientifique et est dirig\u00e9e par un doyen.<\/p>\n\n\n\n<p>Le d\u00e9partement est dot\u00e9 d\u2019un comit\u00e9 scientifique et dirig\u00e9 par un chef de d\u00e9partement.<\/p>\n","protected":false},"excerpt":{"rendered":"<p>D\u00e9cret ex\u00e9cutif n\u00b0 03-279 du 24 Joumada Ethania 1424 correspondant au 23 ao\u00fbt 2003 fixant les missions et les r\u00e8gles particuli\u00e8res d\u2019organisation et de fonctionnement de l\u2019universit\u00e9. Article 32&nbsp;: La &hellip;<\/p>\n","protected":false},"author":9,"featured_media":0,"parent":0,"menu_order":0,"comment_status":"closed","ping_status":"closed","template":"","meta":{"_coblocks_attr":"","_coblocks_dimensions":"","_coblocks_responsive_height":"","_coblocks_accordion_ie_support":"","footnotes":""},"class_list":["post-2754","page","type-page","status-publish","hentry"],"_links":{"self":[{"href":"https:\/\/www.univ-mosta.dz\/fsnv\/wp-json\/wp\/v2\/pages\/2754","targetHints":{"allow":["GET"]}}],"collection":[{"href":"https:\/\/www.univ-mosta.dz\/fsnv\/wp-json\/wp\/v2\/pages"}],"about":[{"href":"https:\/\/www.univ-mosta.dz\/fsnv\/wp-json\/wp\/v2\/types\/page"}],"author":[{"embeddable":true,"href":"https:\/\/www.univ-mosta.dz\/fsnv\/wp-json\/wp\/v2\/users\/9"}],"replies":[{"embeddable":true,"href":"https:\/\/www.univ-mosta.dz\/fsnv\/wp-json\/wp\/v2\/comments?post=2754"}],"version-history":[{"count":2,"href":"https:\/\/www.univ-mosta.dz\/fsnv\/wp-json\/wp\/v2\/pages\/2754\/revisions"}],"predecessor-version":[{"id":3229,"href":"https:\/\/www.univ-mosta.dz\/fsnv\/wp-json\/wp\/v2\/pages\/2754\/revisions\/3229"}],"wp:attachment":[{"href":"https:\/\/www.univ-mosta.dz\/fsnv\/wp-json\/wp\/v2\/media?parent=2754"}],"curies":[{"name":"wp","href":"https:\/\/api.w.org\/{rel}","templated":true}]}}