{"id":27,"date":"2019-02-20T10:06:53","date_gmt":"2019-02-20T09:06:53","guid":{"rendered":"http:\/\/www.univ-mosta.dz\/fsnv\/?page_id=27"},"modified":"2026-03-16T12:54:09","modified_gmt":"2026-03-16T11:54:09","slug":"offre-de-formation","status":"publish","type":"page","link":"https:\/\/www.univ-mosta.dz\/fsnv\/offre-de-formation\/","title":{"rendered":"Offre de Formation"},"content":{"rendered":"\n<p><\/p>\n\n\n\n<p class=\"has-text-align-center has-cyan-bluish-gray-background-color has-background\"><strong>Socle Commun<\/strong><\/p>\n\n\n\n<p class=\"has-text-align-center has-background\" style=\"background-color:#c78796\"><strong>Premi\u00e8re Ann\u00e9e&nbsp;<\/strong><\/p>\n\n\n\n<ul class=\"wp-block-list\">\n<li><a href=\"http:\/\/www.univ-mosta.dz\/fsnv\/offre-de-formation\/sciences-de-la-nature-et-de-la-vie\/\" target=\"_blank\" rel=\"noreferrer noopener\">Sciences de la nature et de la vie<\/a><\/li>\n<\/ul>\n\n\n\n<p class=\"has-text-align-center has-background\" style=\"background-color:#cd8df763\"><strong>Deuxi\u00e8me ann\u00e9e<\/strong><\/p>\n\n\n\n<ul class=\"wp-block-list\">\n<li><a href=\"http:\/\/www.univ-mosta.dz\/fsnv\/wp-content\/uploads\/sites\/6\/2022\/10\/Arrete-n\u00b01525-du-28-Septembre-2016-SNV-Sciences-Biologiques.pdf\">Sciences biologiques<\/a><\/li>\n<\/ul>\n\n\n\n<ul class=\"wp-block-list\">\n<li><a href=\"http:\/\/www.univ-mosta.dz\/fsnv\/wp-content\/uploads\/sites\/6\/2019\/03\/Sciences-agronomiques.pdf\">Sciences agronomiques<\/a><\/li>\n<\/ul>\n\n\n\n<ul class=\"wp-block-list\">\n<li><a href=\"http:\/\/www.univ-mosta.dz\/fsnv\/wp-content\/uploads\/sites\/6\/2022\/10\/Arrete-n\u00b01522-du-28-Septembre-2016-SNV-Sciences-Alimentaires.pdf\">Sciences alimentaires<\/a><\/li>\n<\/ul>\n\n\n\n<ul class=\"wp-block-list\">\n<li><a href=\"http:\/\/www.univ-mosta.dz\/fsnv\/wp-content\/uploads\/sites\/6\/2022\/10\/Arrete-n\u00b01521-du-28-Septembre-2016-SNV-HBMC.pdf\">Hydrobiologie marine et continentale<\/a><\/li>\n<\/ul>\n\n\n\n<ul class=\"wp-block-list\">\n<li><a href=\"http:\/\/www.univ-mosta.dz\/fsnv\/wp-content\/uploads\/sites\/6\/2022\/10\/Arrete-n\u00b01523-du-28-Septembre-2016-SNV-Ecologie-et-Environnement.pdf\">Ecologie et environnement<\/a><\/li>\n<\/ul>\n\n\n\n<ul class=\"wp-block-list\">\n<li><a href=\"http:\/\/www.univ-mosta.dz\/fsnv\/wp-content\/uploads\/sites\/6\/2022\/10\/Arrete-n\u00b01523-du-28-Septembre-2016-SNV-Ecologie-et-Environnement.pdf\"><\/a><a href=\"http:\/\/www.univ-mosta.dz\/fsnv\/wp-content\/uploads\/sites\/6\/2022\/10\/Arrete-n%C2%B01524-du-28-Septembre-2016-SNV-Biotechnologies.pdf\">Biotechnologie<\/a><\/li>\n<\/ul>\n\n\n\n<p class=\"has-text-align-center has-cyan-bluish-gray-background-color has-background\"><strong><strong>LICENCE<\/strong><\/strong><\/p>\n\n\n\n<p class=\"has-text-align-center has-background\" style=\"background-color:#fc7474\"><strong>Sciences Biologiques&nbsp;<\/strong><\/p>\n\n\n\n<ul class=\"wp-block-list\">\n<li><a href=\"http:\/\/www.univ-mosta.dz\/fsnv\/wp-content\/uploads\/sites\/6\/2022\/10\/canevas_B.pdf\">Biochimie<\/a><\/li>\n<\/ul>\n\n\n\n<ul class=\"wp-block-list\">\n<li><a href=\"http:\/\/www.univ-mosta.dz\/fsnv\/wp-content\/uploads\/sites\/6\/2019\/03\/G\u00e9n\u00e9tique.pdf\">G\u00e9n\u00e9tique<\/a><\/li>\n<\/ul>\n\n\n\n<ul class=\"wp-block-list\">\n<li><a href=\"http:\/\/www.univ-mosta.dz\/fsnv\/wp-content\/uploads\/sites\/6\/2019\/03\/Microbiologie.pdf\">Microbiologie<\/a><\/li>\n<\/ul>\n\n\n\n<ul class=\"wp-block-list\">\n<li><a href=\"http:\/\/www.univ-mosta.dz\/fsnv\/wp-content\/uploads\/sites\/6\/2019\/03\/Toxicologie.pdf\">Toxicologie<\/a><\/li>\n<\/ul>\n\n\n\n<ul class=\"wp-block-list\">\n<li><a href=\"http:\/\/www.univ-mosta.dz\/fsnv\/offre-de-formation\/coffee_canevas-habilitation-lp-ttc-final-1\/\">Technologies de transformation des c\u00e9r\u00e9ales &#8211; Licence Professionnelle &#8211;<\/a> (Gel\u00e9)<\/li>\n<\/ul>\n\n\n\n<p class=\"has-text-align-center has-background\" style=\"background-color:#91f7ce\"><strong>Sciences Agronomiques<\/strong><\/p>\n\n\n\n<ul class=\"wp-block-list\">\n<li><a href=\"http:\/\/www.univ-mosta.dz\/fsnv\/wp-content\/uploads\/sites\/6\/2023\/02\/Lic_Sol_Eau_FAgro_Univ_Mosta-1.pdf\">Sol et eau<\/a><\/li>\n<\/ul>\n\n\n\n<ul class=\"wp-block-list\">\n<li><a href=\"http:\/\/www.univ-mosta.dz\/fsnv\/wp-content\/uploads\/sites\/6\/2019\/03\/Protection-des-v\u00e9g\u00e9taux.pdf\">Protection des v\u00e9g\u00e9taux<\/a><\/li>\n<\/ul>\n\n\n\n<ul class=\"wp-block-list\">\n<li><a href=\"http:\/\/www.univ-mosta.dz\/fsnv\/wp-content\/uploads\/sites\/6\/2019\/03\/Production-v\u00e9g\u00e9tale.pdf\">Production v\u00e9g\u00e9tale<\/a><\/li>\n<\/ul>\n\n\n\n<ul class=\"wp-block-list\">\n<li><a href=\"http:\/\/www.univ-mosta.dz\/fsnv\/wp-content\/uploads\/sites\/6\/2019\/03\/Production-animale.pdf\">Production animale<\/a><\/li>\n<\/ul>\n\n\n\n<p class=\"has-text-align-center has-background\" style=\"background-color:#65b9ed\"><strong>Hydrobiologie marine et continentale<\/strong><\/p>\n\n\n\n<ul class=\"wp-block-list\">\n<li><a href=\"http:\/\/www.univ-mosta.dz\/fsnv\/wp-content\/uploads\/sites\/6\/2019\/03\/Biologie-et-\u00e9cologie-des-milieux-aquatiques.pdf\">Biologie et \u00e9cologie des milieux aquatiques<\/a><\/li>\n<\/ul>\n\n\n\n<ul class=\"wp-block-list\">\n<li><a href=\"http:\/\/www.univ-mosta.dz\/fsnv\/wp-content\/uploads\/sites\/6\/2019\/03\/Halieutique.pdf\">Halieutique<\/a><\/li>\n<\/ul>\n\n\n\n<p class=\"has-text-align-center has-background\" style=\"background-color:#fca160\"><strong>Sciences Alimentaires<\/strong><\/p>\n\n\n\n<ul class=\"wp-block-list\">\n<li><a href=\"http:\/\/www.univ-mosta.dz\/fsnv\/wp-content\/uploads\/sites\/6\/2019\/03\/Alimentation-nutrition-et-pathologie.pdf\">Alimentation, nutrition et pathologie<\/a><\/li>\n<\/ul>\n\n\n\n<ul class=\"wp-block-list\">\n<li><a href=\"http:\/\/www.univ-mosta.dz\/fsnv\/wp-content\/uploads\/sites\/6\/2019\/03\/Technologie-agroalimentaire-et-contr\u00f4le-de-qualit\u00e9.pdf\">Technologie agroalimentaire et contr\u00f4le de qualit\u00e9<\/a><\/li>\n<\/ul>\n\n\n\n<p class=\"has-text-align-center has-vivid-purple-background-color has-background\"><strong>Ecologie et Environnement<\/strong><\/p>\n\n\n\n<ul class=\"wp-block-list\">\n<li><a href=\"http:\/\/www.univ-mosta.dz\/fsnv\/wp-content\/uploads\/sites\/6\/2024\/09\/Licence-Ecologie-et-Environnement_U.Mosta-2022-2023.pdf\" data-type=\"link\" data-id=\"http:\/\/www.univ-mosta.dz\/fsnv\/wp-content\/uploads\/sites\/6\/2024\/09\/Licence-Ecologie-et-Environnement_U.Mosta-2022-2023.pdf\">Ecologie et Environnement<\/a><\/li>\n<\/ul>\n\n\n\n<p class=\"has-text-align-center has-vivid-purple-background-color has-background\"><strong>Biotechnologie<\/strong><\/p>\n\n\n\n<ul class=\"wp-block-list\">\n<li>Biotechnologie et sant\u00e9<\/li>\n<\/ul>\n\n\n\n<ul class=\"wp-block-list\">\n<li><a href=\"http:\/\/www.univ-mosta.dz\/fsnv\/wp-content\/uploads\/sites\/6\/2024\/09\/Canevas-OF-Licence-Biotechnologie-vegetale-et-amelioration-des-plantes.pdf\" data-type=\"link\" data-id=\"http:\/\/www.univ-mosta.dz\/fsnv\/wp-content\/uploads\/sites\/6\/2024\/09\/Canevas-OF-Licence-Biotechnologie-vegetale-et-amelioration-des-plantes.pdf\">Biotechnologie v\u00e9g\u00e9tale et am\u00e9lioration des plantes<\/a><\/li>\n<\/ul>\n\n\n\n<p class=\"has-text-align-center has-pale-cyan-blue-background-color has-background\"><strong>MASTER<\/strong> <\/p>\n\n\n\n<p class=\"has-text-align-center has-light-green-cyan-background-color has-background\"><strong><strong>Sciences Agronomiques<\/strong><\/strong><\/p>\n\n\n\n<ul class=\"wp-block-list\">\n<li><a href=\"http:\/\/www.univ-mosta.dz\/fsnv\/wp-content\/uploads\/sites\/6\/2021\/04\/Description_Master_Ver1.pdf\">Changements Environnementaux et D\u00e9veloppement Durable<\/a> &#8211; Master Professionnalisant &#8211;\u00a0(Gel\u00e9)<\/li>\n<\/ul>\n\n\n\n<ul class=\"wp-block-list\">\n<li><a href=\"http:\/\/www.univ-mosta.dz\/fsnv\/wp-content\/uploads\/sites\/6\/2022\/03\/Master_Pro_Technologies-Avancees-pour-lAgriculture-de-Precision-2.pdf\">Technologies Avanc\u00e9es pour l\u2019Agriculture de&nbsp;Pr\u00e9cision<\/a> &#8211; Master Professionnalisant &#8211;&nbsp;<\/li>\n<\/ul>\n\n\n\n<ul class=\"wp-block-list\">\n<li><a href=\"http:\/\/www.univ-mosta.dz\/fsnv\/wp-content\/uploads\/sites\/6\/2022\/10\/Master_Prodution_animale.pdf\">Production animale<\/a><\/li>\n<\/ul>\n\n\n\n<ul class=\"wp-block-list\">\n<li><a href=\"http:\/\/www.univ-mosta.dz\/fsnv\/wp-content\/uploads\/sites\/6\/2022\/10\/Master_Production_vegetale.pdf\">Production v\u00e9g\u00e9tale<\/a><\/li>\n<\/ul>\n\n\n\n<ul class=\"wp-block-list\">\n<li><a href=\"http:\/\/www.univ-mosta.dz\/fsnv\/wp-content\/uploads\/sites\/6\/2022\/10\/Master_Protection_des_v\u00a9g\u00a9taux.pdf\">Protection des v\u00e9g\u00e9taux<\/a><\/li>\n<\/ul>\n\n\n\n<ul class=\"wp-block-list\">\n<li><a href=\"http:\/\/www.univ-mosta.dz\/fsnv\/wp-content\/uploads\/sites\/6\/2022\/10\/Master_Amenagement_hydroagricole.pdf\">Am\u00e9nagement hydroagricole<\/a><\/li>\n<\/ul>\n\n\n\n<p class=\"has-text-align-center has-vivid-red-background-color has-background\"><strong>Sciences Biologiques<\/strong><\/p>\n\n\n\n<ul class=\"wp-block-list\">\n<li><a href=\"http:\/\/www.univ-mosta.dz\/fsnv\/wp-content\/uploads\/sites\/6\/2019\/03\/G\u00e9n\u00e9tique-fondamentale-et-appliqu\u00e9e.pdf\">G\u00e9n\u00e9tique fondamentale et appliqu\u00e9e<\/a><\/li>\n<\/ul>\n\n\n\n<ul class=\"wp-block-list\">\n<li><a href=\"http:\/\/www.univ-mosta.dz\/fsnv\/wp-content\/uploads\/sites\/6\/2019\/03\/Microbiologie-appliqu\u00e9e.pdf\">Microbiologie appliqu\u00e9e<\/a><\/li>\n<\/ul>\n\n\n\n<ul class=\"wp-block-list\">\n<li><a href=\"http:\/\/www.univ-mosta.dz\/fsnv\/wp-content\/uploads\/sites\/6\/2019\/03\/Microbiologie-Fondamentale.pdf\">Microbiologie Fondamentale<\/a><\/li>\n<\/ul>\n\n\n\n<ul class=\"wp-block-list\">\n<li><a href=\"http:\/\/www.univ-mosta.dz\/fsnv\/wp-content\/uploads\/sites\/6\/2019\/03\/Pharmacotoxicologie.pdf\">Pharmacotoxicologie<\/a><\/li>\n<\/ul>\n\n\n\n<ul>\n<li>Biologie mol\u00e9culaire et cellulaire<\/li>\n<\/ul>\n\n\n\n<p class=\"has-text-align-center has-vivid-purple-background-color has-background\"><strong>Ecologie et Environnement<\/strong><\/p>\n\n\n\n<ul class=\"wp-block-list\">\n<li><a href=\"http:\/\/www.univ-mosta.dz\/fsnv\/wp-content\/uploads\/sites\/6\/2019\/03\/Biodiversit\u00e9-et-environnement.pdf\">Biodiversit\u00e9 et environnement<\/a><\/li>\n<\/ul>\n\n\n\n<p class=\"has-text-align-center has-background\" style=\"background-color:#cae051\"><strong>Biotechnologie<\/strong><\/p>\n\n\n\n<ul class=\"wp-block-list\">\n<li><a href=\"http:\/\/www.univ-mosta.dz\/fsnv\/wp-content\/uploads\/sites\/6\/2019\/03\/Biotechnologie-et-valorisation-des-plantes.pdf\">Biotechnologie et valorisation des plantes<\/a><\/li>\n<\/ul>\n\n\n\n<ul>\n<li>Biotechnologie et sant\u00e9<\/li>\n<\/ul>\n\n\n\n<p class=\"has-text-align-center has-pale-cyan-blue-background-color has-background\"><strong>Hydrobiologie Marine et Continentale<\/strong><\/p>\n\n\n\n<ul class=\"wp-block-list\">\n<li><a href=\"http:\/\/www.univ-mosta.dz\/fsnv\/wp-content\/uploads\/sites\/6\/2019\/03\/Ressources-halieutiques.pdf\">Ressources halieutiques<\/a><\/li>\n<\/ul>\n\n\n\n<ul class=\"wp-block-list\">\n<li><a href=\"http:\/\/www.univ-mosta.dz\/fsnv\/wp-content\/uploads\/sites\/6\/2019\/03\/Bioressources-marines.pdf\">Bio-ressources marines<\/a><\/li>\n<\/ul>\n\n\n\n<p class=\"has-text-align-center has-luminous-vivid-orange-background-color has-background\"><strong>Sciences Alimentaires<\/strong><\/p>\n\n\n\n<ul class=\"wp-block-list\">\n<li><a href=\"http:\/\/www.univ-mosta.dz\/fsnv\/wp-content\/uploads\/sites\/6\/2019\/03\/Nutrition-et-pathologie.pdf\">Nutrition et pathologie<\/a><\/li>\n<\/ul>\n\n\n\n<ul class=\"wp-block-list\">\n<li><a href=\"http:\/\/www.univ-mosta.dz\/fsnv\/wp-content\/uploads\/sites\/6\/2019\/03\/Production-et-transformation-laiti\u00e8re.pdf\">Production et transformation laiti\u00e8re<\/a><\/li>\n<\/ul>\n\n\n\n<ul class=\"wp-block-list\">\n<li><a href=\"http:\/\/www.univ-mosta.dz\/fsnv\/wp-content\/uploads\/sites\/6\/2022\/06\/Master__Agroalimentaire_Controle_Qualite_Harmonisation-1.pdf\">Agroalimentaire et contr\u00f4le de la qualit\u00e9<\/a><\/li>\n<\/ul>\n\n\n\n<ul class=\"wp-block-list\">\n<li><a href=\"http:\/\/www.univ-mosta.dz\/fsnv\/wp-content\/uploads\/sites\/6\/2022\/10\/O62_Master-Qualite-des-produits-et-securite-alimentaire-derniere-version-2022.pdf\">Qualit\u00e9 des produits et S\u00e9curit\u00e9 alimentaire<\/a><\/li>\n<\/ul>\n","protected":false},"excerpt":{"rendered":"<p>Socle Commun Premi\u00e8re Ann\u00e9e&nbsp; Sciences de la nature et de la vie Deuxi\u00e8me ann\u00e9e Sciences biologiques Sciences agronomiques Sciences alimentaires Hydrobiologie marine et continentale Ecologie et environnement Biotechnologie LICENCE Sciences &hellip;<\/p>\n","protected":false},"author":9,"featured_media":0,"parent":0,"menu_order":0,"comment_status":"closed","ping_status":"closed","template":"","meta":{"_coblocks_attr":"","_coblocks_dimensions":"","_coblocks_responsive_height":"","_coblocks_accordion_ie_support":"","footnotes":""},"class_list":["post-27","page","type-page","status-publish","hentry"],"_links":{"self":[{"href":"https:\/\/www.univ-mosta.dz\/fsnv\/wp-json\/wp\/v2\/pages\/27","targetHints":{"allow":["GET"]}}],"collection":[{"href":"https:\/\/www.univ-mosta.dz\/fsnv\/wp-json\/wp\/v2\/pages"}],"about":[{"href":"https:\/\/www.univ-mosta.dz\/fsnv\/wp-json\/wp\/v2\/types\/page"}],"author":[{"embeddable":true,"href":"https:\/\/www.univ-mosta.dz\/fsnv\/wp-json\/wp\/v2\/users\/9"}],"replies":[{"embeddable":true,"href":"https:\/\/www.univ-mosta.dz\/fsnv\/wp-json\/wp\/v2\/comments?post=27"}],"version-history":[{"count":24,"href":"https:\/\/www.univ-mosta.dz\/fsnv\/wp-json\/wp\/v2\/pages\/27\/revisions"}],"predecessor-version":[{"id":7535,"href":"https:\/\/www.univ-mosta.dz\/fsnv\/wp-json\/wp\/v2\/pages\/27\/revisions\/7535"}],"wp:attachment":[{"href":"https:\/\/www.univ-mosta.dz\/fsnv\/wp-json\/wp\/v2\/media?parent=27"}],"curies":[{"name":"wp","href":"https:\/\/api.w.org\/{rel}","templated":true}]}}