{"id":25,"date":"2019-02-20T10:06:26","date_gmt":"2019-02-20T09:06:26","guid":{"rendered":"http:\/\/www.univ-mosta.dz\/fsnv\/?page_id=25"},"modified":"2025-12-08T09:50:04","modified_gmt":"2025-12-08T08:50:04","slug":"mot-du-vice-doyen","status":"publish","type":"page","link":"https:\/\/www.univ-mosta.dz\/fsnv\/mot-du-vice-doyen\/","title":{"rendered":"Vice doyen de la p\u00e9dagogie"},"content":{"rendered":"\n<div class=\"wp-block-columns coblocks-author-columns has-background is-layout-flex wp-container-core-columns-is-layout-61ecc280 wp-block-columns-is-layout-flex\" style=\"background-color:#8C8C971A;padding-top:2.5rem;padding-right:2.5rem;padding-bottom:2.5rem;padding-left:2.5rem\">\n<div class=\"wp-block-column is-layout-flow wp-block-column-is-layout-flow\" style=\"flex-basis:25%\"><\/div>\n\n\n\n<div class=\"wp-block-column is-layout-flow wp-block-column-is-layout-flow\" style=\"flex-basis:75%\">\n<p><strong>Dr. Yahla Imene<\/strong><\/p>\n\n\n\n<p>email : imeneyahla@yahoo.fr<\/p>\n\n\n\n<div class=\"wp-block-buttons is-layout-flex wp-block-buttons-is-layout-flex\">\n<div class=\"wp-block-button\"><a class=\"wp-block-button__link wp-element-button\">curriculum vitae<\/a><\/div>\n<\/div>\n<\/div>\n<\/div>\n\n\n<p><span style=\"font-family: georgia, palatino, serif;color: #000000\">Chers \u00e9tudiants, chers coll\u00e8gues dans le corps enseignant et administratifs soyez les bienvenus<\/span><\/p>\n<p><span style=\"font-family: georgia, palatino, serif;color: #000000\">Bienvenue dans un des mondes fascinants du savoir\u00a0: celui des sciences de la nature et de la vie.<\/span><\/p>\n<p><span style=\"font-family: georgia, palatino, serif;color: #000000\">La Facult\u00e9 des sciences de la nature et de la vie regroupe 3 d\u00e9partements, qui offrent ensemble pr\u00e8s de <span style=\"color: #800000\">33<\/span> programmes et ce, aux trois cycles d\u2019\u00e9tudes. Ces programmes ont en commun de proposer des cheminements adapt\u00e9s, souvent novateurs, branch\u00e9s sur la r\u00e9alit\u00e9 et r\u00e9pondant \u00e0 de nombreux besoins sociaux.<\/span><\/p>\n<p><span style=\"font-family: georgia, palatino, serif;color: #000000\">L\u2019enseignement y est dispens\u00e9 par des professeures, des ma\u00eetres de conf\u00e9rences classe A et B, des charg\u00e9es de cours qui ont \u00e0 c\u0153ur la r\u00e9ussite \u00e9tudiante. Les premiers, par leurs recherches fondamentales ou appliqu\u00e9es, ajoutent de la valeur \u00e0 leur enseignement par de nouveaux savoirs acquis. Les seconds, par leur expertise et leur connaissance des milieux de pratique contribuent \u00e0 la formation des \u00e9tudiantes et des \u00e9tudiants.<\/span><\/p>\n<p><span style=\"font-family: georgia, palatino, serif;color: #000000\">La Facult\u00e9 des sciences de la nature et de la vie c\u2019est aussi des services offerts par le personnel de son d\u00e9canat qui soutient notamment la vie acad\u00e9mique, la gestion des programmes d\u2019\u00e9tudes et promeut la vie \u00e9tudiante, contribuant ainsi \u00e0 la diplomation des \u00e9tudiantes et des \u00e9tudiants.<\/span><\/p>\n<p><span style=\"font-family: georgia, palatino, serif;color: #000000\">Un dipl\u00f4me en sciences de la nature et de la vie ouvre la porte du march\u00e9 du travail. En effet, que ce soit dans les diff\u00e9rents r\u00e9seaux des secteurs publics ainsi que dans les entreprises priv\u00e9es.<\/span><\/p>\n<p><span style=\"font-family: georgia, palatino, serif;color: #000000\">Les \u00e9tudes en sciences de la nature et de la vie c\u2019est s\u2019int\u00e9resser \u00e0 l\u2019acquisition des \u00e9l\u00e9ments essentiels de culture scientifique pour comprendre le fonctionnement du corps humain, le monde vivant, la terre et l\u2019environnement.<\/span><\/p>\n<p><span style=\"font-family: georgia, palatino, serif;color: #000000\">Les \u00e9tudiants observent des ph\u00e9nom\u00e8nes ou des organismes vivants, Ils s\u2019initient \u00e0 la d\u00e9marche scientifique. Ils prennent conscience de l\u2019importance des r\u00e8gles de s\u00e9curit\u00e9, du respect des autres.<\/span><\/p>\n<p><span style=\"font-family: georgia, palatino, serif;color: #000000\">La N\u00e9cessit\u00e9 pour chacun de se sentir responsable face \u00e0 l\u2019environnement et \u00e0 la sant\u00e9<\/span><\/p>\n<p><span style=\"font-family: georgia, palatino, serif;color: #000000\">En terminant, j\u2019en profite pour vous inviter \u00e0 visiter notre site Web ou \u00e0 venir nous voir dans nos locaux.<\/span><\/p>\n<p><span style=\"font-family: georgia, palatino, serif;color: #000000\"><strong>\u00a0 \u00a0 \u00a0 \u00a0 \u00a0 \u00a0 \u00a0 \u00a0 \u00a0 \u00a0 \u00a0 \u00a0 \u00a0 \u00a0 \u00a0 \u00a0 \u00a0 \u00a0 \u00a0 \u00a0 \u00a0 \u00a0 \u00a0 \u00a0 \u00a0 \u00a0 \u00a0 \u00a0 \u00a0 \u00a0 \u00a0 \u00a0 \u00a0 \u00a0 \u00a0 \u00a0 \u00a0 \u00a0 \u00a0 \u00a0 \u00a0 \u00a0 \u00a0 \u00a0 \u00a0 \u00a0 \u00a0 \u00a0 \u00a0 \u00a0 \u00a0 \u00a0 \u00a0 \u00a0 \u00a0 \u00a0 \u00a0 \u00a0 \u00a0 \u00a0\u00a0<\/strong><\/span><\/p>","protected":false},"excerpt":{"rendered":"<p>Dr. Yahla Imene email : imeneyahla@yahoo.fr curriculum vitae Chers \u00e9tudiants, chers coll\u00e8gues dans le corps enseignant et administratifs soyez les bienvenus Bienvenue dans un des mondes fascinants du savoir\u00a0: celui &hellip;<\/p>\n","protected":false},"author":9,"featured_media":0,"parent":0,"menu_order":0,"comment_status":"closed","ping_status":"closed","template":"","meta":{"_coblocks_attr":"","_coblocks_dimensions":"","_coblocks_responsive_height":"","_coblocks_accordion_ie_support":"","footnotes":""},"class_list":["post-25","page","type-page","status-publish","hentry"],"_links":{"self":[{"href":"https:\/\/www.univ-mosta.dz\/fsnv\/wp-json\/wp\/v2\/pages\/25","targetHints":{"allow":["GET"]}}],"collection":[{"href":"https:\/\/www.univ-mosta.dz\/fsnv\/wp-json\/wp\/v2\/pages"}],"about":[{"href":"https:\/\/www.univ-mosta.dz\/fsnv\/wp-json\/wp\/v2\/types\/page"}],"author":[{"embeddable":true,"href":"https:\/\/www.univ-mosta.dz\/fsnv\/wp-json\/wp\/v2\/users\/9"}],"replies":[{"embeddable":true,"href":"https:\/\/www.univ-mosta.dz\/fsnv\/wp-json\/wp\/v2\/comments?post=25"}],"version-history":[{"count":13,"href":"https:\/\/www.univ-mosta.dz\/fsnv\/wp-json\/wp\/v2\/pages\/25\/revisions"}],"predecessor-version":[{"id":7367,"href":"https:\/\/www.univ-mosta.dz\/fsnv\/wp-json\/wp\/v2\/pages\/25\/revisions\/7367"}],"wp:attachment":[{"href":"https:\/\/www.univ-mosta.dz\/fsnv\/wp-json\/wp\/v2\/media?parent=25"}],"curies":[{"name":"wp","href":"https:\/\/api.w.org\/{rel}","templated":true}]}}