{"id":2018,"date":"2021-04-22T14:04:15","date_gmt":"2021-04-22T12:04:15","guid":{"rendered":"https:\/\/www.univ-mosta.dz\/fsnv\/?page_id=2018"},"modified":"2021-10-04T12:06:14","modified_gmt":"2021-10-04T10:06:14","slug":"documents-a-telecharger","status":"publish","type":"page","link":"https:\/\/www.univ-mosta.dz\/fsnv\/documents-a-telecharger\/","title":{"rendered":"Documents \u00e0 t\u00e9l\u00e9charger"},"content":{"rendered":"<ul>\n<li><span style=\"color: #000000\"><a style=\"color: #000000\" href=\"http:\/\/www.univ-mosta.dz\/fsnv\/wp-content\/uploads\/sites\/6\/2021\/04\/carnet-du-doctorant.pdf\">Carnet du doctorant\u00a0<\/a><\/span><\/li>\n<li><span style=\"color: #000000\"><a style=\"color: #000000\" href=\"https:\/\/www.univ-mosta.dz\/fsnv\/documents-dencadrement-de-these-de-doctorat\/documents-dencadrement-de-these-de-doctorat-1\/\" rel=\"attachment wp-att-1509\">Documents d&rsquo;encadrement de th\u00e8se de Doctorat<\/a><\/span><\/li>\n<li><span style=\"color: #000000\"><a style=\"color: #000000\" href=\"https:\/\/www.univ-mosta.dz\/fsnv\/%d8%b4%d9%87%d8%a7%d8%af%d8%a9-%d8%b9%d8%af%d9%85-%d8%a7%d9%84%d8%a7%d9%86%d8%aa%d9%85%d8%a7%d8%a1-%d9%84%d9%85%d8%b4%d8%b1%d9%88%d8%b9-%d8%a8%d8%ad%d8%ab\/%d8%b4%d9%87%d8%a7%d8%af%d8%a9-%d8%b9%d8%af%d9%85-%d8%a7%d9%84%d8%a5%d9%86%d8%aa%d9%85%d8%a7%d8%a1-prfu\/\" rel=\"attachment wp-att-2590\">\u0634\u0647\u0627\u062f\u0629 \u0639\u062f\u0645 \u0627\u0644\u0625\u0646\u062a\u0645\u0627\u0621 PRFU<\/a><\/span><\/li>\n<\/ul>\n","protected":false},"excerpt":{"rendered":"<p>Carnet du doctorant\u00a0 Documents d&rsquo;encadrement de th\u00e8se de Doctorat \u0634\u0647\u0627\u062f\u0629 \u0639\u062f\u0645 \u0627\u0644\u0625\u0646\u062a\u0645\u0627\u0621 PRFU<\/p>\n","protected":false},"author":9,"featured_media":1766,"parent":0,"menu_order":0,"comment_status":"closed","ping_status":"closed","template":"","meta":{"_coblocks_attr":"","_coblocks_dimensions":"","_coblocks_responsive_height":"","_coblocks_accordion_ie_support":"","footnotes":""},"class_list":["post-2018","page","type-page","status-publish","has-post-thumbnail","hentry"],"_links":{"self":[{"href":"https:\/\/www.univ-mosta.dz\/fsnv\/wp-json\/wp\/v2\/pages\/2018","targetHints":{"allow":["GET"]}}],"collection":[{"href":"https:\/\/www.univ-mosta.dz\/fsnv\/wp-json\/wp\/v2\/pages"}],"about":[{"href":"https:\/\/www.univ-mosta.dz\/fsnv\/wp-json\/wp\/v2\/types\/page"}],"author":[{"embeddable":true,"href":"https:\/\/www.univ-mosta.dz\/fsnv\/wp-json\/wp\/v2\/users\/9"}],"replies":[{"embeddable":true,"href":"https:\/\/www.univ-mosta.dz\/fsnv\/wp-json\/wp\/v2\/comments?post=2018"}],"version-history":[{"count":4,"href":"https:\/\/www.univ-mosta.dz\/fsnv\/wp-json\/wp\/v2\/pages\/2018\/revisions"}],"predecessor-version":[{"id":2594,"href":"https:\/\/www.univ-mosta.dz\/fsnv\/wp-json\/wp\/v2\/pages\/2018\/revisions\/2594"}],"wp:featuredmedia":[{"embeddable":true,"href":"https:\/\/www.univ-mosta.dz\/fsnv\/wp-json\/wp\/v2\/media\/1766"}],"wp:attachment":[{"href":"https:\/\/www.univ-mosta.dz\/fsnv\/wp-json\/wp\/v2\/media?parent=2018"}],"curies":[{"name":"wp","href":"https:\/\/api.w.org\/{rel}","templated":true}]}}