{"id":14,"date":"2019-02-20T09:06:17","date_gmt":"2019-02-20T08:06:17","guid":{"rendered":"http:\/\/www.univ-mosta.dz\/fsnv\/?page_id=14"},"modified":"2025-04-14T12:11:23","modified_gmt":"2025-04-14T10:11:23","slug":"secretaire-generale","status":"publish","type":"page","link":"https:\/\/www.univ-mosta.dz\/fsnv\/secretaire-generale\/","title":{"rendered":"Secr\u00e9tariat g\u00e9n\u00e9ral"},"content":{"rendered":"\n<div class=\"wp-block-columns coblocks-author-columns has-black-color has-text-color has-background is-layout-flex wp-container-core-columns-is-layout-61ecc280 wp-block-columns-is-layout-flex\" style=\"background-color:#8C8C971A;padding-top:2.5rem;padding-right:2.5rem;padding-bottom:2.5rem;padding-left:2.5rem\">\n<div class=\"wp-block-column is-layout-flow wp-block-column-is-layout-flow\" style=\"flex-basis:25%\">\n<figure class=\"wp-block-image size-full is-resized is-style-rounded\"><img loading=\"lazy\" decoding=\"async\" width=\"1139\" height=\"2048\" src=\"https:\/\/www.univ-mosta.dz\/fsnv\/wp-content\/uploads\/sites\/6\/2025\/04\/bellar-sg-1.jpg\" alt=\"\" class=\"wp-image-6939\" style=\"width:173px;height:auto\" srcset=\"https:\/\/www.univ-mosta.dz\/fsnv\/wp-content\/uploads\/sites\/6\/2025\/04\/bellar-sg-1.jpg 1139w, https:\/\/www.univ-mosta.dz\/fsnv\/wp-content\/uploads\/sites\/6\/2025\/04\/bellar-sg-1-167x300.jpg 167w, https:\/\/www.univ-mosta.dz\/fsnv\/wp-content\/uploads\/sites\/6\/2025\/04\/bellar-sg-1-570x1024.jpg 570w, https:\/\/www.univ-mosta.dz\/fsnv\/wp-content\/uploads\/sites\/6\/2025\/04\/bellar-sg-1-768x1381.jpg 768w, https:\/\/www.univ-mosta.dz\/fsnv\/wp-content\/uploads\/sites\/6\/2025\/04\/bellar-sg-1-854x1536.jpg 854w\" sizes=\"auto, (max-width: 1139px) 100vw, 1139px\" \/><\/figure>\n<\/div>\n\n\n\n<div class=\"wp-block-column is-layout-flow wp-block-column-is-layout-flow\" style=\"flex-basis:75%\">\n<p class=\"has-black-color has-text-color\"><strong>Mr. BELLAR Brahim<\/strong><\/p>\n\n\n\n<p>Email : brahim.bellar@univ-mosta.dz<\/p>\n\n\n\n<div class=\"wp-block-buttons is-layout-flex wp-block-buttons-is-layout-flex\">\n<div class=\"wp-block-button is-style-3d\"><a class=\"wp-block-button__link wp-element-button\">Curriculum vitae<\/a><\/div>\n<\/div>\n<\/div>\n<\/div>\n","protected":false},"excerpt":{"rendered":"<p>Mr. BELLAR Brahim Email : brahim.bellar@univ-mosta.dz Curriculum vitae<\/p>\n","protected":false},"author":9,"featured_media":0,"parent":0,"menu_order":0,"comment_status":"closed","ping_status":"closed","template":"","meta":{"_coblocks_attr":"","_coblocks_dimensions":"","_coblocks_responsive_height":"","_coblocks_accordion_ie_support":"","footnotes":""},"class_list":["post-14","page","type-page","status-publish","hentry"],"_links":{"self":[{"href":"https:\/\/www.univ-mosta.dz\/fsnv\/wp-json\/wp\/v2\/pages\/14","targetHints":{"allow":["GET"]}}],"collection":[{"href":"https:\/\/www.univ-mosta.dz\/fsnv\/wp-json\/wp\/v2\/pages"}],"about":[{"href":"https:\/\/www.univ-mosta.dz\/fsnv\/wp-json\/wp\/v2\/types\/page"}],"author":[{"embeddable":true,"href":"https:\/\/www.univ-mosta.dz\/fsnv\/wp-json\/wp\/v2\/users\/9"}],"replies":[{"embeddable":true,"href":"https:\/\/www.univ-mosta.dz\/fsnv\/wp-json\/wp\/v2\/comments?post=14"}],"version-history":[{"count":18,"href":"https:\/\/www.univ-mosta.dz\/fsnv\/wp-json\/wp\/v2\/pages\/14\/revisions"}],"predecessor-version":[{"id":6941,"href":"https:\/\/www.univ-mosta.dz\/fsnv\/wp-json\/wp\/v2\/pages\/14\/revisions\/6941"}],"wp:attachment":[{"href":"https:\/\/www.univ-mosta.dz\/fsnv\/wp-json\/wp\/v2\/media?parent=14"}],"curies":[{"name":"wp","href":"https:\/\/api.w.org\/{rel}","templated":true}]}}