{"id":944,"date":"2020-11-21T21:19:11","date_gmt":"2020-11-21T20:19:11","guid":{"rendered":"http:\/\/www.univ-mosta.dz\/fsei\/?page_id=944"},"modified":"2020-11-21T21:19:11","modified_gmt":"2020-11-21T20:19:11","slug":"rapport-sur-letat-davancement-des-travaux-de-these-de-doctorat","status":"publish","type":"page","link":"https:\/\/www.univ-mosta.dz\/fsei\/recherche-et-innovations\/rapport-sur-letat-davancement-des-travaux-de-these-de-doctorat\/","title":{"rendered":"Rapport sur l\u2019\u00e9tat d\u2019avancement des travaux de th\u00e8se de Doctorat"},"content":{"rendered":"<p>Veuillez t\u00e9l\u00e9charger le mod\u00e8le :<\/p>\n<p><a href=\"https:\/\/drive.google.com\/file\/d\/1k6LlfAH3u5R-0GUZ7FSnfMEF2x4DXy01\/view?usp=sharing\">Rapport sur l\u2019\u00e9tat d\u2019avancement des travaux de th\u00e8se de Doctorat<\/a><\/p>\n<p>&nbsp;<\/p>\n","protected":false},"excerpt":{"rendered":"<p>Veuillez t\u00e9l\u00e9charger le mod\u00e8le : Rapport sur l\u2019\u00e9tat d\u2019avancement des travaux de th\u00e8se de Doctorat &nbsp;<\/p>\n","protected":false},"author":16,"featured_media":946,"parent":600,"menu_order":2,"comment_status":"closed","ping_status":"closed","template":"","meta":{"_coblocks_attr":"","_coblocks_dimensions":"","_coblocks_responsive_height":"","_coblocks_accordion_ie_support":"","footnotes":""},"class_list":["post-944","page","type-page","status-publish","has-post-thumbnail","hentry"],"_links":{"self":[{"href":"https:\/\/www.univ-mosta.dz\/fsei\/wp-json\/wp\/v2\/pages\/944","targetHints":{"allow":["GET"]}}],"collection":[{"href":"https:\/\/www.univ-mosta.dz\/fsei\/wp-json\/wp\/v2\/pages"}],"about":[{"href":"https:\/\/www.univ-mosta.dz\/fsei\/wp-json\/wp\/v2\/types\/page"}],"author":[{"embeddable":true,"href":"https:\/\/www.univ-mosta.dz\/fsei\/wp-json\/wp\/v2\/users\/16"}],"replies":[{"embeddable":true,"href":"https:\/\/www.univ-mosta.dz\/fsei\/wp-json\/wp\/v2\/comments?post=944"}],"version-history":[{"count":2,"href":"https:\/\/www.univ-mosta.dz\/fsei\/wp-json\/wp\/v2\/pages\/944\/revisions"}],"predecessor-version":[{"id":947,"href":"https:\/\/www.univ-mosta.dz\/fsei\/wp-json\/wp\/v2\/pages\/944\/revisions\/947"}],"up":[{"embeddable":true,"href":"https:\/\/www.univ-mosta.dz\/fsei\/wp-json\/wp\/v2\/pages\/600"}],"wp:featuredmedia":[{"embeddable":true,"href":"https:\/\/www.univ-mosta.dz\/fsei\/wp-json\/wp\/v2\/media\/946"}],"wp:attachment":[{"href":"https:\/\/www.univ-mosta.dz\/fsei\/wp-json\/wp\/v2\/media?parent=944"}],"curies":[{"name":"wp","href":"https:\/\/api.w.org\/{rel}","templated":true}]}}