{"id":9,"date":"2018-10-25T01:37:32","date_gmt":"2018-10-24T23:37:32","guid":{"rendered":"http:\/\/www.univ-mosta.dz\/fsei\/?page_id=9"},"modified":"2021-11-29T15:36:12","modified_gmt":"2021-11-29T14:36:12","slug":"tcmi","status":"publish","type":"page","link":"https:\/\/www.univ-mosta.dz\/fsei\/tcmi\/","title":{"rendered":"Math\u00e9matiques &#8211; Informatique"},"content":{"rendered":"<p><strong><img loading=\"lazy\" decoding=\"async\" class=\"size-full wp-image-298 aligncenter\" src=\"http:\/\/www.univ-mosta.dz\/fsei\/wp-content\/uploads\/sites\/5\/2018\/12\/matban-1.png\" alt=\"\" width=\"1024\" height=\"229\" srcset=\"https:\/\/www.univ-mosta.dz\/fsei\/wp-content\/uploads\/sites\/5\/2018\/12\/matban-1.png 1024w, https:\/\/www.univ-mosta.dz\/fsei\/wp-content\/uploads\/sites\/5\/2018\/12\/matban-1-300x67.png 300w, https:\/\/www.univ-mosta.dz\/fsei\/wp-content\/uploads\/sites\/5\/2018\/12\/matban-1-768x172.png 768w\" sizes=\"auto, (max-width: 1024px) 100vw, 1024px\" \/><\/strong><\/p>\n<p>&nbsp;<\/p>\n<p><strong>Licence<\/strong><br \/>\nBac + 3<\/p>\n<p>La Licence Math\u00e9matiques a pour objectif de fournir les bases d\u2019une culture math\u00e9matique n\u00e9cessaire \u00e0 une sp\u00e9cialisation ult\u00e9rieure.<\/p>\n<p><strong>Master<\/strong><br \/>\nLicence+2<\/p>\n<p><strong>Mod\u00e9lisation, Contr\u00f4le et Optimisation (MCO)<\/strong><br \/>\n<strong>Analyse Fonctionnelle (AF)<\/strong><\/p>\n<p>La Premi\u00e8re ann\u00e9e propose aux \u00e9tudiants une formation avanc\u00e9e en math\u00e9matiques fondamentales et appliqu\u00e9es.<br \/>\nLa Seconde ann\u00e9e propose une initiation \u00e0 la recherche en math\u00e9matiques fondamentales et appliqu\u00e9es. Le Dipl\u00f4me permet l\u2019acc\u00e8s \u00e0 la formation doctorale et permet \u00e9galement de compl\u00e9ter la formation th\u00e9orique des \u00e9tudiants se destinant \u00e0 l\u2019enseignement secondaire.<\/p>\n<p>&nbsp;<\/p>\n<p><strong><img loading=\"lazy\" decoding=\"async\" class=\"size-full wp-image-295 aligncenter\" src=\"http:\/\/www.univ-mosta.dz\/fsei\/wp-content\/uploads\/sites\/5\/2018\/12\/infoban.png\" alt=\"\" width=\"1024\" height=\"229\" srcset=\"https:\/\/www.univ-mosta.dz\/fsei\/wp-content\/uploads\/sites\/5\/2018\/12\/infoban.png 1024w, https:\/\/www.univ-mosta.dz\/fsei\/wp-content\/uploads\/sites\/5\/2018\/12\/infoban-300x67.png 300w, https:\/\/www.univ-mosta.dz\/fsei\/wp-content\/uploads\/sites\/5\/2018\/12\/infoban-768x172.png 768w\" sizes=\"auto, (max-width: 1024px) 100vw, 1024px\" \/><\/strong><\/p>\n<p>&nbsp;<\/p>\n<p><strong>Licence<\/strong><br \/>\nBac + 3<\/p>\n<p>-Ing\u00e9nierie des Syst\u00e8mes d\u2019Information et du Logiciel<br \/>\n-Syst\u00e8mes Informatiques<\/p>\n<p><strong>Master<\/strong><br \/>\nLicence + 3<\/p>\n<p>-Ing\u00e9nierie des Syst\u00e8mes d\u2019Information<br \/>\n-Syst\u00e8mes d\u2019Information G\u00e9od\u00e9cisionnelle<br \/>\n-R\u00e9seaux et Syst\u00e8mes<\/p>\n<p><strong>Objectifs du parcours<\/strong><\/p>\n<p>Des parcours acad\u00e9miques et professionnalisants d\u00e9di\u00e9s aux m\u00e9tiers des technologies logiciels et de l\u2019architecture des syst\u00e8mes.<\/p>\n<p><strong>Offres de Formation<\/strong><\/p>\n<p>Data Warehouse | Sciences des Grandes Donn\u00e9es | Syst\u00e8mes d\u2019Information G\u00e9ographique | Architectures Distribu\u00e9es | M\u00e9thodes Orient\u00e9es Objet | Technologie Web<\/p>\n","protected":false},"excerpt":{"rendered":"<p>&nbsp; Licence Bac + 3 La Licence Math\u00e9matiques a pour objectif de fournir les bases d\u2019une culture math\u00e9matique n\u00e9cessaire \u00e0 une sp\u00e9cialisation ult\u00e9rieure. Master Licence+2 Mod\u00e9lisation, Contr\u00f4le et Optimisation (MCO) &hellip;<\/p>\n","protected":false},"author":1,"featured_media":0,"parent":0,"menu_order":0,"comment_status":"closed","ping_status":"closed","template":"","meta":{"_coblocks_attr":"","_coblocks_dimensions":"","_coblocks_responsive_height":"","_coblocks_accordion_ie_support":"","footnotes":""},"class_list":["post-9","page","type-page","status-publish","hentry"],"_links":{"self":[{"href":"https:\/\/www.univ-mosta.dz\/fsei\/wp-json\/wp\/v2\/pages\/9","targetHints":{"allow":["GET"]}}],"collection":[{"href":"https:\/\/www.univ-mosta.dz\/fsei\/wp-json\/wp\/v2\/pages"}],"about":[{"href":"https:\/\/www.univ-mosta.dz\/fsei\/wp-json\/wp\/v2\/types\/page"}],"author":[{"embeddable":true,"href":"https:\/\/www.univ-mosta.dz\/fsei\/wp-json\/wp\/v2\/users\/1"}],"replies":[{"embeddable":true,"href":"https:\/\/www.univ-mosta.dz\/fsei\/wp-json\/wp\/v2\/comments?post=9"}],"version-history":[{"count":8,"href":"https:\/\/www.univ-mosta.dz\/fsei\/wp-json\/wp\/v2\/pages\/9\/revisions"}],"predecessor-version":[{"id":1528,"href":"https:\/\/www.univ-mosta.dz\/fsei\/wp-json\/wp\/v2\/pages\/9\/revisions\/1528"}],"wp:attachment":[{"href":"https:\/\/www.univ-mosta.dz\/fsei\/wp-json\/wp\/v2\/media?parent=9"}],"curies":[{"name":"wp","href":"https:\/\/api.w.org\/{rel}","templated":true}]}}