{"id":739,"date":"2020-06-08T22:52:52","date_gmt":"2020-06-08T20:52:52","guid":{"rendered":"http:\/\/www.univ-mosta.dz\/fsei\/?page_id=739"},"modified":"2021-01-25T23:58:08","modified_gmt":"2021-01-25T22:58:08","slug":"revues-scientifiques","status":"publish","type":"page","link":"https:\/\/www.univ-mosta.dz\/fsei\/recherche-et-innovations\/revues-scientifiques\/","title":{"rendered":"Revues Scientifiques"},"content":{"rendered":"<h2>Cat\u00e9gorisation des revues scientifiques<\/h2>\n<h4><span style=\"font-size: 18pt\">\u00a0<\/span><\/h4>\n<h5><\/h5>\n<h5><span style=\"color: #000080\"><strong>Les listes des revues scientifiques de cat\u00e9gorie A et B, ainsi que, les listes des revues pr\u00e9datrices et \u00e9diteurs pr\u00e9dateurs pour :<\/strong><\/span><\/h5>\n<ul>\n<li><span style=\"color: #000080\"><strong>l\u2019\u00e9dition 2020 rentrent en vigueur pour les articles soumis apr\u00e8s le 15 Novembre 2020.<\/strong><\/span><\/li>\n<\/ul>\n<p>&nbsp;<\/p>\n<p><strong>Liste des revues scientifique cat\u00e9gorie A+<\/strong><\/p>\n<ul>\n<li style=\"list-style-type: none\">\n<ul>\n<li><a href=\"https:\/\/www.univ-mosta.dz\/fsei\/?page_id=765&amp;preview=true\">Liste des revues scientifique cat\u00e9gorie A+<\/a> \u00a0\u00a0 <strong>(2019)<\/strong><\/li>\n<\/ul>\n<\/li>\n<\/ul>\n<p><strong>Liste des revues scientifique cat\u00e9gorie A<\/strong><\/p>\n<ul>\n<li style=\"list-style-type: none\">\n<ul>\n<li><a href=\"https:\/\/drive.google.com\/file\/d\/1Yr_u1ovBWnIsULfBD9h641FFu7-wHUaO\/view\">Liste des revues scientifiques de Cat\u00e9gorie A\u00a0 (2020)<\/a><\/li>\n<\/ul>\n<\/li>\n<\/ul>\n<p><strong>Liste des revues scientifique cat\u00e9gorie B<\/strong><\/p>\n<ul>\n<li style=\"list-style-type: none\">\n<ul>\n<li><a href=\"https:\/\/drive.google.com\/file\/d\/1r7RLAvhCNMEt70QGrFcJJgwtUlsdCPLM\/view?usp=sharing\">ABDC<\/a><\/li>\n<li><a href=\"https:\/\/drive.google.com\/file\/d\/1Pkr_oBnhbBixx48QuKYR5di-tAs9y1WC\/view?usp=sharing\">ALLDATABASES<\/a><\/li>\n<li><a href=\"https:\/\/drive.google.com\/file\/d\/1Br4uw9JMHPC5rBhYWl6BqrEvOsxxjnp9\/view?usp=sharing\">De Gruyter<\/a><\/li>\n<li><a href=\"https:\/\/drive.google.com\/file\/d\/1-RDZqeK-E2bw6tLzjrrmPKmnn3dBpiET\/view?usp=sharing\">ERIH PLUS<\/a><\/li>\n<li><a href=\"https:\/\/drive.google.com\/file\/d\/1AjNuExhnMpWgk_DqB2mRFZiO6zNNmt_2\/view?usp=sharing\">Journal quality list<\/a><\/li>\n<li><a href=\"https:\/\/drive.google.com\/file\/d\/1ZOqpnkzNW6iGqmxKbK0Q-loujroXjx3P\/view?usp=sharing\">Liste AERES<\/a><\/li>\n<li><a href=\"https:\/\/drive.google.com\/file\/d\/1tuYI9PlfjFK5ncBdv40ZQIXnW4XeCHxM\/view?usp=sharing\">Liste des revues scientifiques CNRS<\/a><\/li>\n<li><a href=\"https:\/\/drive.google.com\/file\/d\/185tyhHhXXO_KG9nclArqtzJ2blO7iy3Y\/view?usp=sharing\">Liste SCOPUS<\/a><\/li>\n<li><a href=\"https:\/\/drive.google.com\/file\/d\/1LmnP-2Ka8AbE51jtKcTRziYw6XOEgxHF\/view?usp=sharing\">Listes des revues scientifiques Financial Times<\/a><\/li>\n<\/ul>\n<\/li>\n<\/ul>\n<p><strong>Liste des Revues Pr\u00e9datrices, \u00c9diteurs pr\u00e9dateurs 2020<br \/>\n<\/strong><\/p>\n<ul>\n<li style=\"list-style-type: none\">\n<ul>\n<li><a href=\"https:\/\/drive.google.com\/file\/d\/1cr65lMs6-Vjt7pOYQi3GGLf7gPTs-B71\/view\">Liste des revues scientifiques pr\u00e9datrices<\/a><\/li>\n<li><a href=\"https:\/\/drive.google.com\/file\/d\/1bkkGfH-T8Y6D1Td6duK-DTVDeRC9LbB2\/view\">Liste des \u00e9diteurs scientifiques pr\u00e9dateurs<\/a><\/li>\n<\/ul>\n<\/li>\n<\/ul>\n<ul>\n<li style=\"list-style-type: none\"><\/li>\n<\/ul>\n","protected":false},"excerpt":{"rendered":"<p>Cat\u00e9gorisation des revues scientifiques \u00a0 Les listes des revues scientifiques de cat\u00e9gorie A et B, ainsi que, les listes des revues pr\u00e9datrices et \u00e9diteurs pr\u00e9dateurs pour : l\u2019\u00e9dition 2020 rentrent &hellip;<\/p>\n","protected":false},"author":16,"featured_media":0,"parent":600,"menu_order":1,"comment_status":"closed","ping_status":"closed","template":"","meta":{"_coblocks_attr":"","_coblocks_dimensions":"","_coblocks_responsive_height":"","_coblocks_accordion_ie_support":"","footnotes":""},"class_list":["post-739","page","type-page","status-publish","hentry"],"_links":{"self":[{"href":"https:\/\/www.univ-mosta.dz\/fsei\/wp-json\/wp\/v2\/pages\/739","targetHints":{"allow":["GET"]}}],"collection":[{"href":"https:\/\/www.univ-mosta.dz\/fsei\/wp-json\/wp\/v2\/pages"}],"about":[{"href":"https:\/\/www.univ-mosta.dz\/fsei\/wp-json\/wp\/v2\/types\/page"}],"author":[{"embeddable":true,"href":"https:\/\/www.univ-mosta.dz\/fsei\/wp-json\/wp\/v2\/users\/16"}],"replies":[{"embeddable":true,"href":"https:\/\/www.univ-mosta.dz\/fsei\/wp-json\/wp\/v2\/comments?post=739"}],"version-history":[{"count":16,"href":"https:\/\/www.univ-mosta.dz\/fsei\/wp-json\/wp\/v2\/pages\/739\/revisions"}],"predecessor-version":[{"id":1082,"href":"https:\/\/www.univ-mosta.dz\/fsei\/wp-json\/wp\/v2\/pages\/739\/revisions\/1082"}],"up":[{"embeddable":true,"href":"https:\/\/www.univ-mosta.dz\/fsei\/wp-json\/wp\/v2\/pages\/600"}],"wp:attachment":[{"href":"https:\/\/www.univ-mosta.dz\/fsei\/wp-json\/wp\/v2\/media?parent=739"}],"curies":[{"name":"wp","href":"https:\/\/api.w.org\/{rel}","templated":true}]}}