{"id":725,"date":"2020-05-28T20:53:02","date_gmt":"2020-05-28T18:53:02","guid":{"rendered":"http:\/\/www.univ-mosta.dz\/fsei\/?page_id=725"},"modified":"2022-06-02T12:50:23","modified_gmt":"2022-06-02T10:50:23","slug":"les-annexes","status":"publish","type":"page","link":"https:\/\/www.univ-mosta.dz\/fsei\/recherche-et-innovations\/les-annexes\/","title":{"rendered":"Les Annexes"},"content":{"rendered":"<p><strong><span style=\"font-size: 14pt\">Dans cette rubrique vous trouverez les documents Annexes.<\/span> <\/strong><\/p>\n<ul>\n<li><a href=\"http:\/\/www.univ-mosta.dz\/fsei\/wp-content\/uploads\/sites\/5\/2020\/05\/circulaire03-annexe1-Rapport-de-soutenabilit\u00e9-du-directeur-de-la-th\u00e8se-1.docx\"><span style=\"font-size: 14pt\">circulaire03-annexe1 Rapport de soutenabilit\u00e9 du directeur de la th\u00e8se<\/span><\/a><\/li>\n<li><span style=\"font-size: 14pt\"><a href=\"http:\/\/www.univ-mosta.dz\/fsei\/wp-content\/uploads\/sites\/5\/2020\/05\/circulaire03-annexe2-Rapport-sur-la-publication-son-environnement.docx\">circulaire03-annexe2 Rapport sur la publication, son environnement<\/a><\/span><\/li>\n<li><span style=\"font-size: 14pt\"><a href=\"http:\/\/www.univ-mosta.dz\/fsei\/wp-content\/uploads\/sites\/5\/2020\/05\/circulaire03-annexe3-Attestation-d\u2019inscription-r\u00e9guli\u00e8re-en-doctorat-en-sciences.docx\">circulaire03-annexe3 Attestation d\u2019inscription r\u00e9guli\u00e8re en doctorat en sciences<\/a><\/span><\/li>\n<li><span style=\"font-size: 14pt\"><a href=\"http:\/\/www.univ-mosta.dz\/fsei\/wp-content\/uploads\/sites\/5\/2020\/05\/circulaire03-annexe4-Cat\u00e9gorisation-des-revues-scientifiques.docx\">circulaire03-annexe4 Cat\u00e9gorisation des revues scientifiques<\/a><\/span><\/li>\n<li><span style=\"font-size: 14pt\"><a href=\"http:\/\/www.univ-mosta.dz\/fsei\/wp-content\/uploads\/sites\/5\/2020\/05\/circulaire03-annexe5-Formulaire-d\u2019expertise.docx\">circulaire03-annexe5 Formulaire d\u2019expertise<\/a><\/span><\/li>\n<li><span style=\"font-size: 14pt\"><a href=\"http:\/\/www.univ-mosta.dz\/fsei\/wp-content\/uploads\/sites\/5\/2020\/05\/circulaire03-annexe6-Formulaire-de-lev\u00e9e-de-r\u00e9serves-apr\u00e8s-soutenance.docx\">circulaire03-annexe6 Formulaire de lev\u00e9e de r\u00e9serves apr\u00e8s soutenance<\/a><\/span><\/li>\n<\/ul>\n\n\n<ul class=\"wp-block-list\"><li><a href=\"http:\/\/www.univ-mosta.dz\/fsei\/wp-content\/uploads\/sites\/5\/2020\/05\/circulaire03-annexe2-Rapport-sur-la-publication-son-environnement.docx\">circulaire03-annexe2 Rapport sur la publication, son environnement<\/a><\/li><\/ul>\n","protected":false},"excerpt":{"rendered":"<p>Dans cette rubrique vous trouverez les documents Annexes. circulaire03-annexe1 Rapport de soutenabilit\u00e9 du directeur de la th\u00e8se circulaire03-annexe2 Rapport sur la publication, son environnement circulaire03-annexe3 Attestation d\u2019inscription r\u00e9guli\u00e8re en doctorat &hellip;<\/p>\n","protected":false},"author":16,"featured_media":0,"parent":600,"menu_order":0,"comment_status":"closed","ping_status":"closed","template":"","meta":{"_coblocks_attr":"","_coblocks_dimensions":"","_coblocks_responsive_height":"","_coblocks_accordion_ie_support":"","footnotes":""},"class_list":["post-725","page","type-page","status-publish","hentry"],"_links":{"self":[{"href":"https:\/\/www.univ-mosta.dz\/fsei\/wp-json\/wp\/v2\/pages\/725","targetHints":{"allow":["GET"]}}],"collection":[{"href":"https:\/\/www.univ-mosta.dz\/fsei\/wp-json\/wp\/v2\/pages"}],"about":[{"href":"https:\/\/www.univ-mosta.dz\/fsei\/wp-json\/wp\/v2\/types\/page"}],"author":[{"embeddable":true,"href":"https:\/\/www.univ-mosta.dz\/fsei\/wp-json\/wp\/v2\/users\/16"}],"replies":[{"embeddable":true,"href":"https:\/\/www.univ-mosta.dz\/fsei\/wp-json\/wp\/v2\/comments?post=725"}],"version-history":[{"count":3,"href":"https:\/\/www.univ-mosta.dz\/fsei\/wp-json\/wp\/v2\/pages\/725\/revisions"}],"predecessor-version":[{"id":2064,"href":"https:\/\/www.univ-mosta.dz\/fsei\/wp-json\/wp\/v2\/pages\/725\/revisions\/2064"}],"up":[{"embeddable":true,"href":"https:\/\/www.univ-mosta.dz\/fsei\/wp-json\/wp\/v2\/pages\/600"}],"wp:attachment":[{"href":"https:\/\/www.univ-mosta.dz\/fsei\/wp-json\/wp\/v2\/media?parent=725"}],"curies":[{"name":"wp","href":"https:\/\/api.w.org\/{rel}","templated":true}]}}