{"id":67,"date":"2018-11-18T09:37:28","date_gmt":"2018-11-18T08:37:28","guid":{"rendered":"http:\/\/www.univ-mosta.dz\/fsei\/?page_id=67"},"modified":"2018-11-18T09:37:28","modified_gmt":"2018-11-18T08:37:28","slug":"laboratoires","status":"publish","type":"page","link":"https:\/\/www.univ-mosta.dz\/fsei\/laboratoires\/","title":{"rendered":"Laboratoires"},"content":{"rendered":"<div class=\"col-md-12\">\n<div class=\"blog-lg-area-left\">\n<p>Deux laboratoires de recherche r\u00e9solument engag\u00e9s dans une mission d\u2019excellence nourrissent un enseignement sup\u00e9rieur de haut niveau.<\/p>\n<p><strong>SEA2M<\/strong> (Laboratoire de Structure, Elaboration et Application au Mat\u00e9riaux)<br \/>\net <strong>LMPA<\/strong> (Laboratoire de Math\u00e9matiques Pures et Appliqu\u00e9es) sont rattach\u00e9s \u00e0 la Facult\u00e9; le maintien d\u2019une recherche de haute qualit\u00e9 est essentiel au support et \u00e0 l\u2019enrichissement des programmes de formation.<br \/>\nUn troisi\u00e8me laboratoire de recherche en Informatique est en cours de montage.<\/p>\n<p>Les <strong>Activit\u00e9s de Recherche<\/strong> du laboratoire s\u2019articuleront autour des axes et domaines suivants:<br \/>\n1. les bases de donn\u00e9es relationnelles<br \/>\n2. les r\u00e9seaux et protocoles de transfert de donn\u00e9es<br \/>\n3. les analyses statistiques multicrit\u00e8res<br \/>\n4. les syst\u00e8mes d\u2019information g\u00e9ographique<\/p>\n<p>En troisi\u00e8me ann\u00e9e, il est possible de participer \u00e0 des<br \/>\ntravaux de recherche de laboratoires dits d\u2019int\u00e9gration. Ces<br \/>\ntravaux sont r\u00e9alis\u00e9s de mani\u00e8re autonome par l\u2019\u00e9tudiant,<br \/>\nsous la supervision d\u2019un professeur du d\u00e9partement.<\/p>\n<\/div>\n<\/div>\n","protected":false},"excerpt":{"rendered":"<p>Deux laboratoires de recherche r\u00e9solument engag\u00e9s dans une mission d\u2019excellence nourrissent un enseignement sup\u00e9rieur de haut niveau. SEA2M (Laboratoire de Structure, Elaboration et Application au Mat\u00e9riaux) et LMPA (Laboratoire de &hellip;<\/p>\n","protected":false},"author":7,"featured_media":0,"parent":0,"menu_order":0,"comment_status":"closed","ping_status":"closed","template":"","meta":{"_coblocks_attr":"","_coblocks_dimensions":"","_coblocks_responsive_height":"","_coblocks_accordion_ie_support":"","footnotes":""},"class_list":["post-67","page","type-page","status-publish","hentry"],"_links":{"self":[{"href":"https:\/\/www.univ-mosta.dz\/fsei\/wp-json\/wp\/v2\/pages\/67","targetHints":{"allow":["GET"]}}],"collection":[{"href":"https:\/\/www.univ-mosta.dz\/fsei\/wp-json\/wp\/v2\/pages"}],"about":[{"href":"https:\/\/www.univ-mosta.dz\/fsei\/wp-json\/wp\/v2\/types\/page"}],"author":[{"embeddable":true,"href":"https:\/\/www.univ-mosta.dz\/fsei\/wp-json\/wp\/v2\/users\/7"}],"replies":[{"embeddable":true,"href":"https:\/\/www.univ-mosta.dz\/fsei\/wp-json\/wp\/v2\/comments?post=67"}],"version-history":[{"count":1,"href":"https:\/\/www.univ-mosta.dz\/fsei\/wp-json\/wp\/v2\/pages\/67\/revisions"}],"predecessor-version":[{"id":68,"href":"https:\/\/www.univ-mosta.dz\/fsei\/wp-json\/wp\/v2\/pages\/67\/revisions\/68"}],"wp:attachment":[{"href":"https:\/\/www.univ-mosta.dz\/fsei\/wp-json\/wp\/v2\/media?parent=67"}],"curies":[{"name":"wp","href":"https:\/\/api.w.org\/{rel}","templated":true}]}}