{"id":608,"date":"2020-02-11T22:40:40","date_gmt":"2020-02-11T21:40:40","guid":{"rendered":"http:\/\/www.univ-mosta.dz\/fsei\/?page_id=608"},"modified":"2024-06-23T15:01:07","modified_gmt":"2024-06-23T13:01:07","slug":"la-faculte-des-sciences-et-ingenierie-en-quelques-chiffres","status":"publish","type":"page","link":"https:\/\/www.univ-mosta.dz\/fsei\/la-faculte-des-sciences-et-ingenierie-en-quelques-chiffres\/","title":{"rendered":"La facult\u00e9 en quelques chiffres"},"content":{"rendered":"<p id=\"tw-target-text\" class=\"tw-data-text tw-text-large tw-ta\" dir=\"ltr\" data-placeholder=\"Traduction\" aria-label=\"Texte traduit\" data-ved=\"2ahUKEwisgpOP4_GGAxUwc_EDHUQzDvUQ3ewLegQIFRAU\"><span class=\"Y2IQFc\" lang=\"fr\">La facult\u00e9 a \u00e9t\u00e9 cr\u00e9\u00e9 en 2012 en vertu de la d\u00e9cision ex\u00e9cutive n\u00b0 12-77 du 19 Rabi&rsquo; al-Awwal 1433 correspondant au 12 f\u00e9vrier 2012. Il compte aujourd&rsquo;hui plus de 1 500 \u00e9tudiants, qui sont encadr\u00e9s par environ 140 professeurs-chercheurs de tous grades. et sp\u00e9cialisations, en plus de plus de 50 employ\u00e9s et assistants administratifs et techniques .<\/span><\/p>\n<ul>\n<li><strong>plus de 50 personnels administratif<br \/>\n<\/strong><\/li>\n<li><strong>plus de 1400 \u00e9tudiants <\/strong><\/li>\n<li><strong>150 enseignants.<\/strong><\/li>\n<li><strong>doctorants<\/strong><\/li>\n<li><strong>laboratoires de recherche<\/strong><\/li>\n<li><strong>d\u00e9partements de formation<\/strong><\/li>\n<\/ul>\n","protected":false},"excerpt":{"rendered":"<p>La facult\u00e9 a \u00e9t\u00e9 cr\u00e9\u00e9 en 2012 en vertu de la d\u00e9cision ex\u00e9cutive n\u00b0 12-77 du 19 Rabi&rsquo; al-Awwal 1433 correspondant au 12 f\u00e9vrier 2012. Il compte aujourd&rsquo;hui plus de &hellip;<\/p>\n","protected":false},"author":16,"featured_media":0,"parent":0,"menu_order":0,"comment_status":"closed","ping_status":"closed","template":"","meta":{"_coblocks_attr":"","_coblocks_dimensions":"","_coblocks_responsive_height":"","_coblocks_accordion_ie_support":"","footnotes":""},"class_list":["post-608","page","type-page","status-publish","hentry"],"_links":{"self":[{"href":"https:\/\/www.univ-mosta.dz\/fsei\/wp-json\/wp\/v2\/pages\/608","targetHints":{"allow":["GET"]}}],"collection":[{"href":"https:\/\/www.univ-mosta.dz\/fsei\/wp-json\/wp\/v2\/pages"}],"about":[{"href":"https:\/\/www.univ-mosta.dz\/fsei\/wp-json\/wp\/v2\/types\/page"}],"author":[{"embeddable":true,"href":"https:\/\/www.univ-mosta.dz\/fsei\/wp-json\/wp\/v2\/users\/16"}],"replies":[{"embeddable":true,"href":"https:\/\/www.univ-mosta.dz\/fsei\/wp-json\/wp\/v2\/comments?post=608"}],"version-history":[{"count":5,"href":"https:\/\/www.univ-mosta.dz\/fsei\/wp-json\/wp\/v2\/pages\/608\/revisions"}],"predecessor-version":[{"id":3905,"href":"https:\/\/www.univ-mosta.dz\/fsei\/wp-json\/wp\/v2\/pages\/608\/revisions\/3905"}],"wp:attachment":[{"href":"https:\/\/www.univ-mosta.dz\/fsei\/wp-json\/wp\/v2\/media?parent=608"}],"curies":[{"name":"wp","href":"https:\/\/api.w.org\/{rel}","templated":true}]}}