{"id":604,"date":"2020-02-11T22:31:51","date_gmt":"2020-02-11T21:31:51","guid":{"rendered":"http:\/\/www.univ-mosta.dz\/fsei\/?page_id=604"},"modified":"2020-02-11T22:31:51","modified_gmt":"2020-02-11T21:31:51","slug":"presentation-3","status":"publish","type":"page","link":"https:\/\/www.univ-mosta.dz\/fsei\/presentation-3\/","title":{"rendered":"Pr\u00e9sentation"},"content":{"rendered":"<p>Couvrant tous les champs de la connaissance en sciences et ing\u00e9nierie, la facult\u00e9 des Sciences exactes et Informatique s\u2019attache au soutien de la recherche au c\u0153ur des disciplines qu\u2019\u00e0 favoriser les approches pluridisciplinaires pour r\u00e9pondre aux grands enjeux du 21e si\u00e8cle.<\/p>\n","protected":false},"excerpt":{"rendered":"<p>Couvrant tous les champs de la connaissance en sciences et ing\u00e9nierie, la facult\u00e9 des Sciences exactes et Informatique s\u2019attache au soutien de la recherche au c\u0153ur des disciplines qu\u2019\u00e0 favoriser &hellip;<\/p>\n","protected":false},"author":16,"featured_media":0,"parent":0,"menu_order":0,"comment_status":"closed","ping_status":"closed","template":"","meta":{"_coblocks_attr":"","_coblocks_dimensions":"","_coblocks_responsive_height":"","_coblocks_accordion_ie_support":"","footnotes":""},"class_list":["post-604","page","type-page","status-publish","hentry"],"_links":{"self":[{"href":"https:\/\/www.univ-mosta.dz\/fsei\/wp-json\/wp\/v2\/pages\/604","targetHints":{"allow":["GET"]}}],"collection":[{"href":"https:\/\/www.univ-mosta.dz\/fsei\/wp-json\/wp\/v2\/pages"}],"about":[{"href":"https:\/\/www.univ-mosta.dz\/fsei\/wp-json\/wp\/v2\/types\/page"}],"author":[{"embeddable":true,"href":"https:\/\/www.univ-mosta.dz\/fsei\/wp-json\/wp\/v2\/users\/16"}],"replies":[{"embeddable":true,"href":"https:\/\/www.univ-mosta.dz\/fsei\/wp-json\/wp\/v2\/comments?post=604"}],"version-history":[{"count":1,"href":"https:\/\/www.univ-mosta.dz\/fsei\/wp-json\/wp\/v2\/pages\/604\/revisions"}],"predecessor-version":[{"id":605,"href":"https:\/\/www.univ-mosta.dz\/fsei\/wp-json\/wp\/v2\/pages\/604\/revisions\/605"}],"wp:attachment":[{"href":"https:\/\/www.univ-mosta.dz\/fsei\/wp-json\/wp\/v2\/media?parent=604"}],"curies":[{"name":"wp","href":"https:\/\/api.w.org\/{rel}","templated":true}]}}