{"id":578,"date":"2020-02-07T11:46:44","date_gmt":"2020-02-07T10:46:44","guid":{"rendered":"http:\/\/www.univ-mosta.dz\/fsei\/?page_id=578"},"modified":"2025-05-17T23:33:46","modified_gmt":"2025-05-17T21:33:46","slug":"academique","status":"publish","type":"page","link":"https:\/\/www.univ-mosta.dz\/fsei\/academique\/","title":{"rendered":"Le Service de la P\u00e9dagogie"},"content":{"rendered":"\n<p data-start=\"235\" data-end=\"451\">Le <strong data-start=\"238\" data-end=\"265\">Service de la P\u00e9dagogie<\/strong> est un pilier fondamental de l\u2019organisation universitaire. Il veille \u00e0 la <strong data-start=\"340\" data-end=\"415\">bonne planification, gestion et coordination des activit\u00e9s p\u00e9dagogiques<\/strong> tout au long de l\u2019ann\u00e9e acad\u00e9mique.<\/p>\n<h4 data-start=\"453\" data-end=\"484\">Ses missions principales :<\/h4>\n<ul data-start=\"485\" data-end=\"1045\">\n<li data-start=\"485\" data-end=\"561\">\n<p data-start=\"487\" data-end=\"561\"><strong data-start=\"490\" data-end=\"535\">\u00c9laboration et suivi des emplois du temps<\/strong> des cours et des examens.<\/p>\n<\/li>\n<li data-start=\"562\" data-end=\"646\">\n<p data-start=\"564\" data-end=\"646\"><strong data-start=\"568\" data-end=\"596\">Organisation des examens<\/strong> (plannings, salles, surveillants, d\u00e9lib\u00e9rations).<\/p>\n<\/li>\n<li data-start=\"647\" data-end=\"783\">\n<p data-start=\"649\" data-end=\"783\"><strong data-start=\"655\" data-end=\"690\">Suivi p\u00e9dagogique des \u00e9tudiants<\/strong> : gestion des inscriptions p\u00e9dagogiques, contr\u00f4le des cr\u00e9dits, encadrement des r\u00e9clamations.<\/p>\n<\/li>\n<li data-start=\"784\" data-end=\"923\">\n<p data-start=\"786\" data-end=\"923\"><strong data-start=\"792\" data-end=\"819\">Soutien aux enseignants<\/strong> : accompagnement dans la mise en \u0153uvre des programmes, outils p\u00e9dagogiques, et innovations didactiques.<\/p>\n<\/li>\n<li data-start=\"924\" data-end=\"1045\">\n<p data-start=\"926\" data-end=\"1045\"><strong data-start=\"929\" data-end=\"974\">Suivi des parcours et bilans p\u00e9dagogiques<\/strong> : statistiques, rapports de r\u00e9ussite, gestion des retards ou abandons.<\/p>\n<\/li>\n<\/ul>\n<p data-start=\"1047\" data-end=\"1258\">Le service travaille en \u00e9troite collaboration avec les d\u00e9partements, les responsables de fili\u00e8re, les enseignants et les \u00e9tudiants, pour garantir une <strong data-start=\"1197\" data-end=\"1257\">exp\u00e9rience universitaire fluide, \u00e9quitable et structur\u00e9e<\/strong>.<\/p>\n","protected":false},"excerpt":{"rendered":"<p>Le Service de la P\u00e9dagogie est un pilier fondamental de l\u2019organisation universitaire. Il veille \u00e0 la bonne planification, gestion et coordination des activit\u00e9s p\u00e9dagogiques tout au long de l\u2019ann\u00e9e acad\u00e9mique. &hellip;<\/p>\n","protected":false},"author":16,"featured_media":4579,"parent":0,"menu_order":0,"comment_status":"closed","ping_status":"closed","template":"","meta":{"_coblocks_attr":"","_coblocks_dimensions":"","_coblocks_responsive_height":"","_coblocks_accordion_ie_support":"","footnotes":""},"class_list":["post-578","page","type-page","status-publish","has-post-thumbnail","hentry"],"_links":{"self":[{"href":"https:\/\/www.univ-mosta.dz\/fsei\/wp-json\/wp\/v2\/pages\/578","targetHints":{"allow":["GET"]}}],"collection":[{"href":"https:\/\/www.univ-mosta.dz\/fsei\/wp-json\/wp\/v2\/pages"}],"about":[{"href":"https:\/\/www.univ-mosta.dz\/fsei\/wp-json\/wp\/v2\/types\/page"}],"author":[{"embeddable":true,"href":"https:\/\/www.univ-mosta.dz\/fsei\/wp-json\/wp\/v2\/users\/16"}],"replies":[{"embeddable":true,"href":"https:\/\/www.univ-mosta.dz\/fsei\/wp-json\/wp\/v2\/comments?post=578"}],"version-history":[{"count":3,"href":"https:\/\/www.univ-mosta.dz\/fsei\/wp-json\/wp\/v2\/pages\/578\/revisions"}],"predecessor-version":[{"id":4586,"href":"https:\/\/www.univ-mosta.dz\/fsei\/wp-json\/wp\/v2\/pages\/578\/revisions\/4586"}],"wp:featuredmedia":[{"embeddable":true,"href":"https:\/\/www.univ-mosta.dz\/fsei\/wp-json\/wp\/v2\/media\/4579"}],"wp:attachment":[{"href":"https:\/\/www.univ-mosta.dz\/fsei\/wp-json\/wp\/v2\/media?parent=578"}],"curies":[{"name":"wp","href":"https:\/\/api.w.org\/{rel}","templated":true}]}}